{"id":89,"date":"2016-04-27T18:56:57","date_gmt":"2016-04-27T18:56:57","guid":{"rendered":"http:\/\/hovawartzucht.de\/?page_id=89"},"modified":"2023-05-06T17:05:02","modified_gmt":"2023-05-06T17:05:02","slug":"unser-h-wurf","status":"publish","type":"page","link":"https:\/\/hovawartzucht.de\/?page_id=89","title":{"rendered":"H-Wurf"},"content":{"rendered":"<p><strong>Kenzo vom Scheunenweg x Baxy z Hrabovskych staji<\/strong><br \/>\ngeb. 28. September 2014\u00a0 \/\u00a0 Standardzucht\u00a0 \/ 5 R\u00fcden<br \/>\n<a href=\"https:\/\/hovawartzucht.de\/wp-content\/uploads\/2016\/04\/DSC_0063.jpg\"><img loading=\"lazy\" decoding=\"async\" class=\"alignnone wp-image-407\" src=\"https:\/\/hovawartzucht.de\/wp-content\/uploads\/2016\/04\/DSC_0063-261x300.jpg\" alt=\"DSC_0063\" width=\"108\" height=\"122\" \/><\/a><a href=\"https:\/\/hovawartzucht.de\/wp-content\/uploads\/2016\/04\/Alissa_Strand.jpg\">\u00a0 <img loading=\"lazy\" decoding=\"async\" class=\"alignnone wp-image-140\" src=\"https:\/\/hovawartzucht.de\/wp-content\/uploads\/2016\/04\/Alissa_Strand-300x241.jpg\" alt=\"Alissa_Strand\" width=\"153\" height=\"124\" srcset=\"https:\/\/hovawartzucht.de\/wp-content\/uploads\/2016\/04\/Alissa_Strand-300x241.jpg 300w, https:\/\/hovawartzucht.de\/wp-content\/uploads\/2016\/04\/Alissa_Strand-373x300.jpg 373w, https:\/\/hovawartzucht.de\/wp-content\/uploads\/2016\/04\/Alissa_Strand.jpg 576w\" sizes=\"auto, (max-width: 153px) 100vw, 153px\" \/><\/a><\/p>\n<p>Wir stellen Euch hier die <strong>H-M\u00e4nner vom Wildweibchenstein<\/strong> vor:<\/p>\n<hr \/>\n<p><strong>HAAKON<\/strong>, blond,\u00a0NZB, JB, ZTP, HD B1, AU ohne Befund<br \/>\n<span style=\"color: #000000;\"><em>RZV-Deckr\u00fcde der LG Rhein-Main-Saar<\/em><\/span><br \/>\nsehr gut 1, Anw.Dt.JCH, Landes-Jugendsieger 2015 der LG Rhein-Main-Saar<br \/>\nVorz\u00fcglich 2, Res. Anw. Dt.CH (Klubsiegerschau Sinsheim)<em><br \/>\n<\/em><strong><img loading=\"lazy\" decoding=\"async\" class=\"alignnone wp-image-933\" src=\"https:\/\/hovawartzucht.de\/wp-content\/uploads\/2016\/04\/IMG_0407-300x201.jpg\" alt=\"IMG_0407\" width=\"248\" height=\"169\" \/>\u00a0\u00a0<a href=\"https:\/\/hovawartzucht.de\/wp-content\/uploads\/2016\/04\/IMG_0918.jpg\"><img loading=\"lazy\" decoding=\"async\" class=\"alignnone wp-image-922\" src=\"https:\/\/hovawartzucht.de\/wp-content\/uploads\/2016\/04\/IMG_0918-300x199.jpg\" alt=\"IMG_0918\" width=\"251\" height=\"170\" \/><br \/>\n<\/a><a href=\"https:\/\/hovawartzucht.de\/wp-content\/uploads\/2016\/04\/Sch\u00f6nster_Junghund.jpg\"><img loading=\"lazy\" decoding=\"async\" class=\"alignnone wp-image-221\" src=\"https:\/\/hovawartzucht.de\/wp-content\/uploads\/2016\/04\/Sch\u00f6nster_Junghund-300x200.jpg\" alt=\"Sch\u00f6nster_Junghund\" width=\"247\" height=\"168\" \/><\/a>\u00a0\u00a0<img loading=\"lazy\" decoding=\"async\" class=\"alignnone wp-image-941\" src=\"https:\/\/hovawartzucht.de\/wp-content\/uploads\/2016\/04\/IMG_0912-300x208.jpg\" alt=\"IMG_0912\" width=\"244\" height=\"173\" \/><br \/>\nE-Wurf &#8222;von Rickshausen&#8220;, NZB (D)<br \/>\nJ-Wurf &#8222;vom Wiegenstein&#8220;, NZB (AUS)<br \/>\nN-Wurf von der Pallaswiese (D)<br \/>\nB-Wurf Devils inside (D)<br \/>\n<\/strong><\/p>\n<hr \/>\n<p><strong>HARRISON<\/strong>\u00a0R\u00fcde, sm (Export UK)<br \/>\nIn Ausbildung zum Therapiehund<br \/>\n<a href=\"https:\/\/hovawartzucht.de\/wp-content\/uploads\/2016\/04\/IMG_2797.jpg\"><img loading=\"lazy\" decoding=\"async\" class=\"alignnone wp-image-946\" src=\"https:\/\/hovawartzucht.de\/wp-content\/uploads\/2016\/04\/IMG_2797-300x300.jpg\" alt=\"IMG_2797\" width=\"187\" height=\"187\" srcset=\"https:\/\/hovawartzucht.de\/wp-content\/uploads\/2016\/04\/IMG_2797-300x300.jpg 300w, https:\/\/hovawartzucht.de\/wp-content\/uploads\/2016\/04\/IMG_2797-150x150.jpg 150w, https:\/\/hovawartzucht.de\/wp-content\/uploads\/2016\/04\/IMG_2797.jpg 640w\" sizes=\"auto, (max-width: 187px) 100vw, 187px\" \/><\/a>\u00a0\u00a0<a href=\"https:\/\/hovawartzucht.de\/wp-content\/uploads\/2016\/04\/IMG_3013.jpg\"><img loading=\"lazy\" decoding=\"async\" class=\"alignnone wp-image-1004\" src=\"https:\/\/hovawartzucht.de\/wp-content\/uploads\/2016\/04\/IMG_3013-225x300.jpg\" alt=\"IMG_3013\" width=\"139\" height=\"183\" \/><\/a><\/p>\n<hr \/>\n<p><strong>HAVEL<\/strong>, R\u00fcde, sm, NZB, JB, ZTP, HD A1, FPR1, FPR2, FPR3, FH1, FH2.<br \/>\nVorz\u00fcglich 1, Anw.Dt.CH VDH+RZV (Sieger Zwischenklasse CAC Oppenheim 2016), Vorz\u00fcglich 1, Anw. Dt.CH VDH+RZV, Res. CACIB (Ludwigshafen), Vorz\u00fcglich 1, Anw. Dt.CH VDH+RZV (Langensteinbach), V1 CACIB Ludwigshafen<br \/>\nDeutscher Champion RZV\/VDH<br \/>\n<span style=\"color: #000000;\"><em>RZV-Deckr\u00fcde der LG S\u00fcd<\/em><\/span><br \/>\n<a href=\"http:\/\/www.wetzstein-world.de\">Mehr \u00fcber Havel auf seiner Seite<br \/>\n<\/a><a href=\"https:\/\/hovawartzucht.de\/wp-content\/uploads\/2016\/04\/Havel_Wildweibchenstein.jpg\"><img loading=\"lazy\" decoding=\"async\" class=\"alignnone wp-image-211\" src=\"https:\/\/hovawartzucht.de\/wp-content\/uploads\/2016\/04\/Havel_Wildweibchenstein-200x300.jpg\" alt=\"Havel_Wildweibchenstein\" width=\"176\" height=\"259\" \/><\/a>\u00a0\u00a0<img loading=\"lazy\" decoding=\"async\" class=\"alignnone size-medium wp-image-282\" src=\"https:\/\/hovawartzucht.de\/wp-content\/uploads\/2016\/04\/IMG_02212-300x225.jpg\" alt=\"IMG_0221[2]\" width=\"300\" height=\"225\" srcset=\"https:\/\/hovawartzucht.de\/wp-content\/uploads\/2016\/04\/IMG_02212-300x225.jpg 300w, https:\/\/hovawartzucht.de\/wp-content\/uploads\/2016\/04\/IMG_02212-1024x768.jpg 1024w, https:\/\/hovawartzucht.de\/wp-content\/uploads\/2016\/04\/IMG_02212-400x300.jpg 400w\" sizes=\"auto, (max-width: 300px) 100vw, 300px\" \/>\u00a0\u00a0\u00a0<a href=\"https:\/\/hovawartzucht.de\/wp-content\/uploads\/2016\/04\/DSC2582-002.jpg\"><img loading=\"lazy\" decoding=\"async\" class=\"alignnone wp-image-1010\" src=\"https:\/\/hovawartzucht.de\/wp-content\/uploads\/2016\/04\/DSC2582-002-300x200.jpg\" alt=\"_DSC2582 (002)\" width=\"268\" height=\"182\" \/><\/a> <a href=\"https:\/\/hovawartzucht.de\/wp-content\/uploads\/2016\/04\/DSC2607.jpg\"><img loading=\"lazy\" decoding=\"async\" class=\"alignnone wp-image-1011\" src=\"https:\/\/hovawartzucht.de\/wp-content\/uploads\/2016\/04\/DSC2607-300x200.jpg\" alt=\"_DSC2607\" width=\"272\" height=\"186\" \/><\/a><\/p>\n<p><strong>X-Wurf &#8222;Delangiolina&#8220; (Italy)<\/strong><br \/>\n<b>T-Wurf\u00a0 &#8222;Skywatch&#8220; (Fin)<\/b><br \/>\n<b>B-Wurf &#8222;von der schwarzen Prinzessin&#8220;, (D)<br \/>\nB-Wurf &#8222;von Kulamuh&#8220; (D)\u00a0<span style=\"color: #339966;\"><br \/>\n<span style=\"color: #000000;\">A-Wurf &#8222;Anjelsk\u00e0 str\u00e1z&#8220; (Slowakei)<br \/>\n<\/span><\/span><\/b><strong>S-Wurf &#8222;ex Mercator&#8220;<\/strong> <strong>(D)<br \/>\nE-Wurf &#8222;von den Lindenwasen&#8220; (D)<br \/>\n<\/strong><strong>E-Wurf &#8222;van de Haskerazathe&#8220; mit Caidey v.d. Haskerazathe (NL)<\/strong><\/p>\n<hr \/>\n<p><strong>Henri<\/strong>, R\u00fcde, sm, NZB<\/p>\n<p><a href=\"https:\/\/hovawartzucht.de\/wp-content\/uploads\/2016\/04\/IMG_1008.jpg\"><img loading=\"lazy\" decoding=\"async\" class=\"alignnone wp-image-1003\" src=\"https:\/\/hovawartzucht.de\/wp-content\/uploads\/2016\/04\/IMG_1008-185x300.jpg\" alt=\"IMG_1008\" width=\"155\" height=\"218\" \/><\/a><\/p>\n<hr \/>\n<p><strong>Hoss<\/strong>, R\u00fcde, sm, Rettungshundeteam-Pr\u00fcfung, NZB<br \/>\n<a href=\"https:\/\/hovawartzucht.de\/wp-content\/uploads\/2016\/04\/IMG_75531.jpg\"><img loading=\"lazy\" decoding=\"async\" class=\"alignnone size-medium wp-image-1402\" src=\"https:\/\/hovawartzucht.de\/wp-content\/uploads\/2016\/04\/IMG_75531-169x300.jpg\" alt=\"IMG_7553[1]\" width=\"169\" height=\"300\" \/><\/a>\u00a0\u00a0<a href=\"https:\/\/hovawartzucht.de\/wp-content\/uploads\/2016\/04\/IMG_75571.jpg\"><img loading=\"lazy\" decoding=\"async\" class=\"alignnone size-medium wp-image-1400\" src=\"https:\/\/hovawartzucht.de\/wp-content\/uploads\/2016\/04\/IMG_75571-225x300.jpg\" alt=\"IMG_7557[1]\" width=\"225\" height=\"300\" srcset=\"https:\/\/hovawartzucht.de\/wp-content\/uploads\/2016\/04\/IMG_75571-225x300.jpg 225w, https:\/\/hovawartzucht.de\/wp-content\/uploads\/2016\/04\/IMG_75571.jpg 768w\" sizes=\"auto, (max-width: 225px) 100vw, 225px\" \/><\/a>\u00a0<a href=\"https:\/\/hovawartzucht.de\/wp-content\/uploads\/2016\/04\/IMG_75521.jpg\"><img loading=\"lazy\" decoding=\"async\" class=\"alignnone wp-image-1398 size-medium\" src=\"https:\/\/hovawartzucht.de\/wp-content\/uploads\/2016\/04\/IMG_75521-e1505738196653-207x300.jpg\" alt=\"IMG_7552[1]\" width=\"207\" height=\"300\" srcset=\"https:\/\/hovawartzucht.de\/wp-content\/uploads\/2016\/04\/IMG_75521-e1505738196653-207x300.jpg 207w, https:\/\/hovawartzucht.de\/wp-content\/uploads\/2016\/04\/IMG_75521-e1505738196653-708x1024.jpg 708w, https:\/\/hovawartzucht.de\/wp-content\/uploads\/2016\/04\/IMG_75521-e1505738196653.jpg 816w\" sizes=\"auto, (max-width: 207px) 100vw, 207px\" \/><\/a><\/p>\n","protected":false},"excerpt":{"rendered":"<p>Kenzo vom Scheunenweg x Baxy z Hrabovskych staji geb. 28. September 2014\u00a0 \/\u00a0 Standardzucht\u00a0 \/ 5 R\u00fcden \u00a0 Wir stellen Euch hier die H-M\u00e4nner vom Wildweibchenstein vor: HAAKON, blond,\u00a0NZB, JB, ZTP, HD B1, AU ohne Befund RZV-Deckr\u00fcde der LG Rhein-Main-Saar &hellip; <a href=\"https:\/\/hovawartzucht.de\/?page_id=89\">Weiterlesen <span class=\"meta-nav\">&rarr;<\/span><\/a><\/p>\n","protected":false},"author":1,"featured_media":0,"parent":0,"menu_order":0,"comment_status":"closed","ping_status":"closed","template":"sidebar-page.php","meta":{"footnotes":""},"class_list":["post-89","page","type-page","status-publish","hentry"],"_links":{"self":[{"href":"https:\/\/hovawartzucht.de\/index.php?rest_route=\/wp\/v2\/pages\/89","targetHints":{"allow":["GET"]}}],"collection":[{"href":"https:\/\/hovawartzucht.de\/index.php?rest_route=\/wp\/v2\/pages"}],"about":[{"href":"https:\/\/hovawartzucht.de\/index.php?rest_route=\/wp\/v2\/types\/page"}],"author":[{"embeddable":true,"href":"https:\/\/hovawartzucht.de\/index.php?rest_route=\/wp\/v2\/users\/1"}],"replies":[{"embeddable":true,"href":"https:\/\/hovawartzucht.de\/index.php?rest_route=%2Fwp%2Fv2%2Fcomments&post=89"}],"version-history":[{"count":67,"href":"https:\/\/hovawartzucht.de\/index.php?rest_route=\/wp\/v2\/pages\/89\/revisions"}],"predecessor-version":[{"id":6412,"href":"https:\/\/hovawartzucht.de\/index.php?rest_route=\/wp\/v2\/pages\/89\/revisions\/6412"}],"wp:attachment":[{"href":"https:\/\/hovawartzucht.de\/index.php?rest_route=%2Fwp%2Fv2%2Fmedia&parent=89"}],"curies":[{"name":"wp","href":"https:\/\/api.w.org\/{rel}","templated":true}]}}