{"id":881,"date":"2017-01-30T17:18:40","date_gmt":"2017-01-30T17:18:40","guid":{"rendered":"http:\/\/hovawartzucht.de\/?page_id=881"},"modified":"2019-06-23T11:03:51","modified_gmt":"2019-06-23T11:03:51","slug":"wws","status":"publish","type":"page","link":"https:\/\/hovawartzucht.de\/?page_id=881","title":{"rendered":"WWS"},"content":{"rendered":"<p><strong>&#8222;Das Kind&#8220; brauchte einen Namen<\/strong><\/p>\n<p>Die Hovawartzucht begann ich 1997 im hessischen Odenwald. Auf der Suche nach einem\u00a0Zwingername f\u00fcr die kleinen Hovawartchen, gingen uns einige \u00d6rtlichkeiten durch den Kopf:<br \/>\nwir lebten in der <em>Rodensteiner Strasse<\/em>, ich ging meist am <em>Hexenberg<\/em> spazieren.<br \/>\nAm originellsten fanden wir den Namen um eine bestimmte Stelle im Wald:<\/p>\n<p><strong><em>Der Wildweibchenstein<\/em> beim Rodenstein<\/strong><\/p>\n<p>Nicht weit vom Rodenstein, mitten im Walde, liegt der sogenannte Wildeweibchenstein, eine an einem Berghang aus gewaltigen Granitbl\u00f6cken aufget\u00fcrmte Felsenmasse. Auf einem der obersten Steine bemerkt man ein roh eingehauenes Kreuz und in der Mitte geht ein Spalt hinab, welcher den Eingang zu einer H\u00f6hle gebildet haben soll.<br \/>\nIn dieser H\u00f6hle wohnten vor Zeiten zwei <em>wilde Weibchen<\/em>. Das eine derselben war sehr sch\u00f6n, so dass ein J\u00e4ger um seine Liebe warb. Bald schenkte es ihm ein gar holdseliges Kn\u00e4bchen, aber da war \u2013 man wei\u00df, wie so J\u00e4ger sind \u2013 des J\u00e4gers Liebe alle und er k\u00fcmmerte sich lange Jahre nicht mehr um das wilde Weibchen und verga\u00df es endlich ganz.<br \/>\nEines Tages kam er auf der Jagd an den Stein und da er m\u00fcde von der Jagd war, legte er sich darauf nieder, um auszuruhen und lie\u00df ein Bein an dem Felsen herunterhangen. Indem kam das Kn\u00e4bchen daher gesprungen. Er erkannte es nat\u00fcrlich nicht, wollte aber schon sehen, was das Kind da mache, denn er hatte seine Freude an ihm und dachte, wie es dahinkomme und wem es geh\u00f6re. Damit es aber ganz ungest\u00f6rt sei, dr\u00fcckte er seine Augen halb zu, als ob er schliefe. Ein Weilchen drauf kam auch das wilde Weibchen und rief dem Kn\u00e4bchen zu: \u201eKind hebe deinem Vater sein Bein auf!\u201c Da erwachte pl\u00f6tzlich seine alte Liebe von neuem, er sprang auf und dr\u00fcckte das <em>wilde Weibchen<\/em> an sein Herz, blieb ihm auch von da an treu zugetan.<\/p>\n<p><strong><em>Der Name passte zu unserer Branca &#8211; so entschied seinerzeit mein Lebensgef\u00e4hrte: sie war eine lebhafte und spielfreudige H\u00fcndin.<br \/>\nWir verbrachten mit den Besitzern 2 Welpentreffen am &#8222;Wildweibchenstein&#8220;.<br \/>\nAufgrund Umzug wurde die Zucht 2005 in Wertheim am Main bis heute unter demselben Namen fortgef\u00fchrt.<br \/>\nUnd so besteht die Hovawartzucht vom Wildweibchenstein (kurz WWS) seit mehr als 20 Jahren!<\/em><\/strong><\/p>\n<p>(Nein, d<em>er Name ist nicht unser Programm &#8211; auch wenn sich manche dar\u00fcber am\u00fcsieren. B\u00f6sen Zungen&#8230;empfehle ich deshalb, sprechen zu lernen \ud83d\ude42<br \/>\nMeist \u00fcber Dritte erfahren wir von unsere Hovawartzucht sehr gute Kritik &#8211; mit der HD-Rate der Nachzucht liegen wir beispielsweite weit vorne.<br \/>\nBedenke: Nur Ergebnisse der Nachzucht machen schlie\u00dflich eine Zucht aus).<\/p>\n<p>Herzlichst, Eure Anja<br \/>\n<\/em><\/p>\n<p><a href=\"https:\/\/hovawartzucht.de\/wp-content\/uploads\/2017\/08\/IMG_3390.jpg\"><img loading=\"lazy\" decoding=\"async\" class=\"alignnone size-medium wp-image-1332\" src=\"https:\/\/hovawartzucht.de\/wp-content\/uploads\/2017\/08\/IMG_3390-300x225.jpg\" alt=\"IMG_3390\" width=\"300\" height=\"225\" srcset=\"https:\/\/hovawartzucht.de\/wp-content\/uploads\/2017\/08\/IMG_3390-300x225.jpg 300w, https:\/\/hovawartzucht.de\/wp-content\/uploads\/2017\/08\/IMG_3390-1024x768.jpg 1024w, https:\/\/hovawartzucht.de\/wp-content\/uploads\/2017\/08\/IMG_3390-400x300.jpg 400w\" sizes=\"auto, (max-width: 300px) 100vw, 300px\" \/><\/a><\/p>\n","protected":false},"excerpt":{"rendered":"<p>&#8222;Das Kind&#8220; brauchte einen Namen Die Hovawartzucht begann ich 1997 im hessischen Odenwald. Auf der Suche nach einem\u00a0Zwingername f\u00fcr die kleinen Hovawartchen, gingen uns einige \u00d6rtlichkeiten durch den Kopf: wir lebten in der Rodensteiner Strasse, ich ging meist am Hexenberg &hellip; <a href=\"https:\/\/hovawartzucht.de\/?page_id=881\">Weiterlesen <span class=\"meta-nav\">&rarr;<\/span><\/a><\/p>\n","protected":false},"author":1,"featured_media":0,"parent":0,"menu_order":0,"comment_status":"closed","ping_status":"closed","template":"","meta":{"footnotes":""},"class_list":["post-881","page","type-page","status-publish","hentry"],"_links":{"self":[{"href":"https:\/\/hovawartzucht.de\/index.php?rest_route=\/wp\/v2\/pages\/881","targetHints":{"allow":["GET"]}}],"collection":[{"href":"https:\/\/hovawartzucht.de\/index.php?rest_route=\/wp\/v2\/pages"}],"about":[{"href":"https:\/\/hovawartzucht.de\/index.php?rest_route=\/wp\/v2\/types\/page"}],"author":[{"embeddable":true,"href":"https:\/\/hovawartzucht.de\/index.php?rest_route=\/wp\/v2\/users\/1"}],"replies":[{"embeddable":true,"href":"https:\/\/hovawartzucht.de\/index.php?rest_route=%2Fwp%2Fv2%2Fcomments&post=881"}],"version-history":[{"count":12,"href":"https:\/\/hovawartzucht.de\/index.php?rest_route=\/wp\/v2\/pages\/881\/revisions"}],"predecessor-version":[{"id":2578,"href":"https:\/\/hovawartzucht.de\/index.php?rest_route=\/wp\/v2\/pages\/881\/revisions\/2578"}],"wp:attachment":[{"href":"https:\/\/hovawartzucht.de\/index.php?rest_route=%2Fwp%2Fv2%2Fmedia&parent=881"}],"curies":[{"name":"wp","href":"https:\/\/api.w.org\/{rel}","templated":true}]}}