{"id":4455,"date":"2021-04-27T18:15:51","date_gmt":"2021-04-27T18:15:51","guid":{"rendered":"http:\/\/hovawartzucht.de\/?page_id=4455"},"modified":"2023-06-22T21:50:23","modified_gmt":"2023-06-22T21:50:23","slug":"james-wws","status":"publish","type":"page","link":"https:\/\/hovawartzucht.de\/?page_id=4455","title":{"rendered":"JAMES Deckr\u00fcde\/Studdog in Engl\/NL"},"content":{"rendered":"<h5>Deckr\u00fcde in den Niederlanden:<\/h5>\n<h1>JAMES vom Wildweibchenstein<\/h1>\n<p><a href=\"https:\/\/hovawartzucht.de\/wp-content\/uploads\/2022\/04\/IMG-20220417-WA0031.jpg\"><img loading=\"lazy\" decoding=\"async\" class=\" wp-image-5381 alignnone\" src=\"https:\/\/hovawartzucht.de\/wp-content\/uploads\/2022\/04\/IMG-20220417-WA0031-300x169.jpg\" alt=\"\" width=\"735\" height=\"422\" \/><\/a><\/p>\n<p><strong>Geburtstag: <\/strong>7.9.2017<br \/>\n<strong>Ausbildung:<\/strong> Begleithundepr\u00fcfung, Obedience 1<br \/>\n<strong>Zucht:<\/strong> 69 cm, HD-Frei A1, DM N\/N, Lokus D\/D, Schilddr\u00fcse o.B.<br \/>\nNZB (D\/RZV), MAG Test Plus (NL), Zuchttauglichkeitspr\u00fcfung (NL)<br \/>\n<strong>Titel: <\/strong>Junior Champion of the Netherlands, Champion of the Netherlands,<br \/>\nSchweizer-Ausstellungs-Champion, Luxembourg Champion, Belgischer Champion,<br \/>\nInternationaler Sch\u00f6nheitschampion C.I.B.<br \/>\n<strong>Nachkommen:<br \/>\n<\/strong><em>&#8211; 8 Welpen (4 H\u00fc\/4 R\u00fc) mit Olivia Aldeon\/Kennel F\u00e9nyes-K\u00f6vi, Ungarn<br \/>\n<\/em><\/p>\n<p><img loading=\"lazy\" decoding=\"async\" class=\"wp-image-4459 alignnone\" src=\"https:\/\/hovawartzucht.de\/wp-content\/uploads\/2021\/04\/James6-e1619547216870-229x300.jpg\" alt=\"\" width=\"182\" height=\"235\" \/> <img loading=\"lazy\" decoding=\"async\" class=\" wp-image-4458 alignnone\" src=\"https:\/\/hovawartzucht.de\/wp-content\/uploads\/2021\/04\/James7-300x225.jpg\" alt=\"\" width=\"320\" height=\"242\" \/><\/p>\n<p>James ist ein typisch wachsamer Hovawart und als Freund bei seiner Familie in den Niederlanden lebt. Zu seinem Rudel geh\u00f6ren auch der \u00e4ltere Kumpel und Hovawart R\u00fcde Akim, 12 Jahre; James und er sind sozialvertr\u00e4gliche R\u00fcden mit offenem Wesen.<br \/>\nJames hat eine stolze Ausstrahlung und ist ein richtiger Poser. Sein freundlicher Charakter wurde u.a. auf nationalen und internationalen Ausstellungen best\u00e4tigt und seinen Zuchtpr\u00fcfungen best\u00e4tigt.<br \/>\nEr tr\u00e4gt den Titel <strong>Junior Champion<\/strong> <strong>of the Netherlands<\/strong>, <strong>Champion of the Netherlands<\/strong>, <strong>Swiss-Show-Champion, <\/strong><strong>Luxembourg-Champion,<\/strong>\u00a0<strong>Champion of Belgie,<\/strong> <strong>Internationaler Sch\u00f6nheitschampion.<\/strong><\/p>\n<p>In Deutschland absolvierte er 2018 die <strong>Nachzuchtbeurteilung beim RZV <\/strong>zusammen mit seinen Geschwistern aus dem <strong>J-Wurf WWS.<\/strong><\/p>\n<p><img loading=\"lazy\" decoding=\"async\" class=\"wp-image-2761 alignnone\" src=\"https:\/\/hovawartzucht.de\/wp-content\/uploads\/2019\/10\/IMG_8996-300x200.jpg\" alt=\"\" width=\"404\" height=\"273\" \/><br \/>\nIn Belgien erreichte er 2019 auf der <strong>IHF Klubshow <\/strong>mit seinen Halbgeschwistern <em>Imax<\/em> und <em>Klassik<\/em> den <strong>1. Platz im Zuchtgruppenwettbewerb &#8222;vom Wildweibchenstein&#8220;<\/strong>; James rechts. Die <strong>beste Zuchtgruppe<\/strong> von 10 vorgestellten Zuchtgruppen auf der IHF Klubshow in Belgium, Richter: Tapio Eerola.<br \/>\nAus drei W\u00fcrfen jeweils ein Nachzuchthund unserer <strong>Gatia<\/strong> &#8211; ein tolles Ergebnis!<\/p>\n<p><strong>James<\/strong> liebt den <em>Hundesport<\/em> und geniesst t\u00e4gliches Training in <strong>Agility, IPO, Hoopers<\/strong> und <strong>Obedience<\/strong>. Ein Familienerbe ist seine wunderbar ausgepr\u00e4gte Nase, die er sehr gut in der F\u00e4hrte einsetzt. James hat die <strong>Begleithundepr\u00fcfung<\/strong> und die <strong>Obedience 1 <\/strong>mit Erfolg bestanden.<\/p>\n<hr \/>\n<p><img loading=\"lazy\" decoding=\"async\" class=\"wp-image-4465 alignnone\" src=\"https:\/\/hovawartzucht.de\/wp-content\/uploads\/2021\/04\/James1-e1619547146981-300x247.jpg\" alt=\"\" width=\"330\" height=\"274\" \/>\u00a0 <a href=\"https:\/\/hovawartzucht.de\/wp-content\/uploads\/2016\/04\/IMG-20180908-WA00191.jpg\"><img loading=\"lazy\" decoding=\"async\" class=\"size-medium wp-image-1787 alignnone\" src=\"https:\/\/hovawartzucht.de\/wp-content\/uploads\/2016\/04\/IMG-20180908-WA00191-300x300.jpg\" alt=\"\" width=\"300\" height=\"300\" srcset=\"https:\/\/hovawartzucht.de\/wp-content\/uploads\/2016\/04\/IMG-20180908-WA00191-300x300.jpg 300w, https:\/\/hovawartzucht.de\/wp-content\/uploads\/2016\/04\/IMG-20180908-WA00191-150x150.jpg 150w, https:\/\/hovawartzucht.de\/wp-content\/uploads\/2016\/04\/IMG-20180908-WA00191.jpg 900w\" sizes=\"auto, (max-width: 300px) 100vw, 300px\" \/><\/a><\/p>\n<p>James is a real Hovawart. He is very watchful and for sure a real friend who loves to keep its company. He loves to work and that\u2019s why he has training almost every day. James does agility, IPO, hoppers and obedience. With his beautiful dog nose he is very good at detection.<br \/>\nJames is <strong>Junior Champion<\/strong> <strong>of the Netherlands, Champion of the Netherlands <\/strong>and <strong>Swiss Show Champion, Luxembourg Champion <\/strong>and <strong>Internationaler Sch\u00f6nheitschampion.<br \/>\n<\/strong>(Titles see below)<\/p>\n<hr \/>\n<p><img loading=\"lazy\" decoding=\"async\" class=\" wp-image-4456 alignnone\" src=\"https:\/\/hovawartzucht.de\/wp-content\/uploads\/2021\/04\/James9-300x225.jpg\" alt=\"\" width=\"337\" height=\"256\" \/> <img loading=\"lazy\" decoding=\"async\" class=\" wp-image-4461 alignnone\" src=\"https:\/\/hovawartzucht.de\/wp-content\/uploads\/2021\/04\/James4-e1619549063201-194x300.jpg\" alt=\"\" width=\"164\" height=\"248\" \/><br \/>\nJames is een echte Hovawart. Hij is erg waaks en een zekere compagnon die je graag gezelschap houdt. Hij houdt er veel van werken en is daarom bijna elke dag aan het trainen. Zo is James doordeweeks te vinden op agility, IPO, hoppers en obedience. Met zijn prachtige hondenneus is hij erg goed in detectie. Ook doet James het erg goed bij shows. Momenteel is hij <strong>Junior-Kampioen van Nederland<\/strong>, <strong>Kampioen van Nederland, <\/strong><strong>Ausstellungs Kampioen van Swiss, Kampioen van Luxembourg <\/strong>and <strong>CIB<\/strong><\/p>\n<hr \/>\n<p><strong><a href=\"https:\/\/hovawartzucht.de\/wp-content\/uploads\/2021\/12\/James-NL-youth-champion-scaled.jpg\"><img loading=\"lazy\" decoding=\"async\" class=\" wp-image-5136 alignnone\" src=\"https:\/\/hovawartzucht.de\/wp-content\/uploads\/2021\/12\/James-NL-youth-champion-212x300.jpg\" alt=\"\" width=\"255\" height=\"355\" \/><\/a> <a href=\"https:\/\/hovawartzucht.de\/wp-content\/uploads\/2021\/12\/James-NL-champion-1-scaled.jpg\"><img loading=\"lazy\" decoding=\"async\" class=\" wp-image-5137 alignnone\" src=\"https:\/\/hovawartzucht.de\/wp-content\/uploads\/2021\/12\/James-NL-champion-1-212x300.jpg\" alt=\"\" width=\"253\" height=\"352\" \/><\/a> <a href=\"https:\/\/hovawartzucht.de\/wp-content\/uploads\/2021\/12\/James-CH-champion-scaled.jpg\"><img loading=\"lazy\" decoding=\"async\" class=\" wp-image-5138 alignnone\" src=\"https:\/\/hovawartzucht.de\/wp-content\/uploads\/2021\/12\/James-CH-champion-212x300.jpg\" alt=\"\" width=\"256\" height=\"357\" \/><\/a><\/strong><\/p>\n<p><a href=\"https:\/\/hovawartzucht.de\/wp-content\/uploads\/2022\/04\/IMG-20220427-WA0027.jpg\"><img loading=\"lazy\" decoding=\"async\" class=\" wp-image-5451 alignnone\" src=\"https:\/\/hovawartzucht.de\/wp-content\/uploads\/2022\/04\/IMG-20220427-WA0027-300x250.jpg\" alt=\"\" width=\"364\" height=\"306\" \/><\/a><\/p>\n","protected":false},"excerpt":{"rendered":"<p>Deckr\u00fcde in den Niederlanden: JAMES vom Wildweibchenstein Geburtstag: 7.9.2017 Ausbildung: Begleithundepr\u00fcfung, Obedience 1 Zucht: 69 cm, HD-Frei A1, DM N\/N, Lokus D\/D, Schilddr\u00fcse o.B. NZB (D\/RZV), MAG Test Plus (NL), Zuchttauglichkeitspr\u00fcfung (NL) Titel: Junior Champion of the Netherlands, Champion of &hellip; <a href=\"https:\/\/hovawartzucht.de\/?page_id=4455\">Weiterlesen <span class=\"meta-nav\">&rarr;<\/span><\/a><\/p>\n","protected":false},"author":1,"featured_media":5381,"parent":0,"menu_order":0,"comment_status":"closed","ping_status":"closed","template":"","meta":{"footnotes":""},"class_list":["post-4455","page","type-page","status-publish","has-post-thumbnail","hentry"],"_links":{"self":[{"href":"https:\/\/hovawartzucht.de\/index.php?rest_route=\/wp\/v2\/pages\/4455","targetHints":{"allow":["GET"]}}],"collection":[{"href":"https:\/\/hovawartzucht.de\/index.php?rest_route=\/wp\/v2\/pages"}],"about":[{"href":"https:\/\/hovawartzucht.de\/index.php?rest_route=\/wp\/v2\/types\/page"}],"author":[{"embeddable":true,"href":"https:\/\/hovawartzucht.de\/index.php?rest_route=\/wp\/v2\/users\/1"}],"replies":[{"embeddable":true,"href":"https:\/\/hovawartzucht.de\/index.php?rest_route=%2Fwp%2Fv2%2Fcomments&post=4455"}],"version-history":[{"count":85,"href":"https:\/\/hovawartzucht.de\/index.php?rest_route=\/wp\/v2\/pages\/4455\/revisions"}],"predecessor-version":[{"id":4474,"href":"https:\/\/hovawartzucht.de\/index.php?rest_route=\/wp\/v2\/pages\/4455\/revisions\/4474"}],"wp:featuredmedia":[{"embeddable":true,"href":"https:\/\/hovawartzucht.de\/index.php?rest_route=\/wp\/v2\/media\/5381"}],"wp:attachment":[{"href":"https:\/\/hovawartzucht.de\/index.php?rest_route=%2Fwp%2Fv2%2Fmedia&parent=4455"}],"curies":[{"name":"wp","href":"https:\/\/api.w.org\/{rel}","templated":true}]}}