{"id":431,"date":"2016-07-09T17:53:35","date_gmt":"2016-07-09T17:53:35","guid":{"rendered":"http:\/\/hovawartzucht.de\/?page_id=431"},"modified":"2016-09-20T08:35:19","modified_gmt":"2016-09-20T08:35:19","slug":"b-wurf","status":"publish","type":"page","link":"https:\/\/hovawartzucht.de\/?page_id=431","title":{"rendered":"B-Wurf"},"content":{"rendered":"<p><strong>Enno vom Vorholz, <\/strong>blond<strong> x Branca von der Goldkutte,<\/strong> sm<strong><br \/>\n<\/strong>geb. 18. Juni 1999\u00a0 \/\u00a0 Leistungszucht\u00a0 \/\u00a0 3 H\u00fc, 3 R\u00fc<strong><br \/>\n<\/strong><\/p>\n<p><strong>Baccara<\/strong>, H\u00fc, blond<\/p>\n<p><strong>Bella Branca<\/strong>, H\u00fc, sm<\/p>\n<p><strong>Bl\u00fcmchen<\/strong>, H\u00fc, blond<\/p>\n<p><strong>Belmondo<\/strong>, R\u00fc, sm<br \/>\nBH, JB, ZTP<\/p>\n<p><strong>Bond 007<\/strong>, R\u00fc, sm<br \/>\nBH, FH 1, FH 2,<\/p>\n<p><strong>Braxas<\/strong>, R\u00fc, sm<\/p>\n","protected":false},"excerpt":{"rendered":"<p>Enno vom Vorholz, blond x Branca von der Goldkutte, sm geb. 18. Juni 1999\u00a0 \/\u00a0 Leistungszucht\u00a0 \/\u00a0 3 H\u00fc, 3 R\u00fc Baccara, H\u00fc, blond Bella Branca, H\u00fc, sm Bl\u00fcmchen, H\u00fc, blond Belmondo, R\u00fc, sm BH, JB, ZTP Bond 007, R\u00fc, &hellip; <a href=\"https:\/\/hovawartzucht.de\/?page_id=431\">Weiterlesen <span class=\"meta-nav\">&rarr;<\/span><\/a><\/p>\n","protected":false},"author":1,"featured_media":0,"parent":0,"menu_order":0,"comment_status":"closed","ping_status":"closed","template":"","meta":{"footnotes":""},"class_list":["post-431","page","type-page","status-publish","hentry"],"_links":{"self":[{"href":"https:\/\/hovawartzucht.de\/index.php?rest_route=\/wp\/v2\/pages\/431","targetHints":{"allow":["GET"]}}],"collection":[{"href":"https:\/\/hovawartzucht.de\/index.php?rest_route=\/wp\/v2\/pages"}],"about":[{"href":"https:\/\/hovawartzucht.de\/index.php?rest_route=\/wp\/v2\/types\/page"}],"author":[{"embeddable":true,"href":"https:\/\/hovawartzucht.de\/index.php?rest_route=\/wp\/v2\/users\/1"}],"replies":[{"embeddable":true,"href":"https:\/\/hovawartzucht.de\/index.php?rest_route=%2Fwp%2Fv2%2Fcomments&post=431"}],"version-history":[{"count":5,"href":"https:\/\/hovawartzucht.de\/index.php?rest_route=\/wp\/v2\/pages\/431\/revisions"}],"predecessor-version":[{"id":655,"href":"https:\/\/hovawartzucht.de\/index.php?rest_route=\/wp\/v2\/pages\/431\/revisions\/655"}],"wp:attachment":[{"href":"https:\/\/hovawartzucht.de\/index.php?rest_route=%2Fwp%2Fv2%2Fmedia&parent=431"}],"curies":[{"name":"wp","href":"https:\/\/api.w.org\/{rel}","templated":true}]}}