{"id":43,"date":"2016-04-27T17:41:49","date_gmt":"2016-04-27T17:41:49","guid":{"rendered":"http:\/\/hovawartzucht.de\/?page_id=43"},"modified":"2025-11-20T21:12:06","modified_gmt":"2025-11-20T21:12:06","slug":"philosophie","status":"publish","type":"page","link":"https:\/\/hovawartzucht.de\/?page_id=43","title":{"rendered":"Philosophie"},"content":{"rendered":"<p>Unsere Zuchtziele definiere ich gerne so:<\/p>\n<blockquote><p><em><strong>Leistungsbereite, wesensfeste sowie dem Rassestandard nahe Hovawarte <\/strong><\/em><em><strong>zu z\u00fcchten, ist f\u00fcr uns eine Herzensangelegenheit.<\/strong><\/em><\/p><\/blockquote>\n<p>Durch zahlreiche Erfolge im Hundesport kam ich mit meiner ersten Hovawarth\u00fcndin Branca zur <em>Zucht<\/em>. Unser Umfeld auf dem Land bieten beste M\u00f6glichkeiten.<br \/>\nAuch wenn wir h\u00f6chstens 1 Wurf im Jahr aufziehen, stehe ich voll und ganz hinter der Aufgabe. Es ist inzwischen viel mehr als ein Hobby.<br \/>\nKenntnisse \u00fcber die Rasse Hovawart, Besuch von Schulungen, regelm\u00e4\u00dfige Trainings auf dem Hundeplatz in Unterordnung, F\u00e4hrte und Schutzdienst, Besuch von Ausstellungen und der Bereitschaft, sich auch in verhaltensbiologischen Bereich auf dem Laufenden zu halten, sind meine pers\u00f6nlichen Anforderungen. L\u00e4ngst ist daraus Leidenschaft geworden.<\/p>\n<blockquote><p><strong><em>Mir geht das Herz auf, ich vergesse die Welt um mich herum, wenn ich unsere Welpen beobachte, h\u00f6re, rieche und sp\u00fcre.<\/em><\/strong><\/p><\/blockquote>\n<p><span style=\"font-family: 'Helvetica Neue', Helvetica, Arial, 'Nimbus Sans L', sans-serif; font-style: normal;\">Das Ergebnis sorgf\u00e4ltiger Planung mit unseren Zuchtwarten, das Beobachten unserer H\u00fcndin, das Warten und dann die Geburt. <\/span>Immer wieder ein wunderbares Erlebnis!<\/p>\n<p><a href=\"https:\/\/hovawartzucht.de\/wp-content\/uploads\/2016\/04\/DSC_0937.jpg\"><img loading=\"lazy\" decoding=\"async\" class=\"alignnone wp-image-503 size-large\" src=\"https:\/\/hovawartzucht.de\/wp-content\/uploads\/2016\/04\/DSC_0937-1024x585.jpg\" alt=\"?\" width=\"584\" height=\"334\" srcset=\"https:\/\/hovawartzucht.de\/wp-content\/uploads\/2016\/04\/DSC_0937-1024x585.jpg 1024w, https:\/\/hovawartzucht.de\/wp-content\/uploads\/2016\/04\/DSC_0937-300x171.jpg 300w, https:\/\/hovawartzucht.de\/wp-content\/uploads\/2016\/04\/DSC_0937-500x285.jpg 500w\" sizes=\"auto, (max-width: 584px) 100vw, 584px\" \/><\/a><br \/>\n<em>Hier im Bild der\u00a0<strong>F-Wurf<\/strong> unserer Alissa: 5 Welpen waren sehr angenehm und \u00fcbersichtlich sowie pflegeleicht f\u00fcr ihre Mutter.<\/em><\/p>\n<h1><strong>Die Kinderstube<\/strong><\/h1>\n<p>Unser G\u00e4stezimmer ist das erste zuhause der kleinen Hovawarte. Eben ein Raum f\u00fcr gern gesehene G\u00e4ste! Im Alter von etwa 4 Wochen wird es dort zu lustig und deshalb darf die Mannschaft dann in ihr eigenes Terrain, ihr Raum mit Auslauf ziehen und auf <em>verschiedenen Untergr\u00fcnden<\/em> diesen mit zunehmendem Interesse mehr und mehr erobern.<br \/>\n<strong>Zeit, Raum, Platz, Ger\u00e4usche<\/strong> und viel <b>Aufmerksamkeit <\/b>bekommen sie von uns und unseren zahlreichen <strong>Besuchern<\/strong>.<br \/>\nWir bereiten die Welpen in fortschreitendem Alter mit <strong>Ausfl\u00fcgen<\/strong> und <b>Autofahrt <\/b>sowie <strong>Badem\u00f6glichkeiten<\/strong> auf ihr zuk\u00fcnftiges Leben vor. Auch besucht uns regelm\u00e4\u00dfig der heimische <strong>Kindergarten<\/strong>.<\/p>\n<h4>Unsere Welpen &#8211; Euer neues Familienmitglied<\/h4>\n<p>Unsere Welpen verlassen das Haus ab einem Alter von minimum 8 Wochen.<strong><br \/>\n<a href=\"https:\/\/hovawartzucht.de\/wp-content\/uploads\/2016\/04\/DSC_1066.jpg\"><img loading=\"lazy\" decoding=\"async\" class=\"wp-image-506 alignnone\" src=\"https:\/\/hovawartzucht.de\/wp-content\/uploads\/2016\/04\/DSC_1066-300x199.jpg\" alt=\"DSC_1066\" width=\"315\" height=\"213\" \/><\/a><a href=\"https:\/\/hovawartzucht.de\/wp-content\/uploads\/2016\/04\/DSC_04121.jpg\"><img loading=\"lazy\" decoding=\"async\" class=\"alignnone wp-image-501 \" src=\"https:\/\/hovawartzucht.de\/wp-content\/uploads\/2016\/04\/DSC_04121-231x300.jpg\" alt=\"????????????????????????????????????\" width=\"164\" height=\"210\" \/><\/a><\/strong><\/p>\n<h4><strong>Welcher Welpe zieht wohin?<\/strong><\/h4>\n<p>Meine N\u00e4he, die Besch\u00e4ftigung und Beobachtung des Wurfes, offenbaren Wesensz\u00fcge der Welpen. Umso \u00e4lter diese werden, desto individueller zeigen sie sich.<br \/>\nEine favourisierte Farbe ist dabei nicht unbedingt zielf\u00fchrend. Um den Vorstellungen und Zielen der neuen Besitzer gerecht zu werden, versuchen wir daher, so sp\u00e4t als m\u00f6glich die Welpen Ihren Familien zuzuordnen.<\/p>\n<blockquote><p><strong><em>Das Heranwachsen der Welpen, die Liebe, die F\u00fcrsorge und die Zuwendung f\u00fcr Mutter und die Hundekinder, gibt mir dabei am allermeisten!<\/em><\/strong><\/p><\/blockquote>\n<p>Doch das ist die Zucht nicht alleine:<br \/>\nBeratung, Rede und Antwort auch bei internationalen Anfragen stehen, Kontakte und Homepage pflegen, Tierarztbetreuung, Besuch der Zuchtwarte planen, Besucher empfangen und zuletzt die Abgabe der kleinen Gesch\u00f6pfe planen und vorbereiten sind sehr zeitintensiv. Ganz abgesehen von der Betreuung und Gesunderhaltung der Mutter, dem wichtigsten Aspekt in meinen Augen, von Anfang bis zur Abgabe ihrer Kinder und dar\u00fcber hinaus, der Zeit danach.<\/p>\n<p><strong>Der letzte Welpe<\/strong><\/p>\n<p>Hin- und wieder erreichen uns Fragen, weshalb dieser der sog. &#8222;Letzte&#8220; sei.<br \/>\nEinen letzten Welpen gibt es bei uns nicht. Ich betrachte jeden Welpen als <em>Individuum<\/em> und jeder wird fr\u00fcher oder sp\u00e4ter zu genau seinen Menschen finden.<\/p>\n<h4><strong>Im Handgep\u00e4ck<\/strong><\/h4>\n<p>Im Gep\u00e4ck eines jeden Welpen befindet sich die personalisierte <strong>Ahnentafel des VDH\/RZV<\/strong>, der <strong>Heimtierausweis<\/strong> mit Impf- sowie Entwurmungsinformationen und dar\u00fcber hinaus\u00a0viele gut gemeinte Ratschl\u00e4ge in Theorie und auch niedergeschrieben.<br \/>\nDie Welpen sind bis dahin 3x von ausgebildeten Zuchtwarten unseres Vereins begutachtet worden. Der Wurf besucht im Alter von etwa 7,5 Wochen unseren betreuenden Tierarzt. Eine gute \u00dcbung zum Autofahren und des ersten Praxisbesuchs. Jedoch auch eine logistische Herausforderung &#8211; f\u00fcr alle. Manchmal ist es daher einfacher, schneller und unkomplizierter,\u00a0den Arzt zu uns kommen zu lassen.<br \/>\nJeder einzelne Welpe\u00a0bekommt\u00a0eine\u00a0<strong>allgemeine Untersuchung, <\/strong>wird geimpft und gechippt als auch gehen Blutproben der Welpen an die vereinseigene Blutdatenbank nach Kassel.<br \/>\nKurz vor der Abgabe ins neue zuhause\u00a0folgt der\u00a0dritte Besuch unserer Zuchtwarte und ein <strong>Welpenwesenstest<\/strong>\u00a0wird durchgef\u00fchrt. Diese Beurteilung geh\u00f6rt zum jeweiligen Hund und zeigt eine\u00a0Momentaufnahme in diversen, ihm unbekannten Situationen.<br \/>\nDie Aufz\u00e4hlung klingt vielleicht pragmatisch und ist l\u00e4ngst nicht allumfassend.<\/p>\n<blockquote><p><strong>F\u00fcr einen guten Start ins Leben geht nichts \u00fcber die Pr\u00e4gung in Haus, Hof und Familie<\/strong><\/p><\/blockquote>\n<h4><strong>Sehen wir uns dann noch?<\/strong><\/h4>\n<p>Meist im Folgejahr planen wir ein <strong>Welpentreffen<\/strong> in lockerer Atmosph\u00e4re mit den Welpen und Ihren Familien. Sehr gerne gesehen ist hierzu auch die \u00e4ltere Nachzucht eingeladen zu kommen. Ab dem Alter von <strong>12 Monaten\u00a0<\/strong>steht das R\u00f6ntgen auf <strong>H\u00fcftgelenkdysplasie<\/strong> (HD) an. (N\u00e4heres \u00fcber die Inhalte einer Nachzuchtbeurteilung sowie \u00fcbers R\u00f6ntgen in Absprache mit uns).<\/p>\n<blockquote><p><em><strong>Wir wollen ein Hundeleben lang Ansprechpartner sein. Sicher k\u00f6nnen wir nicht jede Frage beantworten. Wir versuchen es aber!<br \/>\n<\/strong><\/em><\/p><\/blockquote>\n<p>In diesem Sinne freuen wir uns auf einen Kontakt auf Lebenszeit. Das Team WWS<\/p>\n","protected":false},"excerpt":{"rendered":"<p>Unsere Zuchtziele definiere ich gerne so: Leistungsbereite, wesensfeste sowie dem Rassestandard nahe Hovawarte zu z\u00fcchten, ist f\u00fcr uns eine Herzensangelegenheit. Durch zahlreiche Erfolge im Hundesport kam ich mit meiner ersten Hovawarth\u00fcndin Branca zur Zucht. Unser Umfeld auf dem Land bieten &hellip; <a href=\"https:\/\/hovawartzucht.de\/?page_id=43\">Weiterlesen <span class=\"meta-nav\">&rarr;<\/span><\/a><\/p>\n","protected":false},"author":1,"featured_media":0,"parent":0,"menu_order":0,"comment_status":"closed","ping_status":"closed","template":"sidebar-page.php","meta":{"footnotes":""},"class_list":["post-43","page","type-page","status-publish","hentry"],"_links":{"self":[{"href":"https:\/\/hovawartzucht.de\/index.php?rest_route=\/wp\/v2\/pages\/43","targetHints":{"allow":["GET"]}}],"collection":[{"href":"https:\/\/hovawartzucht.de\/index.php?rest_route=\/wp\/v2\/pages"}],"about":[{"href":"https:\/\/hovawartzucht.de\/index.php?rest_route=\/wp\/v2\/types\/page"}],"author":[{"embeddable":true,"href":"https:\/\/hovawartzucht.de\/index.php?rest_route=\/wp\/v2\/users\/1"}],"replies":[{"embeddable":true,"href":"https:\/\/hovawartzucht.de\/index.php?rest_route=%2Fwp%2Fv2%2Fcomments&post=43"}],"version-history":[{"count":77,"href":"https:\/\/hovawartzucht.de\/index.php?rest_route=\/wp\/v2\/pages\/43\/revisions"}],"predecessor-version":[{"id":8340,"href":"https:\/\/hovawartzucht.de\/index.php?rest_route=\/wp\/v2\/pages\/43\/revisions\/8340"}],"wp:attachment":[{"href":"https:\/\/hovawartzucht.de\/index.php?rest_route=%2Fwp%2Fv2%2Fmedia&parent=43"}],"curies":[{"name":"wp","href":"https:\/\/api.w.org\/{rel}","templated":true}]}}