{"id":4279,"date":"2021-01-05T18:34:45","date_gmt":"2021-01-05T18:34:45","guid":{"rendered":"http:\/\/hovawartzucht.de\/?page_id=4279"},"modified":"2026-04-14T21:52:57","modified_gmt":"2026-04-14T21:52:57","slug":"leistungspruefungen","status":"publish","type":"page","link":"https:\/\/hovawartzucht.de\/?page_id=4279","title":{"rendered":"Leistungspr\u00fcfungen"},"content":{"rendered":"<h1>Unsere Leistungsergebnisse<\/h1>\n<p>(jeweilige Pr\u00fcfungsstufe anklicken und das .pdf erscheint)<\/p>\n<h2>BRANCA von der Goldkutte<\/h2>\n<p><a href=\"https:\/\/hovawartzucht.de\/wp-content\/uploads\/2021\/05\/Branca_BH.pdf\">Begleithundepr\u00fcfung<\/a><br \/>\n<a href=\"https:\/\/hovawartzucht.de\/wp-content\/uploads\/2021\/05\/Branca1_FH1.pdf\">F\u00e4hrtenhundepr\u00fcfung 1<\/a> |\u00a0<a href=\"https:\/\/hovawartzucht.de\/wp-content\/uploads\/2021\/05\/Branca2_FH1.pdf\">FH1<\/a> |\u00a0<a href=\"https:\/\/hovawartzucht.de\/wp-content\/uploads\/2021\/05\/Branca3_FH1.pdf\">FH1<\/a> |\u00a0<a href=\"https:\/\/hovawartzucht.de\/wp-content\/uploads\/2021\/05\/Branca4_FH1.pdf\">FH1<\/a> | <a href=\"https:\/\/hovawartzucht.de\/wp-content\/uploads\/2021\/05\/Branca_FH1.pdf\">FH1 <\/a>|<a href=\"https:\/\/hovawartzucht.de\/wp-content\/uploads\/2021\/05\/Branca_FH1.pdf\"> FH1<\/a><br \/>\n<a href=\"https:\/\/hovawartzucht.de\/wp-content\/uploads\/2021\/05\/Branca_FH2.pdf\">F\u00e4hrtenhundepr\u00fcfung 2<\/a><br \/>\n<a href=\"https:\/\/hovawartzucht.de\/wp-content\/uploads\/2021\/05\/Branca_SchH1.pdf\">Schutzhundepr\u00fcfung 1<\/a><br \/>\n<a href=\"https:\/\/hovawartzucht.de\/wp-content\/uploads\/2021\/05\/Branca_SchH2.pdf\">Schutzhundepr\u00fcfung 2<\/a><br \/>\n<a href=\"https:\/\/hovawartzucht.de\/wp-content\/uploads\/2021\/05\/Branca_SchH3.pdf\">Schutzhundepr\u00fcfung 3<\/a><strong><br \/>\n<\/strong>Teilnahme an der <strong>Qualifikationspr\u00fcfung <\/strong>zur &#8222;Deutschen Meisterschaft RZV-FH&#8220;<br \/>\n<em><strong>Zucht: <\/strong><\/em>A- und &#8211; B-Wurf vom Wildweibchenstein &gt; unser <strong>Attila <\/strong>blieb<\/p>\n<p><em><strong>Besuchte Lehrg\u00e4nge und Seminare:<\/strong><\/em><br \/>\n<a href=\"https:\/\/hovawartzucht.de\/wp-content\/uploads\/2021\/05\/Osterlehrgang_Branca1996.pdf\">Osterlehrgang 1996<\/a> | <a href=\"https:\/\/hovawartzucht.de\/wp-content\/uploads\/2021\/05\/Osterlehrgang_Branca1997.pdf\">Osterlehrgang 1997<\/a> | <a href=\"https:\/\/hovawartzucht.de\/wp-content\/uploads\/2021\/05\/Branca_Osterlehrgang1998.pdf\">Osterlehrgang 1998<\/a> | <a href=\"https:\/\/hovawartzucht.de\/wp-content\/uploads\/2021\/05\/Osterlehrgang_2001.pdf\">Osterlehrgang 2001<\/a><br \/>\n<a href=\"https:\/\/hovawartzucht.de\/wp-content\/uploads\/2021\/05\/Mannschaftswettbewerb1999.pdf\">Mannschaftswettbewerb 1999<\/a> | <a href=\"https:\/\/hovawartzucht.de\/wp-content\/uploads\/2021\/05\/Mannschaftswettbewerb2001.pdf\">Mannschaftswettbewerb 1\/2001<\/a> | <a href=\"https:\/\/hovawartzucht.de\/wp-content\/uploads\/2021\/05\/Mannschaftswettbewerb2001.pdf\">Mannschaftswettbewerb 2\/2001<\/a><\/p>\n<h2>ATTILA WWS<\/h2>\n<p><a href=\"https:\/\/hovawartzucht.de\/wp-content\/uploads\/2021\/05\/Attila_BH.pdf\">Begleithundepr\u00fcfung<\/a><br \/>\n<a href=\"https:\/\/hovawartzucht.de\/wp-content\/uploads\/2021\/05\/Attila_SchH1.pdf\">Schutzhundepr\u00fcfungen Stufe 1<\/a><br \/>\n<a href=\"https:\/\/hovawartzucht.de\/wp-content\/uploads\/2021\/05\/Attila_VPG2.pdf\">Schutzhundepr\u00fcfungen Stufe 2<\/a><br \/>\n<a href=\"https:\/\/hovawartzucht.de\/wp-content\/uploads\/2021\/05\/Attila_VPG3.pdf\">Schutzhundepr\u00fcfungen Stufe 3<\/a> | <a href=\"https:\/\/hovawartzucht.de\/wp-content\/uploads\/2021\/05\/Attila1_VPG3.pdf\">SchH3<\/a> | <a href=\"https:\/\/hovawartzucht.de\/wp-content\/uploads\/2021\/05\/Attila2_VPG3.pdf\">SchH3<\/a><br \/>\nInternationale Pr\u00fcfungsordnung 1<br \/>\nInternationale Pr\u00fcfungsordnung 2<br \/>\nInternationale Pr\u00fcfungsordnung 3<br \/>\n<a href=\"https:\/\/hovawartzucht.de\/wp-content\/uploads\/2021\/05\/Attila_Qualifikationspr\u00fcfung_DeutscheMeisterschaft.pdf\">Teilnahme Qualifikation &#8222;Deutsche Meisterschaft RZV-VPG&#8220;<\/a><br \/>\nAusdauerpr\u00fcfung<br \/>\n<em><strong>Zucht- und Leistungspool \/ RZV <\/strong><\/em>(ein Merkmal, welches bei entsprechend gutem ZTP-Ergebnis in Kombination mit Leistungsnachweisen in separater \u00dcberpr\u00fcfung ausgestellt wurde)<br \/>\n<em><strong>Zucht: <\/strong><\/em>B-Wurf aus dem Schreckh\u00e4usl<br \/>\nB-Wurf von der Blanken Horst<br \/>\nA-Wurf z Hrabovskych staji \/ CZ<br \/>\nI-Wurf von Achenbach<br \/>\nC-Wurf Monzahova \/ FIN &gt; wir haben <strong>Codak <\/strong>behalten<\/p>\n<p><strong><a href=\"https:\/\/hovawartzucht.de\/wp-content\/uploads\/2021\/05\/Ausbildungswoche3_Kessler.pdf\">Ausbildungswoche3_Kessler<\/a><\/strong><br \/>\n<strong><a href=\"https:\/\/hovawartzucht.de\/wp-content\/uploads\/2021\/05\/Ausbildungswoche2_Kessler.pdf\">Ausbildungswoche2_Kessler<\/a><\/strong><br \/>\n<strong><a href=\"https:\/\/hovawartzucht.de\/wp-content\/uploads\/2021\/05\/Ausbildungswoche1_Kessler.pdf\">Ausbildungswoche1_Kessler<\/a><\/strong><br \/>\n<strong><a href=\"https:\/\/hovawartzucht.de\/wp-content\/uploads\/2021\/05\/Ausbildungswoche_Kessler.pdf\">Ausbildungswoche_Kessler<\/a><\/strong><br \/>\n<strong><a href=\"https:\/\/hovawartzucht.de\/wp-content\/uploads\/2021\/05\/Attila_IPO3.pdf\">Attila_IPO3<\/a><\/strong><br \/>\n<strong><a href=\"https:\/\/hovawartzucht.de\/wp-content\/uploads\/2021\/05\/Attila_BH.pdf\">Attila_BH<\/a><\/strong><br \/>\n<strong><a href=\"https:\/\/hovawartzucht.de\/wp-content\/uploads\/2021\/05\/Attila_Ausdauerpr\u00fcfung.pdf\">Attila_Ausdauerpr\u00fcfung<\/a><\/strong><\/p>\n<h2>Monzahova CODAK<\/h2>\n<p>Begleithundepr\u00fcfung<br \/>\nVielseitigkeitspr\u00fcfung f\u00fcr Gebrauchshunde, Stufe 1<br \/>\nF\u00e4hrtenhundepr\u00fcfung, Stufe 3<br \/>\n<em><strong>Zucht:<\/strong><\/em> E-Wurf vom Wildweibchenstein<\/p>\n<h2>BAXY z hrabovskych staji<\/h2>\n<p>Begleithundepr\u00fcfung<br \/>\n<em><strong>Zucht:<\/strong><\/em> D-, E,- F,- G,- und H-Wurf vom Wildweibchenstein<\/p>\n<h2>GATIA WWS<\/h2>\n<p><em><strong>Zucht:<\/strong><\/em> I-, J,- K,- , L- und M-Wurf vom Wildweibchenstein<\/p>\n<h2>KLASSIK WWS<\/h2>\n<p>Begleithundepr\u00fcfung, F\u00e4hrten-Workshop (Okt.22)<br \/>\n<em><strong>Zucht:<\/strong><\/em> N-Wurf vom Wildweibchenstein, O-Wurf vom Wildweibchenstein,<br \/>\nerwartet: P-Wurf vom Wildweibchenstein<\/p>\n","protected":false},"excerpt":{"rendered":"<p>Unsere Leistungsergebnisse (jeweilige Pr\u00fcfungsstufe anklicken und das .pdf erscheint) BRANCA von der Goldkutte Begleithundepr\u00fcfung F\u00e4hrtenhundepr\u00fcfung 1 |\u00a0FH1 |\u00a0FH1 |\u00a0FH1 | FH1 | FH1 F\u00e4hrtenhundepr\u00fcfung 2 Schutzhundepr\u00fcfung 1 Schutzhundepr\u00fcfung 2 Schutzhundepr\u00fcfung 3 Teilnahme an der Qualifikationspr\u00fcfung zur &#8222;Deutschen Meisterschaft RZV-FH&#8220; Zucht: &hellip; <a href=\"https:\/\/hovawartzucht.de\/?page_id=4279\">Weiterlesen <span class=\"meta-nav\">&rarr;<\/span><\/a><\/p>\n","protected":false},"author":1,"featured_media":0,"parent":0,"menu_order":0,"comment_status":"closed","ping_status":"closed","template":"","meta":{"footnotes":""},"class_list":["post-4279","page","type-page","status-publish","hentry"],"_links":{"self":[{"href":"https:\/\/hovawartzucht.de\/index.php?rest_route=\/wp\/v2\/pages\/4279","targetHints":{"allow":["GET"]}}],"collection":[{"href":"https:\/\/hovawartzucht.de\/index.php?rest_route=\/wp\/v2\/pages"}],"about":[{"href":"https:\/\/hovawartzucht.de\/index.php?rest_route=\/wp\/v2\/types\/page"}],"author":[{"embeddable":true,"href":"https:\/\/hovawartzucht.de\/index.php?rest_route=\/wp\/v2\/users\/1"}],"replies":[{"embeddable":true,"href":"https:\/\/hovawartzucht.de\/index.php?rest_route=%2Fwp%2Fv2%2Fcomments&post=4279"}],"version-history":[{"count":35,"href":"https:\/\/hovawartzucht.de\/index.php?rest_route=\/wp\/v2\/pages\/4279\/revisions"}],"predecessor-version":[{"id":8813,"href":"https:\/\/hovawartzucht.de\/index.php?rest_route=\/wp\/v2\/pages\/4279\/revisions\/8813"}],"wp:attachment":[{"href":"https:\/\/hovawartzucht.de\/index.php?rest_route=%2Fwp%2Fv2%2Fmedia&parent=4279"}],"curies":[{"name":"wp","href":"https:\/\/api.w.org\/{rel}","templated":true}]}}