{"id":4273,"date":"2021-01-05T18:27:40","date_gmt":"2021-01-05T18:27:40","guid":{"rendered":"http:\/\/hovawartzucht.de\/?page_id=4273"},"modified":"2026-04-14T21:59:06","modified_gmt":"2026-04-14T21:59:06","slug":"ausstellungserfolge","status":"publish","type":"page","link":"https:\/\/hovawartzucht.de\/?page_id=4273","title":{"rendered":"Ausstellungserfolge"},"content":{"rendered":"<h1><em>Ausstellungserfolge unserer Hunde<\/em><\/h1>\n<h2>ATTILA<\/h2>\n<p><em>Deutscher Champion RZV+VDH<br \/>Luxembourg Champion<\/em><br \/><em>Internationaler Sch\u00f6nheitschampion<\/em><\/p>\n<h2><strong>CODAK<\/strong><\/h2>\n<p><em>Deutscher Jugend-Champion | Deutscher Champion RZV+VDH<\/em><br \/><em>Luxembourg Champion | Internationaler Sch\u00f6nheitschampion<\/em><br \/><em>Europasieger 2015<\/em><\/p>\n<h2><strong>BAXY<\/strong><\/h2>\n<p><em>Deutscher Champion RZV+VDH | Luxembourg Champion | <\/em><em>Internationaler Sch\u00f6nheitschampion<\/em><\/p>\n<h2><strong>GATIA<\/strong><\/h2>\n<p><em>Luxembourg-Champion<\/em><\/p>\n<h2><strong>KLASSIK &#8222;Kiki&#8220;<\/strong><\/h2>\n<p><em>IHF-Clubsiegerschau Belgien 2019, Ri: T. Eerola<\/em><br \/>Vorz\u00fcglich 3 (Jugendklasse)<strong><br \/><\/strong><strong>WWS &#8211;<\/strong> <strong>Sch\u00f6nste Zuchtgruppe <\/strong>aus 3 W\u00fcrfen mit <strong>Imax, James &amp; Klassik.<\/strong><\/p>\n<p><em>Kerst Winner-Show Amsterdam 2019<\/em><br \/>Vorz\u00fcglich 1 (Jugendklasse) BOS, <em><strong>Jugend-Winner 2019, Winner 2019<\/strong><\/em>, CAC<\/p>\n<p>&#8211; &#8211;\u00a0 CORONA &#8211; &#8211;<\/p>\n<p><em>Klubsiegerausstellung des Schweizerischen Hovawartclubs, Ri. H. Eickhoff<\/em><br \/>Vorz\u00fcglich 2, Res. CAC (Zwischenklasse)<\/p>\n<p><em>Landessiegerausstellung Wetzlar, Ri. A. Jatzak<\/em><br \/>Vorz\u00fcglich 2, Res. CAC (Offene Klasse)<\/p>\n<p><em>Landessiegerausstellung Bobenheim, Ri. K. Wesche<\/em><br \/><strong>WWS &#8211; sch\u00f6nste Zuchtgruppe<\/strong> aus 2 W\u00fcrfen mit <strong>Jubilee, Kronos &amp; Klassik<\/strong><br \/>Vorz\u00fcglich 4 (OK)<\/p>\n<p><em>Internationale Rassehundeausstellung IHA Feraltorf (Offene Klasse)<\/em><br \/>Vorz\u00fcglich 1, CAC, CACIB, BOS, BOB<br \/>Vorz\u00fcglich 1, CAC, CACIB, BOS, BOB<\/p>\n<p><em>Internationale Rassehundeausstellung Maastricht (Offene Klasse)<\/em><br \/>Vorz\u00fcglich 1, CAC, CACIB, BOS, BOB<\/p>\n<p><em>Internationale Rassehundeausstellung Genf (Offene Klasse)<\/em><br \/>Vorz\u00fcglich 1, CAC, CACIB, BOS, BOB <em><strong>Schweizer <\/strong><strong>Ausstellungschampio<\/strong><strong>n<\/strong><\/em><\/p>\n<p><em>3\/2022 Internationale Rassehundeausstellung Luxemburg<\/em><br \/>Vorz\u00fcglich 1, CAC, CACIB, BOS<em><b>\u00a0Luxemburg-Champion<\/b><\/em><\/p>\n<p><em>3\/2023 IHA Offenburg 2023<br \/><\/em>Vorz\u00fcglich 1, CAC<em><br \/><\/em><\/p>\n<p><em>Internationale Rassehundeausstellung IHA Papa, Hungaria (Champion-Klasse)<br \/>5-7.5.2023 CAC <\/em>Vorz\u00fcglich 1 CAC<br \/><em>6\/5\/2023 <\/em><em>CACIB <\/em>Vorz\u00fcglich 1, CAC, Res. CACIB<br \/><em>7\/5\/2023 <\/em><em>CACIB <\/em>Vorz\u00fcglich 1, CAC, Res. CACIB <em><b>Hungarian-Show-Champion\u00a0<\/b><\/em><\/p>\n<p><em>Internationale Rassehundeausstellung IHA Gie\u00dfen<br \/><\/em>18\/6\/2023 Ri. H. Eickhoff Vorz\u00fcglich 1, CAC, CACIB, BOS<br \/><em><b>Intern. Sch\u00f6nheitschampion<\/b> <strong>C.I.B<\/strong><\/em><\/p>\n<p>03.11.2023 IHA Dortmund, Ri. M. Jatzak, Vorz\u00fcglich 1, <strong><em>Herbstsiegerin 2023<\/em><\/strong><b><\/b><\/p>\n\n\n<p><em>Internationale Rassehundeausstellung IHA Kassel<\/em><br>11.1.2025 Ri. M. Jatzak, Vorz\u00fcglich 2, Res. CAC, RCACIB<br>12.1.2025 Ri. A. Jatzak, Vorz\u00fcglich 1, CAC, CACIB, BOS<br><br><em>Internationale Rassehundeausstellung IHA Lingen<\/em><br>27.4.25 Ri. M. Bothur, Vorz\u00fcglich 1, CAC, BOS\/CACIB, BOB<br><strong><em>Deutscher Champion VDH<\/em><\/strong><br><img loading=\"lazy\" decoding=\"async\" width=\"150\" height=\"212\" class=\"wp-image-8174\" style=\"width: 150px;\" src=\"https:\/\/hovawartzucht.de\/wp-content\/uploads\/2025\/08\/VDH-Deutscher-Champion-Kiki.jpg\" alt=\"\" srcset=\"https:\/\/hovawartzucht.de\/wp-content\/uploads\/2025\/08\/VDH-Deutscher-Champion-Kiki.jpg 1240w, https:\/\/hovawartzucht.de\/wp-content\/uploads\/2025\/08\/VDH-Deutscher-Champion-Kiki-212x300.jpg 212w, https:\/\/hovawartzucht.de\/wp-content\/uploads\/2025\/08\/VDH-Deutscher-Champion-Kiki-724x1024.jpg 724w, https:\/\/hovawartzucht.de\/wp-content\/uploads\/2025\/08\/VDH-Deutscher-Champion-Kiki-768x1086.jpg 768w, https:\/\/hovawartzucht.de\/wp-content\/uploads\/2025\/08\/VDH-Deutscher-Champion-Kiki-1086x1536.jpg 1086w\" sizes=\"auto, (max-width: 150px) 100vw, 150px\" \/> <\/p>\n\n\n\n<p><em>IHA Bleiswijk\/Niederlande<br><\/em>01\/11\/2025, Exzellent 1, CAC, CACIB, BOS<br><br><img loading=\"lazy\" decoding=\"async\" width=\"150\" height=\"204\" class=\"wp-image-8306\" style=\"width: 150px;\" src=\"https:\/\/hovawartzucht.de\/wp-content\/uploads\/2025\/11\/Screenshot_20251101_174214_GMX-Mail-1.jpg\" alt=\"\" srcset=\"https:\/\/hovawartzucht.de\/wp-content\/uploads\/2025\/11\/Screenshot_20251101_174214_GMX-Mail-1.jpg 1080w, https:\/\/hovawartzucht.de\/wp-content\/uploads\/2025\/11\/Screenshot_20251101_174214_GMX-Mail-1-221x300.jpg 221w, https:\/\/hovawartzucht.de\/wp-content\/uploads\/2025\/11\/Screenshot_20251101_174214_GMX-Mail-1-754x1024.jpg 754w, https:\/\/hovawartzucht.de\/wp-content\/uploads\/2025\/11\/Screenshot_20251101_174214_GMX-Mail-1-768x1042.jpg 768w\" sizes=\"auto, (max-width: 150px) 100vw, 150px\" \/><\/p>\n\n\n\n<p><strong><em>Niederl\u00e4ndischer Sch\u00f6nheitschampion<\/em><\/strong><\/p>\n","protected":false},"excerpt":{"rendered":"<p>Ausstellungserfolge unserer Hunde ATTILA Deutscher Champion RZV+VDHLuxembourg ChampionInternationaler Sch\u00f6nheitschampion CODAK Deutscher Jugend-Champion | Deutscher Champion RZV+VDHLuxembourg Champion | Internationaler Sch\u00f6nheitschampionEuropasieger 2015 BAXY Deutscher Champion RZV+VDH | Luxembourg Champion | Internationaler Sch\u00f6nheitschampion GATIA Luxembourg-Champion KLASSIK &#8222;Kiki&#8220; IHF-Clubsiegerschau Belgien 2019, Ri: T. &hellip; <a href=\"https:\/\/hovawartzucht.de\/?page_id=4273\">Weiterlesen <span class=\"meta-nav\">&rarr;<\/span><\/a><\/p>\n","protected":false},"author":1,"featured_media":0,"parent":0,"menu_order":0,"comment_status":"closed","ping_status":"closed","template":"","meta":{"footnotes":""},"class_list":["post-4273","page","type-page","status-publish","hentry"],"_links":{"self":[{"href":"https:\/\/hovawartzucht.de\/index.php?rest_route=\/wp\/v2\/pages\/4273","targetHints":{"allow":["GET"]}}],"collection":[{"href":"https:\/\/hovawartzucht.de\/index.php?rest_route=\/wp\/v2\/pages"}],"about":[{"href":"https:\/\/hovawartzucht.de\/index.php?rest_route=\/wp\/v2\/types\/page"}],"author":[{"embeddable":true,"href":"https:\/\/hovawartzucht.de\/index.php?rest_route=\/wp\/v2\/users\/1"}],"replies":[{"embeddable":true,"href":"https:\/\/hovawartzucht.de\/index.php?rest_route=%2Fwp%2Fv2%2Fcomments&post=4273"}],"version-history":[{"count":55,"href":"https:\/\/hovawartzucht.de\/index.php?rest_route=\/wp\/v2\/pages\/4273\/revisions"}],"predecessor-version":[{"id":8815,"href":"https:\/\/hovawartzucht.de\/index.php?rest_route=\/wp\/v2\/pages\/4273\/revisions\/8815"}],"wp:attachment":[{"href":"https:\/\/hovawartzucht.de\/index.php?rest_route=%2Fwp%2Fv2%2Fmedia&parent=4273"}],"curies":[{"name":"wp","href":"https:\/\/api.w.org\/{rel}","templated":true}]}}