{"id":412,"date":"2016-07-06T08:43:12","date_gmt":"2016-07-06T08:43:12","guid":{"rendered":"http:\/\/hovawartzucht.de\/?page_id=412"},"modified":"2021-06-30T09:51:07","modified_gmt":"2021-06-30T09:51:07","slug":"i-wurf","status":"publish","type":"page","link":"https:\/\/hovawartzucht.de\/?page_id=412","title":{"rendered":"I-Wurf"},"content":{"rendered":"<p><strong>Kathorgal van`t Beversnest x Gatia vom Wildweibchenstein<br \/>\n<\/strong><span style=\"text-decoration: underline;\">Vater<\/span>: Belgian Champion, Belgian Winner 2013<br \/>\nHD Frei, AU o.B., WH 68 cm,\u00a0DM N\/N.<br \/>\n<span style=\"text-decoration: underline;\">Mutter<\/span>: V1, HD A1, AU o.B., WH 63 cm<br \/>\ngeb. am 3. September 2016\u00a0 \/ \u00a03 H\u00fc, 5 R\u00fc<br \/>\n<a href=\"https:\/\/hovawartzucht.de\/wp-content\/uploads\/2016\/07\/IMG_3541.jpg\">Bildergalerie I-Wurf<\/a>,<a href=\"https:\/\/hovawartzucht.de\/wp-content\/uploads\/2016\/07\/IMG_3541.jpg\"> bitte k<\/a><a href=\"https:\/\/hovawartzucht.de\/wp-content\/uploads\/2016\/07\/IMG_3541.jpg\">licken<br \/>\n<\/a><a href=\"https:\/\/hovawartzucht.de\/wp-content\/uploads\/2016\/04\/DSC_0179.jpg\"><img loading=\"lazy\" decoding=\"async\" class=\"alignleft wp-image-396\" src=\"https:\/\/hovawartzucht.de\/wp-content\/uploads\/2016\/04\/DSC_0179-300x258.jpg\" alt=\"DSC_0179\" width=\"255\" height=\"221\" \/><\/a> <img loading=\"lazy\" decoding=\"async\" class=\"wp-image-2613 alignnone\" src=\"https:\/\/hovawartzucht.de\/wp-content\/uploads\/2019\/07\/20190714_2056281-e1576580195642-300x239.jpg\" alt=\"\" width=\"276\" height=\"222\" \/><\/p>\n<hr \/>\n<p><strong>I D E X <\/strong>(Sam) R\u00fcde, blond<br \/>\nBegleithundepr\u00fcfung, NZB, JB, ZTP, Augen o.B., HD-B1, sg2 (ZK)<br \/>\n<strong>Deckr\u00fcde im RZV, <\/strong>Landesgruppe Rhein-Main-Saar<br \/>\n<strong><span style=\"color: #339966;\"><em>&gt;&gt; A-Wurf vom Brander Hof \/ RZV<\/em><\/span><br \/>\n<a href=\"https:\/\/hovawartzucht.de\/wp-content\/uploads\/2016\/04\/DSC_0909.jpg\"><br \/>\n<img loading=\"lazy\" decoding=\"async\" class=\"alignnone wp-image-700\" src=\"https:\/\/hovawartzucht.de\/wp-content\/uploads\/2016\/04\/DSC_0909-199x300.jpg\" alt=\"DSC_0909\" width=\"140\" height=\"206\" \/><\/a><a href=\"https:\/\/hovawartzucht.de\/wp-content\/uploads\/2016\/04\/DSC_1262-e1478531288309.jpg\"><img loading=\"lazy\" decoding=\"async\" class=\"alignnone wp-image-803\" src=\"https:\/\/hovawartzucht.de\/wp-content\/uploads\/2016\/04\/DSC_1262-e1478531288309-300x207.jpg\" alt=\"DSC_1262\" width=\"248\" height=\"174\" \/><\/a><img loading=\"lazy\" decoding=\"async\" class=\"alignnone wp-image-965\" src=\"https:\/\/hovawartzucht.de\/wp-content\/uploads\/2016\/04\/DSC_0745-199x300.jpg\" alt=\"DSC_0745\" width=\"139\" height=\"203\" \/><\/strong><br \/>\n<a href=\"https:\/\/hovawartzucht.de\/wp-content\/uploads\/2016\/07\/IMG_73721.jpg\"><img loading=\"lazy\" decoding=\"async\" class=\"alignnone size-medium wp-image-1130\" src=\"https:\/\/hovawartzucht.de\/wp-content\/uploads\/2016\/07\/IMG_73721-300x169.jpg\" alt=\"IMG_7372[1]\" width=\"300\" height=\"169\" srcset=\"https:\/\/hovawartzucht.de\/wp-content\/uploads\/2016\/07\/IMG_73721-300x169.jpg 300w, https:\/\/hovawartzucht.de\/wp-content\/uploads\/2016\/07\/IMG_73721-1024x576.jpg 1024w, https:\/\/hovawartzucht.de\/wp-content\/uploads\/2016\/07\/IMG_73721-500x281.jpg 500w, https:\/\/hovawartzucht.de\/wp-content\/uploads\/2016\/07\/IMG_73721.jpg 1280w\" sizes=\"auto, (max-width: 300px) 100vw, 300px\" \/> <\/a><a href=\"https:\/\/hovawartzucht.de\/wp-content\/uploads\/2016\/07\/IMG_73721.jpg\"><img loading=\"lazy\" decoding=\"async\" class=\"wp-image-2352 size-medium alignnone\" src=\"https:\/\/hovawartzucht.de\/wp-content\/uploads\/2019\/06\/Idex2_02062019-300x221.jpg\" alt=\"\" width=\"300\" height=\"221\" srcset=\"https:\/\/hovawartzucht.de\/wp-content\/uploads\/2019\/06\/Idex2_02062019-300x221.jpg 300w, https:\/\/hovawartzucht.de\/wp-content\/uploads\/2019\/06\/Idex2_02062019-768x567.jpg 768w, https:\/\/hovawartzucht.de\/wp-content\/uploads\/2019\/06\/Idex2_02062019-1024x756.jpg 1024w, https:\/\/hovawartzucht.de\/wp-content\/uploads\/2019\/06\/Idex2_02062019-406x300.jpg 406w, https:\/\/hovawartzucht.de\/wp-content\/uploads\/2019\/06\/Idex2_02062019.jpg 1028w\" sizes=\"auto, (max-width: 300px) 100vw, 300px\" \/>\u00a0 <\/a><a href=\"https:\/\/hovawartzucht.de\/wp-content\/uploads\/2021\/06\/Screenshot_20210627-084421_WhatsApp-e1624793815434.jpg\"><img loading=\"lazy\" decoding=\"async\" class=\"wp-image-4653 alignnone\" src=\"https:\/\/hovawartzucht.de\/wp-content\/uploads\/2021\/06\/Screenshot_20210627-084421_WhatsApp-e1624793815434.jpg\" alt=\"\" width=\"196\" height=\"222\" \/><\/a><\/p>\n<hr \/>\n<p><strong> \u00a0<a href=\"https:\/\/hovawartzucht.de\/wp-content\/uploads\/2016\/04\/DSC_09161.jpg\"><img loading=\"lazy\" decoding=\"async\" class=\"alignnone wp-image-709\" src=\"https:\/\/hovawartzucht.de\/wp-content\/uploads\/2016\/04\/DSC_09161-199x300.jpg\" alt=\"DSC_0916\" width=\"147\" height=\"216\" \/><\/a>\u00a0 <img loading=\"lazy\" decoding=\"async\" class=\"alignnone wp-image-919\" src=\"https:\/\/hovawartzucht.de\/wp-content\/uploads\/2016\/04\/IMG_3392-225x300.jpg\" alt=\"IMG_3392\" width=\"165\" height=\"216\" \/>\u00a0 <a href=\"https:\/\/hovawartzucht.de\/wp-content\/uploads\/2016\/04\/DSC_0838.jpg\"><img loading=\"lazy\" decoding=\"async\" class=\"alignnone wp-image-973\" src=\"https:\/\/hovawartzucht.de\/wp-content\/uploads\/2016\/04\/DSC_0838-199x300.jpg\" alt=\"DSC_0838\" width=\"145\" height=\"213\" \/> <\/a><a href=\"https:\/\/hovawartzucht.de\/wp-content\/uploads\/2016\/04\/DSC_0838.jpg\"><img loading=\"lazy\" decoding=\"async\" class=\"wp-image-2827 alignnone\" src=\"https:\/\/hovawartzucht.de\/wp-content\/uploads\/2016\/04\/Screenshot_20191014-091448_WhatsApp2-e1576580491426-300x300.jpg\" alt=\"\" width=\"240\" height=\"240\" srcset=\"https:\/\/hovawartzucht.de\/wp-content\/uploads\/2016\/04\/Screenshot_20191014-091448_WhatsApp2-e1576580491426-300x300.jpg 300w, https:\/\/hovawartzucht.de\/wp-content\/uploads\/2016\/04\/Screenshot_20191014-091448_WhatsApp2-e1576580491426-150x150.jpg 150w, https:\/\/hovawartzucht.de\/wp-content\/uploads\/2016\/04\/Screenshot_20191014-091448_WhatsApp2-e1576580491426.jpg 521w\" sizes=\"auto, (max-width: 240px) 100vw, 240px\" \/><\/a><br \/>\nIDEFIX, <\/strong>R\u00fcde, blond,\u00a0NZB, HD-A2<br \/>\nNZB, <strong>Bundesjugendsieger 2017<\/strong>, Res.Anw.Dt.JCH,<br \/>\n(JK) Vorz\u00fcglich 1, CACJ, (OK) ESZS 2019 Vorz\u00fcglich 2, Anw. Dt.CH.<\/p>\n<hr \/>\n<p><strong>ICEMAN<\/strong>, R\u00fcde, blond, NZB, HD-B1<br \/>\n<strong><img loading=\"lazy\" decoding=\"async\" class=\"alignnone wp-image-701\" src=\"https:\/\/hovawartzucht.de\/wp-content\/uploads\/2016\/04\/DSC_0912-199x300.jpg\" alt=\"DSC_0912\" width=\"142\" height=\"210\" \/>\u00a0 <a href=\"https:\/\/hovawartzucht.de\/wp-content\/uploads\/2016\/04\/IMG_2313.jpg\"><img loading=\"lazy\" decoding=\"async\" class=\"alignnone wp-image-950\" src=\"https:\/\/hovawartzucht.de\/wp-content\/uploads\/2016\/04\/IMG_2313-300x300.jpg\" alt=\"IMG_2313\" width=\"212\" height=\"212\" srcset=\"https:\/\/hovawartzucht.de\/wp-content\/uploads\/2016\/04\/IMG_2313-300x300.jpg 300w, https:\/\/hovawartzucht.de\/wp-content\/uploads\/2016\/04\/IMG_2313-150x150.jpg 150w, https:\/\/hovawartzucht.de\/wp-content\/uploads\/2016\/04\/IMG_2313.jpg 640w\" sizes=\"auto, (max-width: 212px) 100vw, 212px\" \/><\/a>\u00a0 <a href=\"https:\/\/hovawartzucht.de\/wp-content\/uploads\/2016\/04\/DSC_1076.jpg\"><img loading=\"lazy\" decoding=\"async\" class=\"alignnone size-medium wp-image-970\" src=\"https:\/\/hovawartzucht.de\/wp-content\/uploads\/2016\/04\/DSC_1076-300x199.jpg\" alt=\"DSC_1076\" width=\"300\" height=\"199\" srcset=\"https:\/\/hovawartzucht.de\/wp-content\/uploads\/2016\/04\/DSC_1076-300x199.jpg 300w, https:\/\/hovawartzucht.de\/wp-content\/uploads\/2016\/04\/DSC_1076-1024x678.jpg 1024w, https:\/\/hovawartzucht.de\/wp-content\/uploads\/2016\/04\/DSC_1076-453x300.jpg 453w\" sizes=\"auto, (max-width: 300px) 100vw, 300px\" \/><\/a>\u00a0\u00a0<\/strong><br \/>\n<a href=\"https:\/\/hovawartzucht.de\/wp-content\/uploads\/2016\/04\/IMG_6170.jpg\"><img loading=\"lazy\" decoding=\"async\" class=\"alignnone size-medium wp-image-1069\" src=\"https:\/\/hovawartzucht.de\/wp-content\/uploads\/2016\/04\/IMG_6170-300x169.jpg\" alt=\"IMG_6170\" width=\"300\" height=\"169\" srcset=\"https:\/\/hovawartzucht.de\/wp-content\/uploads\/2016\/04\/IMG_6170-300x169.jpg 300w, https:\/\/hovawartzucht.de\/wp-content\/uploads\/2016\/04\/IMG_6170-1024x576.jpg 1024w, https:\/\/hovawartzucht.de\/wp-content\/uploads\/2016\/04\/IMG_6170-500x281.jpg 500w, https:\/\/hovawartzucht.de\/wp-content\/uploads\/2016\/04\/IMG_6170.jpg 1280w\" sizes=\"auto, (max-width: 300px) 100vw, 300px\" \/><\/a><\/p>\n<hr \/>\n<p><strong><img loading=\"lazy\" decoding=\"async\" class=\"alignnone wp-image-706\" src=\"https:\/\/hovawartzucht.de\/wp-content\/uploads\/2016\/04\/DSC_0936-199x300.jpg\" alt=\"DSC_0936\" width=\"146\" height=\"215\" \/>\u00a0 <img loading=\"lazy\" decoding=\"async\" class=\"alignnone wp-image-948\" src=\"https:\/\/hovawartzucht.de\/wp-content\/uploads\/2016\/04\/IMG_2097-200x300.jpg\" alt=\"IMG_2097\" width=\"149\" height=\"218\" \/>\u00a0 <a href=\"https:\/\/hovawartzucht.de\/wp-content\/uploads\/2016\/04\/DSC_0744.jpg\"><img loading=\"lazy\" decoding=\"async\" class=\"alignnone wp-image-964\" src=\"https:\/\/hovawartzucht.de\/wp-content\/uploads\/2016\/04\/DSC_0744-199x300.jpg\" alt=\"DSC_0744\" width=\"147\" height=\"216\" \/><\/a><br \/>\nIMAX<\/strong>, R\u00fcde, sm, NZB, JB, ZTP, AU ohne Befund., HD-A, V1, BOB,<br \/>\n<strong>Deckr\u00fcde in den Niederlanden <\/strong><em><a href=\"https:\/\/www.imax-vom-wildweibchenstein.nl\/\">&gt;&gt; hier entlang zu Imax`s Homepage<\/a><br \/>\n<\/em><strong><span style=\"color: #339966;\"><em>&gt;&gt; Wurf vom Magischen W\u00e4chtern \/ 8.12.2019<br \/>\n&gt;&gt; Wurf Jolly Jumper \/ 11.4.2020<br \/>\n&gt;&gt; Wurf van der Holle Olm \/ 21.1.2021<br \/>\n<\/em><\/span><\/strong><\/p>\n<hr \/>\n<p><strong><img loading=\"lazy\" decoding=\"async\" class=\"alignnone wp-image-707\" src=\"https:\/\/hovawartzucht.de\/wp-content\/uploads\/2016\/04\/DSC_0942-199x300.jpg\" alt=\"DSC_0942\" width=\"135\" height=\"200\" \/><img loading=\"lazy\" decoding=\"async\" class=\"alignnone wp-image-918\" src=\"https:\/\/hovawartzucht.de\/wp-content\/uploads\/2016\/04\/IMG_33081-273x300.jpg\" alt=\"IMG_3308\" width=\"184\" height=\"201\" \/><a href=\"https:\/\/hovawartzucht.de\/wp-content\/uploads\/2016\/04\/DSC_0748.jpg\"><img loading=\"lazy\" decoding=\"async\" class=\"alignnone wp-image-972\" src=\"https:\/\/hovawartzucht.de\/wp-content\/uploads\/2016\/04\/DSC_0748-199x300.jpg\" alt=\"DSC_0748\" width=\"134\" height=\"196\" \/><\/a><br \/>\nIVANHOE <\/strong>(Ivo), R\u00fcde sm, NZB, JB, HD-B1, AU und HU ohne Befund, Begleithundepr\u00fcfung<br \/>\n<strong>Ausstellung:<\/strong> VV 3 (J\u00fcngsten), Vorz\u00fcglich 2\/15 (Klubsiegerschau 2017). Vorz\u00fcglich 1, CACL, CAC.<br \/>\n<a href=\"https:\/\/hovawartzucht.de\/wp-content\/uploads\/2016\/04\/IMG_7023.jpg\"><img loading=\"lazy\" decoding=\"async\" class=\"alignnone size-medium wp-image-1059\" src=\"https:\/\/hovawartzucht.de\/wp-content\/uploads\/2016\/04\/IMG_7023-300x225.jpg\" alt=\"IMG_7023\" width=\"300\" height=\"225\" srcset=\"https:\/\/hovawartzucht.de\/wp-content\/uploads\/2016\/04\/IMG_7023-300x225.jpg 300w, https:\/\/hovawartzucht.de\/wp-content\/uploads\/2016\/04\/IMG_7023-1024x768.jpg 1024w, https:\/\/hovawartzucht.de\/wp-content\/uploads\/2016\/04\/IMG_7023-400x300.jpg 400w\" sizes=\"auto, (max-width: 300px) 100vw, 300px\" \/><\/a><\/p>\n<hr \/>\n<p><strong><img loading=\"lazy\" decoding=\"async\" class=\"alignnone wp-image-711\" src=\"https:\/\/hovawartzucht.de\/wp-content\/uploads\/2016\/04\/DSC_0931-199x300.jpg\" alt=\"DSC_0931\" width=\"135\" height=\"200\" \/>\u00a0 <img loading=\"lazy\" decoding=\"async\" class=\"alignnone wp-image-863\" src=\"https:\/\/hovawartzucht.de\/wp-content\/uploads\/2016\/04\/DSC_0215-300x199.jpg\" alt=\"DSC_0215\" width=\"303\" height=\"205\" \/>\u00a0<a href=\"https:\/\/hovawartzucht.de\/wp-content\/uploads\/2016\/04\/DSC_0785.jpg\"><img loading=\"lazy\" decoding=\"async\" class=\"alignnone size-medium wp-image-967\" src=\"https:\/\/hovawartzucht.de\/wp-content\/uploads\/2016\/04\/DSC_0785-300x199.jpg\" alt=\"DSC_0785\" width=\"300\" height=\"199\" srcset=\"https:\/\/hovawartzucht.de\/wp-content\/uploads\/2016\/04\/DSC_0785-300x199.jpg 300w, https:\/\/hovawartzucht.de\/wp-content\/uploads\/2016\/04\/DSC_0785-1024x678.jpg 1024w, https:\/\/hovawartzucht.de\/wp-content\/uploads\/2016\/04\/DSC_0785-453x300.jpg 453w\" sizes=\"auto, (max-width: 300px) 100vw, 300px\" \/><\/a><br \/>\nIBIZA (Lola)<\/strong>\u00a0H\u00fcndin, schwarz, NZB, HD-B, Jugendbeurteilung, Zuchtpr\u00fcfung<br \/>\n<strong>Ausstellung:<\/strong> <strong>Belgischer Jugendchampion, Belgian Winner 2019<\/strong><br \/>\nVorz\u00fcglich3\/15 (Klubsiegerschau D 2017), 3x Vorz\u00fcglich 1, BOB, CAC, CACIB.<\/p>\n<hr \/>\n<p><strong><img loading=\"lazy\" decoding=\"async\" class=\"alignnone wp-image-703\" src=\"https:\/\/hovawartzucht.de\/wp-content\/uploads\/2016\/04\/DSC_0926-199x300.jpg\" alt=\"DSC_0926\" width=\"128\" height=\"189\" \/>\u00a0<a href=\"https:\/\/hovawartzucht.de\/wp-content\/uploads\/2016\/04\/DSC_0038.jpg\"><img loading=\"lazy\" decoding=\"async\" class=\"alignnone wp-image-971\" src=\"https:\/\/hovawartzucht.de\/wp-content\/uploads\/2016\/04\/DSC_0038-300x199.jpg\" alt=\"DSC_0038\" width=\"290\" height=\"196\" \/><br \/>\n<\/a>I`M HAPPY<\/strong> H\u00fcndin, blond, NZB, HD-A2, sg3<br \/>\nBegleithundepr\u00fcfung, Obedience-Beginner<\/p>\n<hr \/>\n<p><strong><img loading=\"lazy\" decoding=\"async\" class=\"alignnone wp-image-704\" src=\"https:\/\/hovawartzucht.de\/wp-content\/uploads\/2016\/04\/DSC_0927-199x300.jpg\" alt=\"Indiana\" width=\"141\" height=\"206\" \/>\u00a0 <a href=\"https:\/\/hovawartzucht.de\/wp-content\/uploads\/2016\/04\/IMG_2175.jpg\"><img loading=\"lazy\" decoding=\"async\" class=\"alignnone wp-image-949\" src=\"https:\/\/hovawartzucht.de\/wp-content\/uploads\/2016\/04\/IMG_2175-225x300.jpg\" alt=\"IMG_2175\" width=\"163\" height=\"213\" \/><\/a><br \/>\nINDIANA, <\/strong>H\u00fcndin, sm, HD-B1<\/p>\n<hr \/>\n<p><strong><a href=\"https:\/\/hovawartzucht.de\/wp-content\/uploads\/2016\/07\/IMG_3359.jpg\"><img loading=\"lazy\" decoding=\"async\" class=\"alignnone wp-image-559\" src=\"https:\/\/hovawartzucht.de\/wp-content\/uploads\/2016\/07\/IMG_3359-245x300.jpg\" alt=\"IMG_3359\" width=\"99\" height=\"119\" \/> <\/a><a href=\"https:\/\/hovawartzucht.de\/wp-content\/uploads\/2016\/07\/IMG_3341.jpg\"><br \/>\n<\/a><\/strong>Beide sm-R\u00fcden haben im Ansatz eine komplette mittelbraune Markenzeichnung. Die Marken entwickeln sich im Wachstum noch intensiver, heisst deutlicher.<strong><br \/>\n<a href=\"https:\/\/hovawartzucht.de\/wp-content\/uploads\/2016\/07\/IMG_3356.jpg\">\u00a0<\/a><a href=\"https:\/\/hovawartzucht.de\/wp-content\/uploads\/2016\/07\/IMG_3331.jpg\"><img loading=\"lazy\" decoding=\"async\" class=\"alignnone wp-image-564\" src=\"https:\/\/hovawartzucht.de\/wp-content\/uploads\/2016\/07\/IMG_3331-300x285.jpg\" alt=\"IMG_3331\" width=\"158\" height=\"150\" srcset=\"https:\/\/hovawartzucht.de\/wp-content\/uploads\/2016\/07\/IMG_3331-300x285.jpg 300w, https:\/\/hovawartzucht.de\/wp-content\/uploads\/2016\/07\/IMG_3331-1024x974.jpg 1024w, https:\/\/hovawartzucht.de\/wp-content\/uploads\/2016\/07\/IMG_3331-315x300.jpg 315w\" sizes=\"auto, (max-width: 158px) 100vw, 158px\" \/> <\/a><a href=\"https:\/\/hovawartzucht.de\/wp-content\/uploads\/2016\/07\/IMG_3340.jpg\"><img loading=\"lazy\" decoding=\"async\" class=\"alignnone wp-image-565\" src=\"https:\/\/hovawartzucht.de\/wp-content\/uploads\/2016\/07\/IMG_3340-300x267.jpg\" alt=\"IMG_3340\" width=\"167\" height=\"150\" srcset=\"https:\/\/hovawartzucht.de\/wp-content\/uploads\/2016\/07\/IMG_3340-300x267.jpg 300w, https:\/\/hovawartzucht.de\/wp-content\/uploads\/2016\/07\/IMG_3340-337x300.jpg 337w\" sizes=\"auto, (max-width: 167px) 100vw, 167px\" \/><br \/>\n<\/a><\/strong>Die 3 blonden M\u00e4nnlein sind durchgehend mittelblond mit entsprechenden Aufhellungen. Kein weiss. Sie bekommen im Ohr und an den Lefzen sowie Pr\u00f6tchen bereits dunkles Pigment. Blond dunkelt im Wachstum generell noch nach.<\/p>\n<p><strong>3 H\u00fcndinnen<\/strong> in jeweils schwarzmarken, schwarz und blond<strong><br \/>\n<\/strong><a href=\"https:\/\/hovawartzucht.de\/wp-content\/uploads\/2016\/07\/IMG_3343.jpg\"><img loading=\"lazy\" decoding=\"async\" class=\"alignnone size-medium wp-image-555\" src=\"https:\/\/hovawartzucht.de\/wp-content\/uploads\/2016\/07\/IMG_3343-128x300.jpg\" alt=\"IMG_3343\" width=\"128\" height=\"300\" srcset=\"https:\/\/hovawartzucht.de\/wp-content\/uploads\/2016\/07\/IMG_3343-128x300.jpg 128w, https:\/\/hovawartzucht.de\/wp-content\/uploads\/2016\/07\/IMG_3343-438x1024.jpg 438w, https:\/\/hovawartzucht.de\/wp-content\/uploads\/2016\/07\/IMG_3343.jpg 1338w\" sizes=\"auto, (max-width: 128px) 100vw, 128px\" \/> <\/a><a href=\"https:\/\/hovawartzucht.de\/wp-content\/uploads\/2016\/07\/IMG_3375.jpg\"><img loading=\"lazy\" decoding=\"async\" class=\"alignnone wp-image-556\" src=\"https:\/\/hovawartzucht.de\/wp-content\/uploads\/2016\/07\/IMG_3375-300x278.jpg\" alt=\"IMG_3375\" width=\"152\" height=\"141\" srcset=\"https:\/\/hovawartzucht.de\/wp-content\/uploads\/2016\/07\/IMG_3375-300x278.jpg 300w, https:\/\/hovawartzucht.de\/wp-content\/uploads\/2016\/07\/IMG_3375-1024x949.jpg 1024w, https:\/\/hovawartzucht.de\/wp-content\/uploads\/2016\/07\/IMG_3375-324x300.jpg 324w\" sizes=\"auto, (max-width: 152px) 100vw, 152px\" \/><\/a><a href=\"https:\/\/hovawartzucht.de\/wp-content\/uploads\/2016\/07\/IMG_3368.jpg\"> <img loading=\"lazy\" decoding=\"async\" class=\"alignnone wp-image-557\" src=\"https:\/\/hovawartzucht.de\/wp-content\/uploads\/2016\/07\/IMG_3368-261x300.jpg\" alt=\"IMG_3368\" width=\"123\" height=\"140\" srcset=\"https:\/\/hovawartzucht.de\/wp-content\/uploads\/2016\/07\/IMG_3368-261x300.jpg 261w, https:\/\/hovawartzucht.de\/wp-content\/uploads\/2016\/07\/IMG_3368-892x1024.jpg 892w\" sizes=\"auto, (max-width: 123px) 100vw, 123px\" \/><br \/>\n<\/a>Die schwarzmarkenfarbene hat eine komplette mittelbraune Markenzeichnung.<br \/>\nDas Schwarz ist tiefschwarz &#8211; schw\u00e4rzer geht nicht.<br \/>\nDie Blondine hat -wie ihre Br\u00fcder auch- ein sch\u00f6ne mittlere Blondf\u00e4rbung mit Aufhellungen und ihr Pigment entwickelt sich.<\/p>\n<p><strong>28. Juli 2016 &#8211; Volltreffer, Mr. Kathorgal<\/strong><br \/>\nAlle Anzeichen f\u00fcr eine <strong>Tr\u00e4chtigkeit<\/strong> stehen auf gr\u00fcn: heute, am 24. Tag, sind nicht nur ihre Zitzen deutlich ver\u00e4ndert sondern auch der klassische Ausfluss ist da. Nun beginnen die Vorbereitungen f\u00fcr den <strong>I-Wurf<\/strong>.<br \/>\n<a href=\"https:\/\/hovawartzucht.de\/wp-content\/uploads\/2016\/04\/DSC_0258.jpg\"><img loading=\"lazy\" decoding=\"async\" class=\"alignnone size-medium wp-image-397\" src=\"https:\/\/hovawartzucht.de\/wp-content\/uploads\/2016\/04\/DSC_0258-300x179.jpg\" alt=\"DSC_0258\" width=\"300\" height=\"179\" srcset=\"https:\/\/hovawartzucht.de\/wp-content\/uploads\/2016\/04\/DSC_0258-300x179.jpg 300w, https:\/\/hovawartzucht.de\/wp-content\/uploads\/2016\/04\/DSC_0258-1024x610.jpg 1024w, https:\/\/hovawartzucht.de\/wp-content\/uploads\/2016\/04\/DSC_0258-500x298.jpg 500w\" sizes=\"auto, (max-width: 300px) 100vw, 300px\" \/><\/a><br \/>\nMutter: Gatia vom Wildweibchenstein<\/p>\n<p><a href=\"https:\/\/hovawartzucht.de\/wp-content\/uploads\/2016\/07\/20150216_201950.jpg\"><img loading=\"lazy\" decoding=\"async\" class=\"alignnone wp-image-425\" src=\"https:\/\/hovawartzucht.de\/wp-content\/uploads\/2016\/07\/20150216_201950-196x300.jpg\" alt=\"20150216_201950\" width=\"71\" height=\"107\" \/><\/a>\u00a0 <a href=\"https:\/\/hovawartzucht.de\/wp-content\/uploads\/2016\/07\/IMG_0303.jpg\"><img loading=\"lazy\" decoding=\"async\" class=\"alignnone wp-image-426\" src=\"https:\/\/hovawartzucht.de\/wp-content\/uploads\/2016\/07\/IMG_0303-300x200.jpg\" alt=\"IMG_0303\" width=\"162\" height=\"111\" \/>\u00a0<\/a> Titel<br \/>\n<a href=\"https:\/\/hovawartzucht.de\/wp-content\/uploads\/2016\/04\/DSC_0244.jpg\"><img loading=\"lazy\" decoding=\"async\" class=\"alignnone size-medium wp-image-381\" src=\"https:\/\/hovawartzucht.de\/wp-content\/uploads\/2016\/04\/DSC_0244-300x199.jpg\" alt=\"DSC_0244\" width=\"300\" height=\"199\" srcset=\"https:\/\/hovawartzucht.de\/wp-content\/uploads\/2016\/04\/DSC_0244-300x199.jpg 300w, https:\/\/hovawartzucht.de\/wp-content\/uploads\/2016\/04\/DSC_0244-1024x678.jpg 1024w, https:\/\/hovawartzucht.de\/wp-content\/uploads\/2016\/04\/DSC_0244-453x300.jpg 453w\" sizes=\"auto, (max-width: 300px) 100vw, 300px\" \/><br \/>\n<\/a>Die Deckungen verliefen in Ruhe und v\u00f6llig entspannt<\/p>\n","protected":false},"excerpt":{"rendered":"<p>Kathorgal van`t Beversnest x Gatia vom Wildweibchenstein Vater: Belgian Champion, Belgian Winner 2013 HD Frei, AU o.B., WH 68 cm,\u00a0DM N\/N. Mutter: V1, HD A1, AU o.B., WH 63 cm geb. am 3. September 2016\u00a0 \/ \u00a03 H\u00fc, 5 R\u00fc &hellip; <a href=\"https:\/\/hovawartzucht.de\/?page_id=412\">Weiterlesen <span class=\"meta-nav\">&rarr;<\/span><\/a><\/p>\n","protected":false},"author":1,"featured_media":0,"parent":0,"menu_order":0,"comment_status":"closed","ping_status":"closed","template":"","meta":{"footnotes":""},"class_list":["post-412","page","type-page","status-publish","hentry"],"_links":{"self":[{"href":"https:\/\/hovawartzucht.de\/index.php?rest_route=\/wp\/v2\/pages\/412","targetHints":{"allow":["GET"]}}],"collection":[{"href":"https:\/\/hovawartzucht.de\/index.php?rest_route=\/wp\/v2\/pages"}],"about":[{"href":"https:\/\/hovawartzucht.de\/index.php?rest_route=\/wp\/v2\/types\/page"}],"author":[{"embeddable":true,"href":"https:\/\/hovawartzucht.de\/index.php?rest_route=\/wp\/v2\/users\/1"}],"replies":[{"embeddable":true,"href":"https:\/\/hovawartzucht.de\/index.php?rest_route=%2Fwp%2Fv2%2Fcomments&post=412"}],"version-history":[{"count":115,"href":"https:\/\/hovawartzucht.de\/index.php?rest_route=\/wp\/v2\/pages\/412\/revisions"}],"predecessor-version":[{"id":4691,"href":"https:\/\/hovawartzucht.de\/index.php?rest_route=\/wp\/v2\/pages\/412\/revisions\/4691"}],"wp:attachment":[{"href":"https:\/\/hovawartzucht.de\/index.php?rest_route=%2Fwp%2Fv2%2Fmedia&parent=412"}],"curies":[{"name":"wp","href":"https:\/\/api.w.org\/{rel}","templated":true}]}}