{"id":35,"date":"2016-04-27T17:42:09","date_gmt":"2016-04-27T17:42:09","guid":{"rendered":"http:\/\/hovawartzucht.de\/?page_id=35"},"modified":"2026-01-21T16:50:00","modified_gmt":"2026-01-21T16:50:00","slug":"ueber-uns","status":"publish","type":"page","link":"https:\/\/hovawartzucht.de\/?page_id=35","title":{"rendered":"Historie"},"content":{"rendered":"<h1>Gebrauchshund Hovawart: <strong>Seit 1995 Hovawarte<\/strong><\/h1>\n<p>Durch meine erste Hovawart-H\u00fcndin <strong>Branca<\/strong> bin ich durch einen sch\u00f6nen Zufall zun\u00e4chst \u00fcber den Polizei- und Schutzhundeplatz in W\u00fcrzburg und die dortige Welpen- und Junghundeschule, beim Hovawart-Guru <em><strong>Paul Heck<\/strong><\/em> gelandet.<br \/>\nSein Sachverstand und seine Weisheit \u00fcber die Rasse Hovawart, legten den Grundstein f\u00fcr unsere inzwischen jahrzehntelange Hundesporterfahrung und ebenso den Startschuss der immer famili\u00e4r gepr\u00e4gten <strong>Hovawartzucht vom Wildweibchenstein<\/strong> im Rassezuchtverein f\u00fcr Hovawarthunde e.V.<\/p>\n<p>Begonnen hat unser Weg 1995 mit meiner ersten H\u00fcndin <strong>Branca von der Goldkutte<\/strong>, die -wenn auch nicht aus einer Leistungszucht stammend- sehr talentiert war. Es blieb 1997 ihr Sohn <strong>Attila <\/strong>\u00a0bei uns, dann folgte 2006 Attila`s Sohn aus der finnischen Zucht <strong>Monzahova Codak, <\/strong>daraufhin 2007 unsere <strong>Baxy z hrabovskych staji <\/strong>aus einer befreundeten tschechischen Zucht (alle im Herzen unvergessen). Im Moment leben Baxy`s Tochter <strong>Gatia vom Wildweibchenstein<\/strong> und ihre Tochter <strong>Klassik &#8222;Kiki&#8220; <\/strong>in unserer Familie.<\/p>\n<h2>Unser Hundesport<\/h2>\n<p>Branca wurde die Stammh\u00fcndin unserer Zucht<em>.<\/em> Mit ihr gelangte ich zum Hundesport und erreichte nicht nur hohe <a href=\"https:\/\/hovawartzucht.de\/?page_id=4279\">Leistungspr\u00fcfungen<\/a> innerhalb kurzer Zeit &#8211; lest hier gerne nach.\u00a0 Auch praktische Erfahrungen im Handling, der Verhaltesbeobachtung und immer interessiertes Zuschauen bei Sportskollegen brachten uns voran. Erfolge durch neue, verschiedene Wege, pr\u00e4gten unsere Lehrzeit. Bis heute sammelte sich ein grosses Wissen an, das durch die Erfahrung mit diversen Hunden, unterschiedlichen Charakteren anwuchs und wohl niemals ein Ende nimmt: denn jeder Hund ist anders!<\/p>\n<h2>Unsere Leistungserfolge<\/h2>\n<p>Ebenso mit Brancas Sohn <strong>Attila <\/strong>aus eigener Zucht, arbeitete ich auf hohem Niveau. Wiederum mit seinem Sohn <strong>Codak<\/strong>, als der leichtf\u00fchrigste von allen und wie ich behaupte, ein Hovawart, der am schnellsten die gesteckten Ziele trotz Beeintr\u00e4chtigung von den L\u00e4ufigkeiten durch unsere Alissa zuhause umsetzte.<br \/>\nMit seinem aufgeweckten Wesen, in seiner maskulinen, exzellenten Ausstrahlung &#8218;funktioniert&#8216; er bei geforderter Arbeit wie ein Magnet &#8211; es war mir immer eine riesen Freude, mit diesem Strahlemann zu arbeiten. Nachdem <strong>Codak<\/strong> die <strong>VPG1<\/strong> (wiederum mit hochl\u00e4ufiger H\u00fcndin zuhause) erfolgreich absolvierte, musste ich aus zeitlichen und privaten Gr\u00fcnden den Hundesport einschr\u00e4nken. Dies tut der gewollt sportlichen Veranlagung aller in unserer Familie <a href=\"https:\/\/hovawartzucht.de\/?page_id=41\">gez\u00fcchteten Nachkommen<\/a> gar keinen Abbruch.<\/p>\n<blockquote><p><strong>Ausgew\u00e4hlte Zuchtpartner sind nicht alleine nach dokumentierten Leistungserfolgen einzusch\u00e4tzen.<\/strong><\/p><\/blockquote>\n<p><span style=\"font-family: 'Helvetica Neue', Helvetica, Arial, 'Nimbus Sans L', sans-serif; font-style: normal;\">Wir legen auf den Erhalt der sportlichen Eigenschaften des Hovawarts und selektieren entsprechend. Unser know-how der Rasse Hovawart erreicht 30 Jahre, gefolgt von 28j\u00e4hrigen <\/span>Zuchterfahrung im <strong>Rassezuchtverein f\u00fcr Hovawarthunde e.V., <\/strong>dem \u00e4ltesten und gr\u00f6ssten Hovawart-VDH-Verein. Der <a href=\"https:\/\/hovawartzucht.de\/?page_id=434\">A-Wurf vom Wildweibchenstein<\/a> fiel vom 19. auf den 20.11.1997.<em style=\"font-family: Georgia, 'Bitstream Charter', serif;\"><strong><br \/>\n<\/strong><\/em><\/p>\n<h2>\u00dcber uns und unsere Zucht seit 1997<\/h2>\n<p><a href=\"https:\/\/hovawartzucht.de\/wp-content\/uploads\/2016\/04\/Esprit_8_2012.jpg\"><img loading=\"lazy\" decoding=\"async\" class=\"alignnone wp-image-312\" src=\"https:\/\/hovawartzucht.de\/wp-content\/uploads\/2016\/04\/Esprit_8_2012-242x300.jpg\" alt=\"Esprit_8_2012\" width=\"165\" height=\"202\" \/><\/a> <a href=\"https:\/\/hovawartzucht.de\/wp-content\/uploads\/2016\/04\/Codak_Maxima_Fasching2010.jpg\">\u00a0<\/a><a href=\"https:\/\/hovawartzucht.de\/wp-content\/uploads\/2016\/04\/Codak_Maxima_Fasching2010.jpg\"><img loading=\"lazy\" decoding=\"async\" class=\"alignnone wp-image-306\" src=\"https:\/\/hovawartzucht.de\/wp-content\/uploads\/2016\/04\/Codak_Maxima_Fasching2010-300x295.jpg\" alt=\"Codak_Maxima_Fasching2010\" width=\"208\" height=\"204\" srcset=\"https:\/\/hovawartzucht.de\/wp-content\/uploads\/2016\/04\/Codak_Maxima_Fasching2010-300x295.jpg 300w, https:\/\/hovawartzucht.de\/wp-content\/uploads\/2016\/04\/Codak_Maxima_Fasching2010-1024x1008.jpg 1024w, https:\/\/hovawartzucht.de\/wp-content\/uploads\/2016\/04\/Codak_Maxima_Fasching2010-305x300.jpg 305w, https:\/\/hovawartzucht.de\/wp-content\/uploads\/2016\/04\/Codak_Maxima_Fasching2010.jpg 1398w\" sizes=\"auto, (max-width: 208px) 100vw, 208px\" \/><\/a><\/p>\n<p>Unsere Hunde leben in Haus, Hof und in der Familie: Zwingerhaltung lehnen wir ab.<br \/>\nMit Sorgfalt w\u00e4hlen wir unsere Deckr\u00fcden aus.<br \/>\nIn aller Ruhe, kontrollierter Zur\u00fcckhaltung und bei Bedarf mit allerbester pers\u00f6nlicher und zuletzt \u00e4rztlicher Zuwendung, kommen unsere Welpen auf die Welt.<br \/>\nFolgende Philosophie begleitet uns dabei:<\/p>\n<blockquote><p><strong>Wir z\u00fcchten den Hovawart mit Leidenschaft, mit Herzblut und geben alles, um unseren Welpen einen guten Start ins Leben zu erm\u00f6glichen.<\/strong><\/p><\/blockquote>\n<p>So erleben unsere Welpen alle Arten von Pr\u00e4gung &#8211; im wechselnden <strong>Welpenparcour<\/strong>, durch Kinder, Besucher, andere Tiere, sp\u00e4ter auch auf Ausfl\u00fcgen an den Main, den See und selbstverst\u00e4ndlich lernen die Welpen auch das Autofahren auf dem Weg z.B. dorthin kennen.<\/p>\n<h2>Im In- und Ausland unterwegs<\/h2>\n<p><a href=\"https:\/\/hovawartzucht.de\/wp-content\/uploads\/2016\/04\/DSC_1053.jpg\"><img loading=\"lazy\" decoding=\"async\" class=\"alignnone wp-image-215\" src=\"https:\/\/hovawartzucht.de\/wp-content\/uploads\/2016\/04\/DSC_1053-300x199.jpg\" alt=\"DSC_1053\" width=\"186\" height=\"127\" \/><\/a><a href=\"https:\/\/hovawartzucht.de\/wp-content\/uploads\/2016\/04\/Exxon_Anja_Codak.jpg\">\u00a0 <\/a><a href=\"https:\/\/hovawartzucht.de\/wp-content\/uploads\/2016\/04\/Enjoy_Wildweibchenstein.jpg\"><img loading=\"lazy\" decoding=\"async\" class=\"alignnone wp-image-210\" src=\"https:\/\/hovawartzucht.de\/wp-content\/uploads\/2016\/04\/Enjoy_Wildweibchenstein-300x207.jpg\" alt=\"Enjoy_Wildweibchenstein\" width=\"177\" height=\"124\" \/><\/a> <a href=\"https:\/\/hovawartzucht.de\/wp-content\/uploads\/2016\/04\/Djanna_4Monate.jpg\"><img loading=\"lazy\" decoding=\"async\" class=\"alignnone wp-image-147\" src=\"https:\/\/hovawartzucht.de\/wp-content\/uploads\/2016\/04\/Djanna_4Monate-300x229.jpg\" alt=\"Djanna_4Monate\" width=\"158\" height=\"123\" \/><\/a><a href=\"https:\/\/hovawartzucht.de\/wp-content\/uploads\/2016\/04\/Dalarna_Mai_CACIBPolen.jpg\"><img loading=\"lazy\" decoding=\"async\" class=\"alignnone wp-image-145\" src=\"https:\/\/hovawartzucht.de\/wp-content\/uploads\/2016\/04\/Dalarna_Mai_CACIBPolen-300x237.jpg\" alt=\"Dalarna_Mai_CACIBPolen\" width=\"162\" height=\"130\" \/>\u00a0 <\/a><a href=\"https:\/\/hovawartzucht.de\/wp-content\/uploads\/2016\/04\/cropped-IMG_1443.jpg\"><img loading=\"lazy\" decoding=\"async\" class=\"alignnone wp-image-12\" src=\"https:\/\/hovawartzucht.de\/wp-content\/uploads\/2016\/04\/cropped-IMG_1443-300x218.jpg\" alt=\"cropped-IMG_1443.jpg\" width=\"179\" height=\"134\" \/><\/a><\/p>\n<p>Regelm\u00e4ssig besuchen wir <strong>nationale und internationale Ausstellungen: <\/strong>schaut Euch gerne die <a href=\"https:\/\/hovawartzucht.de\/?page_id=4273\">Ausstellungserfolge <\/a>unserer Hunde an.<br \/>\nDort sind wir mit unseren Hunden als Aussteller oder als interessierte Besucher vertreten. Ebenso Treffen, Zucht- Fortbildungsveranstaltungen sind fester Bestandteil unseres Tuns.<\/p>\n<p><a href=\"https:\/\/hovawartzucht.de\/wp-content\/uploads\/2016\/04\/NZB_GWurf4.jpg\"><img loading=\"lazy\" decoding=\"async\" class=\" wp-image-134\" src=\"https:\/\/hovawartzucht.de\/wp-content\/uploads\/2016\/04\/NZB_GWurf4-300x110.jpg\" alt=\"????????????????????????????????????\" width=\"465\" height=\"180\" \/>\u00a0 <\/a><\/p>\n<p>In unserem jahrzehntelangem Wirken als Hobbyz\u00fcchter der Rasse <strong>Hovawart<\/strong>, begegnen uns immer wieder Menschen aus nah und fern, woraus sich auch freundschaftliche Beziehungen entwickeln..<br \/>\nSo brachte dieses interessante Hobby Besuche im nahen Ausland mit sich. Unsere Reisefreude verbinden wir gerne mit gesellschaftlichen highlights, einer Ausstellung oder sonstigen Veranstaltung im gemeinsamen Interesse.<\/p>\n<h2>Unsere liebevolle Hobbyzucht<\/h2>\n<p>Hier im Bild der erste Wurf unserer <strong>Gatia 2016<\/strong>: 8 Welpen in allen Hovawart-Farben,<br \/>\ndie im In- und Ausland zu guten Familien gefunden haben: z.B. <em>Ibiza<\/em> in Belgien, <em>Imax<\/em> in den Niederlanden, <em>I am Happy<\/em> in Frankreich und alle fantastischen Geschwister in Deutschland.<br \/>\n<a href=\"https:\/\/hovawartzucht.de\/wp-content\/uploads\/2016\/04\/IMG_46041-e1504891364199.jpg\"><img loading=\"lazy\" decoding=\"async\" class=\"alignnone size-medium wp-image-1359\" src=\"https:\/\/hovawartzucht.de\/wp-content\/uploads\/2016\/04\/IMG_46041-e1504891364199-225x300.jpg\" alt=\"IMG_4604[1]\" width=\"225\" height=\"300\" srcset=\"https:\/\/hovawartzucht.de\/wp-content\/uploads\/2016\/04\/IMG_46041-e1504891364199-225x300.jpg 225w, https:\/\/hovawartzucht.de\/wp-content\/uploads\/2016\/04\/IMG_46041-e1504891364199-768x1024.jpg 768w\" sizes=\"auto, (max-width: 225px) 100vw, 225px\" \/><\/a> <a href=\"https:\/\/hovawartzucht.de\/wp-content\/uploads\/2016\/04\/IMG_48561.jpg\"><img loading=\"lazy\" decoding=\"async\" class=\"alignnone size-medium wp-image-1374\" src=\"https:\/\/hovawartzucht.de\/wp-content\/uploads\/2016\/04\/IMG_48561-300x225.jpg\" alt=\"IMG_4856[1]\" width=\"300\" height=\"225\" srcset=\"https:\/\/hovawartzucht.de\/wp-content\/uploads\/2016\/04\/IMG_48561-300x225.jpg 300w, https:\/\/hovawartzucht.de\/wp-content\/uploads\/2016\/04\/IMG_48561-1024x768.jpg 1024w, https:\/\/hovawartzucht.de\/wp-content\/uploads\/2016\/04\/IMG_48561-400x300.jpg 400w\" sizes=\"auto, (max-width: 300px) 100vw, 300px\" \/><\/a><\/p>\n<h2>Erinnerungen<\/h2>\n<p><a href=\"https:\/\/hovawartzucht.de\/wp-content\/uploads\/2016\/04\/DSC_01571.jpg\"><img loading=\"lazy\" decoding=\"async\" class=\"alignnone wp-image-75\" src=\"https:\/\/hovawartzucht.de\/wp-content\/uploads\/2016\/04\/DSC_01571-300x199.jpg\" alt=\"Alissa zu Gast bei ihrem Sohn \" width=\"252\" height=\"171\" \/><\/a><a href=\"https:\/\/hovawartzucht.de\/wp-content\/uploads\/2016\/04\/DSC_0255.jpg\">\u00a0<\/a><a href=\"https:\/\/hovawartzucht.de\/wp-content\/uploads\/2016\/04\/DSC_0166.jpg\"><img loading=\"lazy\" decoding=\"async\" class=\"alignnone wp-image-76\" src=\"https:\/\/hovawartzucht.de\/wp-content\/uploads\/2016\/04\/DSC_0166-300x199.jpg\" alt=\"Alissa mit Sohn Ericson, Schweiz\" width=\"255\" height=\"173\" \/><\/a><a href=\"https:\/\/hovawartzucht.de\/wp-content\/uploads\/2016\/04\/DSC_0255.jpg\"><br \/>\n<\/a>Oben <strong>Alissa<\/strong> zu Gast bei Sohnemann <strong>Ericson WWS<\/strong> im Engadin, Swizerland.<\/p>\n<h2>Lehrg\u00e4nge, Seminare, Fortbildungen &amp; das Fernstudium<\/h2>\n<p>\u00dcber Jahrzehnte hindurch begleitet uns die Rasse <strong>Hovawart<\/strong>. Als Rassekenner kann ich mich inzwischen bezeichnen. Meine Schwerpunkte ver\u00e4nderten sich \u00fcber die Jahre: vom Hundesportler zum zertifizierten Ausbilder im IGP-Sport hin oder als erfolgreicher Handler auf Hunde-Ausstellungen bis zum erfahrenen Hobbyz\u00fcchter.<br \/>\nSelbstredend sind uns neben all der Praxis auch in regelm\u00e4\u00dfigen Abst\u00e4nden Fortbildungen in <strong>Theorie <\/strong>in unterschiedlichen Bereichen sehr wichtig.<\/p>\n<p>Da ich am Wesen, der K\u00f6rpersprache und den Eigenheiten verschiedener Individuuen interessiert bin, habe ich mich seit Ende 2022 berufsbegleitend f\u00fcr die\u00a0 Fortbildung in der <strong>Tierpsychologie<\/strong> entschieden. Schwerpunkte meiner Lehrb\u00fccher mit umfassenden, abschliessenden Klausuren zu jedem Thema, sind der Hund, die Katze, die Kleintiere und das Pferd. Im Oktober 2024 habe ich das Studium mit <strong>Zertifikat<\/strong> abgeschlossen.<br \/>\n<a href=\"https:\/\/hovawartzucht.de\/wp-content\/uploads\/2022\/10\/IMG-20221001-WA0010.jpg\"><img loading=\"lazy\" decoding=\"async\" class=\"size-medium wp-image-6152 alignleft\" src=\"https:\/\/hovawartzucht.de\/wp-content\/uploads\/2022\/10\/IMG-20221001-WA0010-300x200.jpg\" alt=\"\" width=\"300\" height=\"200\" srcset=\"https:\/\/hovawartzucht.de\/wp-content\/uploads\/2022\/10\/IMG-20221001-WA0010-300x200.jpg 300w, https:\/\/hovawartzucht.de\/wp-content\/uploads\/2022\/10\/IMG-20221001-WA0010-1024x683.jpg 1024w, https:\/\/hovawartzucht.de\/wp-content\/uploads\/2022\/10\/IMG-20221001-WA0010-768x512.jpg 768w, https:\/\/hovawartzucht.de\/wp-content\/uploads\/2022\/10\/IMG-20221001-WA0010-1536x1024.jpg 1536w, https:\/\/hovawartzucht.de\/wp-content\/uploads\/2022\/10\/IMG-20221001-WA0010-450x300.jpg 450w, https:\/\/hovawartzucht.de\/wp-content\/uploads\/2022\/10\/IMG-20221001-WA0010.jpg 2048w\" sizes=\"auto, (max-width: 300px) 100vw, 300px\" \/><\/a><\/p>\n<p>Vielen Dank f\u00fcr Eure Aufmerksamkeit!<\/p>\n","protected":false},"excerpt":{"rendered":"<p>Gebrauchshund Hovawart: Seit 1995 Hovawarte Durch meine erste Hovawart-H\u00fcndin Branca bin ich durch einen sch\u00f6nen Zufall zun\u00e4chst \u00fcber den Polizei- und Schutzhundeplatz in W\u00fcrzburg und die dortige Welpen- und Junghundeschule, beim Hovawart-Guru Paul Heck gelandet. Sein Sachverstand und seine Weisheit &hellip; <a href=\"https:\/\/hovawartzucht.de\/?page_id=35\">Weiterlesen <span class=\"meta-nav\">&rarr;<\/span><\/a><\/p>\n","protected":false},"author":1,"featured_media":6058,"parent":0,"menu_order":0,"comment_status":"closed","ping_status":"closed","template":"sidebar-page.php","meta":{"footnotes":""},"class_list":["post-35","page","type-page","status-publish","has-post-thumbnail","hentry"],"_links":{"self":[{"href":"https:\/\/hovawartzucht.de\/index.php?rest_route=\/wp\/v2\/pages\/35","targetHints":{"allow":["GET"]}}],"collection":[{"href":"https:\/\/hovawartzucht.de\/index.php?rest_route=\/wp\/v2\/pages"}],"about":[{"href":"https:\/\/hovawartzucht.de\/index.php?rest_route=\/wp\/v2\/types\/page"}],"author":[{"embeddable":true,"href":"https:\/\/hovawartzucht.de\/index.php?rest_route=\/wp\/v2\/users\/1"}],"replies":[{"embeddable":true,"href":"https:\/\/hovawartzucht.de\/index.php?rest_route=%2Fwp%2Fv2%2Fcomments&post=35"}],"version-history":[{"count":72,"href":"https:\/\/hovawartzucht.de\/index.php?rest_route=\/wp\/v2\/pages\/35\/revisions"}],"predecessor-version":[{"id":8613,"href":"https:\/\/hovawartzucht.de\/index.php?rest_route=\/wp\/v2\/pages\/35\/revisions\/8613"}],"wp:featuredmedia":[{"embeddable":true,"href":"https:\/\/hovawartzucht.de\/index.php?rest_route=\/wp\/v2\/media\/6058"}],"wp:attachment":[{"href":"https:\/\/hovawartzucht.de\/index.php?rest_route=%2Fwp%2Fv2%2Fmedia&parent=35"}],"curies":[{"name":"wp","href":"https:\/\/api.w.org\/{rel}","templated":true}]}}