{"id":3498,"date":"2020-04-17T06:43:35","date_gmt":"2020-04-17T06:43:35","guid":{"rendered":"http:\/\/hovawartzucht.de\/?page_id=3498"},"modified":"2021-01-05T17:54:10","modified_gmt":"2021-01-05T17:54:10","slug":"neuigkeiten","status":"publish","type":"page","link":"https:\/\/hovawartzucht.de\/?page_id=3498","title":{"rendered":"Archiv 2020"},"content":{"rendered":"<p><strong>Theo &amp; seine Lieben besuchten uns zur Jahresabschlusswanderung 2020<br \/>\n<\/strong>Es war eine super Wanderung mit Euch!<\/p>\n<p><img loading=\"lazy\" decoding=\"async\" class=\" wp-image-4232 alignnone\" src=\"https:\/\/hovawartzucht.de\/wp-content\/uploads\/2021\/01\/IMG-20201230-WA0028-300x225.jpg\" alt=\"\" width=\"251\" height=\"191\" \/>\u00a0<img loading=\"lazy\" decoding=\"async\" class=\" wp-image-4233 alignnone\" src=\"https:\/\/hovawartzucht.de\/wp-content\/uploads\/2021\/01\/20201230_182414-300x204.jpg\" alt=\"\" width=\"277\" height=\"192\" \/><\/p>\n<p><img loading=\"lazy\" decoding=\"async\" class=\" wp-image-4231 alignnone\" src=\"https:\/\/hovawartzucht.de\/wp-content\/uploads\/2021\/01\/IMG-20201230-WA0027-225x300.jpg\" alt=\"\" width=\"206\" height=\"271\" \/><\/p>\n<p>Hovawart Geschwister unterwegs: Die Wanderung von der Burg Wertheim \u00fcber den &#8222;Weissen Turm&#8220; (siehe 3.Foto) auf der H\u00f6he mit anschliessendem wunderbaren Blick auf die &#8222;Mainschleife&#8220; f\u00fchrte uns weiter nach Urphar (1000j\u00e4hrige Wehrkirche) und im Maintal p\u00fcnktlich im Hellen wieder zur\u00fcck.<br \/>\nSehr sch\u00f6n wars mit Euch auf mehr als 13 km Ende Dezember 2020, ein perfekter Wandermonat \ud83d\ude42<\/p>\n<hr \/>\n<p style=\"text-align: left;\"><span style=\"color: #003300;\"><strong>2020&#8230;was f\u00fcr ein verr\u00fccktes Jahr!<\/strong><\/span><br \/>\n<span style=\"color: #003300;\">Gl\u00fccklich, stolz und froh sind wir, in diesem so schwierigen Jahr, verbunden mit vielen Entbehrungen,<br \/>\nalle strengen Voraussetzungen zur Zucht mit <strong>Kiki<\/strong> erf\u00fcllt zu haben:<br \/>\n<strong>Klassik &#8222;Kiki&#8220; vom Wildweibchenstein, <\/strong>NZB, JB, ZTP, HD-Frei A2,<br \/>\nfrei von erbl. Augenerkrankungen.<\/span><\/p>\n<p><span style=\"color: #000000;\">Wir planen zu ihrer n\u00e4chsten L\u00e4ufigkeit im Januar Kiki`s ersten Wurf Hovawartwelpen f\u00fcrs <strong>Fr\u00fchjahr 2021<\/strong><br \/>\n<\/span>Kiki`s Geschwister sind blond, schwarz und schwarzmarken.<br \/>\nWir freuen unsdaher auf alle drei Hovawart-Farben.<span style=\"color: #003300;\"><img loading=\"lazy\" decoding=\"async\" class=\"wp-image-4148 alignnone\" src=\"https:\/\/hovawartzucht.de\/wp-content\/uploads\/2020\/11\/Kiki1.0_Standfoto-2-300x216.jpg\" alt=\"\" width=\"454\" height=\"330\" \/><\/span><span style=\"color: #000000;\"><br \/>\nDa wir uns im 2. Lockdown befinden, sind wir reisetechnisch eingeschr\u00e4nkt. <span style=\"color: #000000;\">Im Rahmen aller Vorkehrungen und Warnungen geht das Leben weiter. <\/span>Wir sind bestrebt, den zuk\u00fcnftigen Partner zu Kiki`s Wohl stressfrei wie komplikationslos erreichen zu k\u00f6nnen. Wie uns hier die Vergangenheit best\u00e4tigt, hat d<span style=\"color: #000000;\">er Zeitpunkt, das Umfeld und die Chemie Priorit\u00e4t und muss stimmen <\/span>um gesunde Welpen auf den Weg zu bringen.<br \/>\n<strong>Schaut wieder vorbei, um demn\u00e4chst Neuigkeiten zu erfahren!<\/strong><br \/>\n<\/span><\/p>\n<hr \/>\n<p><strong>Dezember: Besuch und F\u00e4hrtentraining bei und mit Leopold<br \/>\n<\/strong>Zur Vorweihnachtszeit besuchten wir unseren Leopold im hessischen Trebur. Eine kurze aber intensive Zeit mit Spaziergang, F\u00e4hrtenfreude und gem\u00fctlichem Zusammensein mit Kaffee und Pl\u00e4tzchen haben wir Anfang Dezember gemeinsam<br \/>\nmit seiner Schwester und Mama Gatia genossen.<br \/>\n<img loading=\"lazy\" decoding=\"async\" class=\" wp-image-4190 alignnone\" src=\"https:\/\/hovawartzucht.de\/wp-content\/uploads\/2020\/12\/20201206_193439-300x290.jpg\" alt=\"\" width=\"230\" height=\"223\" srcset=\"https:\/\/hovawartzucht.de\/wp-content\/uploads\/2020\/12\/20201206_193439-300x290.jpg 300w, https:\/\/hovawartzucht.de\/wp-content\/uploads\/2020\/12\/20201206_193439-1024x990.jpg 1024w, https:\/\/hovawartzucht.de\/wp-content\/uploads\/2020\/12\/20201206_193439-768x742.jpg 768w, https:\/\/hovawartzucht.de\/wp-content\/uploads\/2020\/12\/20201206_193439-310x300.jpg 310w, https:\/\/hovawartzucht.de\/wp-content\/uploads\/2020\/12\/20201206_193439.jpg 1260w\" sizes=\"auto, (max-width: 230px) 100vw, 230px\" \/> \u00a0<img loading=\"lazy\" decoding=\"async\" class=\" wp-image-4192 alignnone\" src=\"https:\/\/hovawartzucht.de\/wp-content\/uploads\/2020\/12\/IMG-20201128-WA0001-e1607807495351-300x280.jpg\" alt=\"\" width=\"236\" height=\"221\" srcset=\"https:\/\/hovawartzucht.de\/wp-content\/uploads\/2020\/12\/IMG-20201128-WA0001-e1607807495351-300x280.jpg 300w, https:\/\/hovawartzucht.de\/wp-content\/uploads\/2020\/12\/IMG-20201128-WA0001-e1607807495351-1024x956.jpg 1024w, https:\/\/hovawartzucht.de\/wp-content\/uploads\/2020\/12\/IMG-20201128-WA0001-e1607807495351-768x717.jpg 768w, https:\/\/hovawartzucht.de\/wp-content\/uploads\/2020\/12\/IMG-20201128-WA0001-e1607807495351-321x300.jpg 321w, https:\/\/hovawartzucht.de\/wp-content\/uploads\/2020\/12\/IMG-20201128-WA0001-e1607807495351.jpg 1055w\" sizes=\"auto, (max-width: 236px) 100vw, 236px\" \/><\/p>\n<hr \/>\n<p><strong>Welpentreffen, L-Wurf 2020 im November<\/strong><br \/>\nAufgrund des angek\u00fcndigten Lock Downs II konnten wir das <strong>Welpentreffen <\/strong>am <strong>8.11.<\/strong> leider nicht durchf\u00fchren und mussten umdisponieren:<br \/>\nso machte sich immerhin kurzfristig <strong>LEXUS<\/strong> mit Familie am <strong>Sonntag, 1.11.<\/strong> aus NRW auf den Weg in Hundis Heimat und wir verbrachten einen sch\u00f6nen Nachmittag mit leckerer Einkehr im <em>Wertheimer Burgrestaurant<\/em>. Dem anschliessenden Spaziergang von der Burg zum <em>Schl\u00f6sschen im Hofgarten<\/em> folgte zur\u00fcck am Main noch ein Stadtrundgang und F\u00fchrung lite entlang der Tauber mit <strong>Gatia &amp; Sohn<\/strong>.<br \/>\n\u00dcber Euer Kommen habe ich mich sehr gefreut &#8211; danke f\u00fcr den sch\u00f6nen, gemeinsamen Nachmittag <em>Birgit, Thomas, Niklas &amp; Ryan!<\/em><\/p>\n<hr \/>\n<p><img loading=\"lazy\" decoding=\"async\" class=\"size-medium wp-image-4074 alignnone\" src=\"https:\/\/hovawartzucht.de\/wp-content\/uploads\/2020\/10\/IMG-20200919-WA0024-e1602705480909-300x209.jpg\" alt=\"\" width=\"300\" height=\"209\" srcset=\"https:\/\/hovawartzucht.de\/wp-content\/uploads\/2020\/10\/IMG-20200919-WA0024-e1602705480909-300x209.jpg 300w, https:\/\/hovawartzucht.de\/wp-content\/uploads\/2020\/10\/IMG-20200919-WA0024-e1602705480909-1024x713.jpg 1024w, https:\/\/hovawartzucht.de\/wp-content\/uploads\/2020\/10\/IMG-20200919-WA0024-e1602705480909-768x535.jpg 768w, https:\/\/hovawartzucht.de\/wp-content\/uploads\/2020\/10\/IMG-20200919-WA0024-e1602705480909-431x300.jpg 431w, https:\/\/hovawartzucht.de\/wp-content\/uploads\/2020\/10\/IMG-20200919-WA0024-e1602705480909.jpg 1108w\" sizes=\"auto, (max-width: 300px) 100vw, 300px\" \/> \u00a0<img loading=\"lazy\" decoding=\"async\" class=\"wp-image-3081 alignnone\" src=\"https:\/\/hovawartzucht.de\/wp-content\/uploads\/2016\/04\/20191206_2143341-300x262.jpg\" alt=\"\" width=\"242\" height=\"213\" srcset=\"https:\/\/hovawartzucht.de\/wp-content\/uploads\/2016\/04\/20191206_2143341-768x672.jpg 768w, https:\/\/hovawartzucht.de\/wp-content\/uploads\/2016\/04\/20191206_2143341-1024x895.jpg 1024w, https:\/\/hovawartzucht.de\/wp-content\/uploads\/2016\/04\/20191206_2143341-343x300.jpg 343w\" sizes=\"auto, (max-width: 242px) 100vw, 242px\" \/><\/p>\n<p><strong>10. Oktober 2020<\/strong> unsere KIKI alias &#8222;Klassik&#8220; hat ihre <strong>ZTP in Schleiz bestanden<\/strong>.<br \/>\nMein s\u00fcsses M\u00e4dchen, ich freue mich riesig! (Mehr im Blog)<\/p>\n<hr \/>\n<p>Ihr Bruder <strong>Kellogs alias &#8222;Kosta&#8220;<\/strong> besteht mit einem sehr gut seine <strong>Begleithundepr\u00fcfung<\/strong> bei den Hovianern in Michelstadt. Super, Kellogs &amp; Thomas!<\/p>\n<p><strong>Leopold, Lexa und Lola in der Welpen-\/Junghundeschule:<br \/>\n<img loading=\"lazy\" decoding=\"async\" class=\" wp-image-4062 alignnone\" src=\"https:\/\/hovawartzucht.de\/wp-content\/uploads\/2020\/09\/Lola1-300x225.jpg\" alt=\"\" width=\"229\" height=\"169\" \/>\u00a0<img loading=\"lazy\" decoding=\"async\" class=\" wp-image-4061 alignnone\" src=\"https:\/\/hovawartzucht.de\/wp-content\/uploads\/2020\/09\/Leopold3.-1-300x206.jpg\" alt=\"\" width=\"253\" height=\"169\" \/> <img loading=\"lazy\" decoding=\"async\" class=\"wp-image-4063 size-medium alignnone\" src=\"https:\/\/hovawartzucht.de\/wp-content\/uploads\/2020\/09\/LEXA_LEOPOLD-scaled-e1601385357103-300x154.jpg\" alt=\"\" width=\"300\" height=\"154\" srcset=\"https:\/\/hovawartzucht.de\/wp-content\/uploads\/2020\/09\/LEXA_LEOPOLD-scaled-e1601385357103-300x154.jpg 300w, https:\/\/hovawartzucht.de\/wp-content\/uploads\/2020\/09\/LEXA_LEOPOLD-scaled-e1601385357103-1024x527.jpg 1024w, https:\/\/hovawartzucht.de\/wp-content\/uploads\/2020\/09\/LEXA_LEOPOLD-scaled-e1601385357103-768x395.jpg 768w, https:\/\/hovawartzucht.de\/wp-content\/uploads\/2020\/09\/LEXA_LEOPOLD-scaled-e1601385357103-1536x790.jpg 1536w, https:\/\/hovawartzucht.de\/wp-content\/uploads\/2020\/09\/LEXA_LEOPOLD-scaled-e1601385357103-500x257.jpg 500w, https:\/\/hovawartzucht.de\/wp-content\/uploads\/2020\/09\/LEXA_LEOPOLD-scaled-e1601385357103.jpg 1779w\" sizes=\"auto, (max-width: 300px) 100vw, 300px\" \/><br \/>\n<\/strong><\/p>\n<hr \/>\n<p><b>26. September<br \/>\n<\/b>Obediencepr\u00fcfung in den Niederlanden<br \/>\n<b>JAMES <\/b>&#8222;Jaymie&#8220; besteht die <strong>Obedience-Beginner-Pr\u00fcfung<\/strong>. Juhu, wir gratulieren dem Team <strong>Natalija &amp; Jaymie<\/strong> ganz herzlich!<b><\/b><\/p>\n<p>Leistungspr\u00fcfung in Babenhausen<br \/>\n<strong>JUBILEE<\/strong> &#8222;Lucy&#8220; besteht die <strong>Begleithundepr\u00fcfung<\/strong> (unter 5 Startern die beste!) des Tages. Was ein Erfolg f\u00fcr Bernd und sein M\u00e4dchen.<\/p>\n<p><img loading=\"lazy\" decoding=\"async\" class=\"size-medium wp-image-4067 alignnone\" src=\"https:\/\/hovawartzucht.de\/wp-content\/uploads\/2020\/10\/IMG-20201003-WA0006-300x200.jpg\" alt=\"\" width=\"300\" height=\"200\" \/><\/p>\n<p>Wir gratulieren und schicken anerkennende Gr\u00fc\u00dfe f\u00fcr den Hundesport Einstieg.<\/p>\n<hr \/>\n<p><strong>19. September <\/strong>K\u00f6rveranstaltung in Kelkheim<strong><br \/>\n<\/strong>Die Geschwister <strong>Kosta <\/strong>&#8222;Kellogs&#8220;, <strong>Kronos <\/strong>&#8222;Theo&#8220; und <strong>Klassik <\/strong>&#8222;Kiki&#8220; bestehen die <strong>Jugendbeurteilung<\/strong> unter den K\u00f6rmeisterinnen Frau Sabine Jacobs und Frau Kisten Wesche. Wir freuen uns und sind gl\u00fccklich \u00fcber den sch\u00f6nen Verlauf und das faire Richten.<\/p>\n<p><img loading=\"lazy\" decoding=\"async\" class=\"size-medium wp-image-4070 alignnone\" src=\"https:\/\/hovawartzucht.de\/wp-content\/uploads\/2020\/10\/20201011_102319-300x198.jpg\" alt=\"\" width=\"300\" height=\"198\" srcset=\"https:\/\/hovawartzucht.de\/wp-content\/uploads\/2020\/10\/20201011_102319-300x198.jpg 300w, https:\/\/hovawartzucht.de\/wp-content\/uploads\/2020\/10\/20201011_102319-768x508.jpg 768w, https:\/\/hovawartzucht.de\/wp-content\/uploads\/2020\/10\/20201011_102319-454x300.jpg 454w, https:\/\/hovawartzucht.de\/wp-content\/uploads\/2020\/10\/20201011_102319.jpg 889w\" sizes=\"auto, (max-width: 300px) 100vw, 300px\" \/><img loading=\"lazy\" decoding=\"async\" class=\"size-medium wp-image-4072 alignnone\" src=\"https:\/\/hovawartzucht.de\/wp-content\/uploads\/2020\/10\/20200921_123325-300x271.jpg\" alt=\"\" width=\"300\" height=\"271\" srcset=\"https:\/\/hovawartzucht.de\/wp-content\/uploads\/2020\/10\/20200921_123325-300x271.jpg 300w, https:\/\/hovawartzucht.de\/wp-content\/uploads\/2020\/10\/20200921_123325-1024x926.jpg 1024w, https:\/\/hovawartzucht.de\/wp-content\/uploads\/2020\/10\/20200921_123325-768x694.jpg 768w, https:\/\/hovawartzucht.de\/wp-content\/uploads\/2020\/10\/20200921_123325-1536x1388.jpg 1536w, https:\/\/hovawartzucht.de\/wp-content\/uploads\/2020\/10\/20200921_123325-332x300.jpg 332w, https:\/\/hovawartzucht.de\/wp-content\/uploads\/2020\/10\/20200921_123325.jpg 2009w\" sizes=\"auto, (max-width: 300px) 100vw, 300px\" \/> <img loading=\"lazy\" decoding=\"async\" class=\"size-medium wp-image-4074 alignnone\" src=\"https:\/\/hovawartzucht.de\/wp-content\/uploads\/2020\/10\/IMG-20200919-WA0024-300x225.jpg\" alt=\"\" width=\"300\" height=\"225\" \/><br \/>\n<strong>Ivanhoe<\/strong> startete als erste ZTP des Tages. Leider konnte er (4 von 5 konnten nicht bestehen) das Ziel nicht erreichen. Er war zu sehr mit schn\u00fcffeln besch\u00e4ftigt.<br \/>\n&#8211; Der noch junge <strong>Leopold<\/strong> leistet dem Team <strong>WWS<\/strong> als Fanclub Unterst\u00fctzung. Dankesch\u00f6n f\u00fcrs kommen.<\/p>\n<hr \/>\n<p><strong>24. August<br \/>\n<\/strong>wird <strong>Havel <\/strong>Vater von 9 Welpen in den Niederlanden. Wir gratulieren herzlich und w\u00fcnschen Mutter und Welpen Gesundheit und gute neue Familien.<br \/>\n&#8211; Havel &#8222;Don&#8220; besucht Anfang Oktober seine Nachkommen in Holland.<strong><br \/>\n<\/strong><\/p>\n<hr \/>\n<p><strong>Klubsiegerausstellung in Aarau\/Schweiz<br \/>\nKiki <\/strong>erreicht in der Zwischenklasse unter dem Spezialzuchtrichter <strong>Harald Eickhoff <\/strong>eine sehr sch\u00f6ne Platzierung: <strong>Vorz\u00fcglich 2, Res, Anw. CHCh.<\/strong><\/p>\n<p>Ein sonniger, sch\u00f6ner Tag sowie gelungene Veranstaltung mit vielen lieben Wiedersehen und Treffen von langj\u00e4hrigen Freunden. Wir haben den Schweizer Besuch sehr sch\u00f6n in Erinnerung.<\/p>\n<p><strong>&gt; Bilder folgen &lt;<\/strong><\/p>\n<hr \/>\n<p><strong>2. August<\/strong>\u00a0&#8211; <strong>JUBILEE<\/strong> &#8222;Lucy&#8220; besteht in TBB unter Marco Mummenshol und Eva Preisinger Ihre <strong>Zuchttauglichkeitspr\u00fcfung<\/strong>. Toll gemacht und herzlichen Gl\u00fcckwunsch!<\/p>\n<hr \/>\n<p><strong>25. Juli &#8211; KIM<\/strong> &#8222;Frieda&#8220; besteht die <strong>Begleithundepr\u00fcfung<\/strong>. Super gemacht, wir gratulieren herzlich zu dem jungen Erfolg.<br \/>\n&#8211; Frieda nimmt Anfang Sep. am Schutzdienstwochenende in Pfedelbach teil.<\/p>\n<hr \/>\n<p><strong>22. Juni <\/strong>deckt<strong> Havel WWS <\/strong>die NL-H\u00fcndin Caidey van de Haskerazathe aus den Niederlanden. Viel Gl\u00fcck!<\/p>\n<hr \/>\n<p><strong>17. Juni <\/strong>Es l\u00e4uft prima mit der Entwicklung der 10 Welpen: sie nehmen sch\u00f6n zu, sind entwurmt und hatten bereits einige Mahlzeiten an Welpenmilch als auch Rinderhack genossen.<\/p>\n<hr \/>\n<p style=\"text-align: left;\"><span style=\"color: #993300;\"><span style=\"color: #001000;\"><strong>2. Juni<\/strong> Unsere Welpen bekommen ersten Besuch:<br \/>\nunsere Zuchtwartin Karin darf nach intensiver Begr\u00fc\u00dfung von Gatia zu ihrem Nachwuchs. Alle 10 liegen satt und schlafend in Ihrem Gemach im G\u00e4stezimmer. Bei der Begutachtung der einzelnen Welpen wirkt Gatia gelassen. Wer sie kennt der weiss, dass die Hundemama dabei jede Bewegung und Handlung an ihren Kinderchen jedoch exakt be\u00e4ugt w\u00e4hrend sie bei ihren Kindern im Nest sitzt. Das langj\u00e4hrige Vertrauensverh\u00e4ltnis zwischen ihr und Karin ist die beste Basis f\u00fcr einen liebevollen Check unserer j\u00fcngsten Nachkommen. I<\/span><\/span><span style=\"color: #993300;\"><span style=\"color: #001000;\">n Ruhe und mit positiver Resonanz \u00fcber jeden einzelnen Welpen gehts noch an die Namensvergabe. Somit w\u00e4re ein zweiter, sehr guter Schritt in die Zukunft getan! Danke f\u00fcr den sch\u00f6nen Vormittag \ud83d\ude42<\/span><\/span><\/p>\n<hr \/>\n<p><strong>25. Mai <\/strong>Unsere hochtragende Hundemami hat etwas fr\u00fcher als geplant 10 gesunden Welpen das Leben geschenkt. Sie meisterte alles ohne Hilfe und dar\u00fcber sind wir ihr dankbar und auch sehr stolz. Gatia, die beste Hundemama!<\/p>\n<p>5 H\u00fcndinnen &#8211; 2 schwarz, 3 schwarzmarken<br \/>\n5 R\u00fcden &#8211; 2 schwarz, 3 schwarzmarken.<\/p>\n<hr \/>\n<p><strong>13. Mai <\/strong>Gatia ist am Ende der 7. Woche der Tr\u00e4chtigkeit. Die Wurfkiste steht seit dem Wochenende und die werdende Mama bezieht sie manchmal. Wie sch\u00f6n: Gatia kennt die Abl\u00e4ufe und das beruhigt \ud83d\ude42<\/p>\n<hr \/>\n<p style=\"text-align: left;\"><span style=\"color: #003300;\"><strong>27. April 2020 <\/strong>Am Wochenende hatte Gatia weitere positive Anzeichen einer Tr\u00e4chtigkeit, ihre Figur und auch Ihr Fressverhalten ver\u00e4ndern sich nun auch.<\/span><\/p>\n<hr \/>\n<p><strong>22. April 2020 <\/strong>Wir freuen uns \u00fcber weitere 3 <strong>HD-Freie A2<\/strong>-Ergebnisse des K-Wurfes:<br \/>\n<strong>Karlos, Kosmo und Klassik <\/strong>\ud83d\ude42<\/p>\n<hr \/>\n<p><strong>16. April 2020 <\/strong>Heute fr\u00fch, Tag 23 nach dem Decken, l\u00fcftet <strong>Gatia<\/strong> auch f\u00fcr uns ihr bisher pers\u00f6nliches Geheimnis: sie tr\u00e4gt. Wir freuen uns, nun Gewissheit in aller Form zu haben und werden unsere allerliebste Blondine in dieser Zeit ganz besonders, gaaaaaanz besonders lieb haben! Wir freuen uns einfach gemeinsam!<\/p>\n<p>Nun gibt es den seit langem geplanten <a href=\"https:\/\/hovawartzucht.de\/?page_id=345\">Blog<\/a>. Besucht uns!<\/p>\n<hr \/>\n<p><strong>14. April 2020 <\/strong>Es bleibt spannend: <strong>IBIZA &#8222;Lola&#8220; <\/strong>(Gatia x Kathorgal) geht in 4 Wochen zum Ultraschall. Vater Ihrer zu erwartenden Welpen ist der blonde Marley Aldeon. Wir w\u00fcnschen gutes Gelingen!<strong><br \/>\n<\/strong><\/p>\n<hr \/>\n<p><strong>12. April 2020 <\/strong>Unser<strong> IMAX<\/strong> (Gatia x Kathorgal) wurde das 2. Mal Vater: wir gratulieren herzlich f\u00fcr die 11 k\u00f6pfige Mannschaft in schwarzmarken und blond. Die Zuchtst\u00e4tte befindet sich in den Niederlanden. Wir w\u00fcnschen den Kinderchen alles Gute!<\/p>\n<hr \/>\n<p style=\"text-align: left;\"><span style=\"color: #993300;\"><strong><span style=\"color: #000000;\">2. April 2020 <\/span><\/strong><span style=\"color: #000000;\">Die &#8222;Corona-Pandemie&#8220; brachte eine Plan-\u00c4nderung mit sich. Unser <strong>Havel<\/strong> <strong>vom Wildweibchenstein<\/strong> deckte die H\u00fcndin Alina vom T\u00fcbinger Tor.\u00a0<\/span><strong><span style=\"color: #000000;\"><br \/>\n<\/span><\/strong><\/span><\/p>\n<hr \/>\n<p style=\"text-align: left;\"><span style=\"color: #993300;\"><strong><span style=\"color: #000000;\">26. M\u00e4rz 2020 <\/span><\/strong><span style=\"color: #000000;\">&#8211; <strong>Ungew\u00f6hnliche <\/strong><\/span><span style=\"color: #000000;\"><strong>Zeiten brauchen L\u00f6sungen: here we are.<\/strong><br \/>\nWir haben uns entschieden und wollen es probieren. Das mitten in nie dagewesenen Zeiten. Denn wir glauben daran, dass sich die allgemeine Lage bessern wird.<br \/>\nNach einer Corvid-bedingten Kurs\u00e4nderung, haben wir u<\/span><span style=\"color: #000000;\">nsere erfahrene Blondine <strong>Gatia<\/strong> von dem sm-R\u00fcden <\/span><strong><span style=\"color: #000000;\">Damon von der blanken Horst <\/span><\/strong><span style=\"color: #000000;\">decken lassen.<br \/>\n<strong>Gatia<\/strong> hat es dem jungen R\u00fcden mit der Sonne am Horizont und in ihrem Herzen leicht gemacht. Wir freuen uns und erwarten ihren <a href=\"https:\/\/hovawartzucht.de\/?page_id=2659\">Wurf<\/a>\u00a0um den 28. Mai 2020.<\/span><\/span><\/p>\n<p>Die Eltern des L-Wurf: <strong>GATIA &amp; DAMON<\/strong><br \/>\n<img loading=\"lazy\" decoding=\"async\" class=\"wp-image-2613 alignnone\" src=\"https:\/\/hovawartzucht.de\/wp-content\/uploads\/2019\/07\/20190714_2056281-e1563180412202-1024x775.jpg\" alt=\"\" width=\"321\" height=\"246\" \/> <img loading=\"lazy\" decoding=\"async\" class=\"alignnone wp-image-3303 size-medium\" src=\"https:\/\/hovawartzucht.de\/wp-content\/uploads\/2020\/03\/Damon-von-der-Blanken-Horst-6-620x930-1-200x300.jpg\" alt=\"\" width=\"200\" height=\"300\" srcset=\"https:\/\/hovawartzucht.de\/wp-content\/uploads\/2020\/03\/Damon-von-der-Blanken-Horst-6-620x930-1-200x300.jpg 200w, https:\/\/hovawartzucht.de\/wp-content\/uploads\/2020\/03\/Damon-von-der-Blanken-Horst-6-620x930-1.jpg 620w\" sizes=\"auto, (max-width: 200px) 100vw, 200px\" \/><\/p>\n<hr \/>\n<p style=\"text-align: left;\"><span style=\"color: #993300;\"><strong><span style=\"color: #000000;\">22. M\u00e4rz 2020<br \/>\n<\/span><\/strong><span style=\"color: #000000;\"><strong>Gatia<\/strong> ist l\u00e4ufig und es ist angespannt genug \u00fcberall. Vielleicht um Euch das Leben bunter zu gestalten, machen wir uns diese Woche <\/span><span style=\"color: #000000;\">mit unserer <strong>Gatia<\/strong> auf den Weg.<br \/>\nWir ver\u00e4ndern bestimmt nicht die Welt. Aber garantiert w\u00fcrde Euer Leben mit einem Welpen lustiger \ud83d\ude42<\/span><\/span><\/p>\n<hr \/>\n<p style=\"text-align: left;\"><span style=\"color: #993300;\"><strong><span style=\"color: #000000;\">27. Februar 2020<\/span><\/strong><br \/>\n<span style=\"color: #000000;\">Bisher gibt es noch keine Neuigkeiten, <strong>Gatia`s<\/strong> L\u00e4ufigkeit betreffend. Sie wartet.<br \/>\n<\/span><span style=\"color: #000000;\">Wir auch. Auch Ihre Tochter <em>Jubilee<\/em>, die meist gleichzeitig mit der Mama heiss wird, l\u00e4sst sich Zeit. Die Natur wird es regeln \ud83d\ude42<\/span><\/span><\/p>\n<p><span style=\"color: #000000;\">Neueste HD-Ergebnisse: <\/span><strong style=\"color: #993300;\"><span style=\"color: #000000;\">K-Wurf<br \/>\nKronos <\/span><\/strong><span style=\"color: #000000;\">und <\/span><strong style=\"color: #993300;\"><span style=\"color: #000000;\">K\u00e4the <\/span><\/strong><span style=\"color: #000000;\">wird eine<\/span><strong style=\"color: #993300;\"><span style=\"color: #000000;\"> HD-A2-H\u00fcfte <\/span><\/strong><span style=\"color: #000000;\">best\u00e4tigt.<br \/>\n<strong>Kody<\/strong> und <strong>Kosta <\/strong>wird eine <strong>HD-B1-H\u00fcfte <\/strong>best\u00e4tigt.<\/span><\/p>\n","protected":false},"excerpt":{"rendered":"<p>Theo &amp; seine Lieben besuchten uns zur Jahresabschlusswanderung 2020 Es war eine super Wanderung mit Euch! \u00a0 Hovawart Geschwister unterwegs: Die Wanderung von der Burg Wertheim \u00fcber den &#8222;Weissen Turm&#8220; (siehe 3.Foto) auf der H\u00f6he mit anschliessendem wunderbaren Blick auf &hellip; <a href=\"https:\/\/hovawartzucht.de\/?page_id=3498\">Weiterlesen <span class=\"meta-nav\">&rarr;<\/span><\/a><\/p>\n","protected":false},"author":1,"featured_media":0,"parent":0,"menu_order":0,"comment_status":"closed","ping_status":"closed","template":"","meta":{"footnotes":""},"class_list":["post-3498","page","type-page","status-publish","hentry"],"_links":{"self":[{"href":"https:\/\/hovawartzucht.de\/index.php?rest_route=\/wp\/v2\/pages\/3498","targetHints":{"allow":["GET"]}}],"collection":[{"href":"https:\/\/hovawartzucht.de\/index.php?rest_route=\/wp\/v2\/pages"}],"about":[{"href":"https:\/\/hovawartzucht.de\/index.php?rest_route=\/wp\/v2\/types\/page"}],"author":[{"embeddable":true,"href":"https:\/\/hovawartzucht.de\/index.php?rest_route=\/wp\/v2\/users\/1"}],"replies":[{"embeddable":true,"href":"https:\/\/hovawartzucht.de\/index.php?rest_route=%2Fwp%2Fv2%2Fcomments&post=3498"}],"version-history":[{"count":79,"href":"https:\/\/hovawartzucht.de\/index.php?rest_route=\/wp\/v2\/pages\/3498\/revisions"}],"predecessor-version":[{"id":4270,"href":"https:\/\/hovawartzucht.de\/index.php?rest_route=\/wp\/v2\/pages\/3498\/revisions\/4270"}],"wp:attachment":[{"href":"https:\/\/hovawartzucht.de\/index.php?rest_route=%2Fwp%2Fv2%2Fmedia&parent=3498"}],"curies":[{"name":"wp","href":"https:\/\/api.w.org\/{rel}","templated":true}]}}