{"id":2403,"date":"2019-06-19T06:58:05","date_gmt":"2019-06-19T06:58:05","guid":{"rendered":"http:\/\/hovawartzucht.de\/?page_id=2403"},"modified":"2024-05-30T19:27:19","modified_gmt":"2024-05-30T19:27:19","slug":"links","status":"publish","type":"page","link":"https:\/\/hovawartzucht.de\/?page_id=2403","title":{"rendered":"Links"},"content":{"rendered":"<p>Hier pr\u00e4sentieren wir auf vertrauensvolle Seiten, die unsere Wege kreuzten und begleiteten. Schaut einfach mal rein!<\/p>\n<p><a href=\"http:\/\/www.wetzstein-world.de\/Don\" target=\"_self\" rel=\"noopener noreferrer\">Deckr\u00fcde HAVEL WWS &#8211; aus unserer Zucht<\/a><\/p>\n<p><a href=\"https:\/\/www.imax-vom-wildweibchenstein.nl\" target=\"_self\" rel=\"noopener noreferrer\">Deckr\u00fcde IMAX WWS (NL) &#8211; aus unserer Zucht<\/a><\/p>\n<p><a href=\"https:\/\/www.hovawart.org\/hovithek\/magendrehung\/\">Informatives aus der Hovithek<\/a><\/p>\n<p><strong>Unmittelbare Umgebung in unserer Heimat:<\/strong><\/p>\n<p><a href=\"https:\/\/www.stadtprozelten.de\/tourismus-kultur\/freizeitangebot\/henneburg\/\">Henneburg in Stadtprozelten, Bayern<\/a><\/p>\n<p><a href=\"https:\/\/www.wertheim.de\/mh\/faehre.html\">Die Mainf\u00e4hre von Mondfeld nach Stadtprozelten<\/a><\/p>\n<p><a href=\"https:\/\/mondfeld-main.de\/faehre-mondfeld\/\">Ein Hommage unserer Mainf\u00e4hre \/ 500m von uns entfernt<\/a><\/p>\n<p><a href=\"http:\/\/www.gaestefuehrer-wertheim.de\" target=\"_self\" rel=\"noopener noreferrer\">Wer mehr mit uns \u00fcber die Kreisstadt Wertheim erleben m\u00f6chte<\/a><\/p>\n","protected":false},"excerpt":{"rendered":"<p>Hier pr\u00e4sentieren wir auf vertrauensvolle Seiten, die unsere Wege kreuzten und begleiteten. Schaut einfach mal rein! Deckr\u00fcde HAVEL WWS &#8211; aus unserer Zucht Deckr\u00fcde IMAX WWS (NL) &#8211; aus unserer Zucht Informatives aus der Hovithek Unmittelbare Umgebung in unserer Heimat: &hellip; <a href=\"https:\/\/hovawartzucht.de\/?page_id=2403\">Weiterlesen <span class=\"meta-nav\">&rarr;<\/span><\/a><\/p>\n","protected":false},"author":1,"featured_media":0,"parent":0,"menu_order":0,"comment_status":"closed","ping_status":"closed","template":"","meta":{"footnotes":""},"class_list":["post-2403","page","type-page","status-publish","hentry"],"_links":{"self":[{"href":"https:\/\/hovawartzucht.de\/index.php?rest_route=\/wp\/v2\/pages\/2403","targetHints":{"allow":["GET"]}}],"collection":[{"href":"https:\/\/hovawartzucht.de\/index.php?rest_route=\/wp\/v2\/pages"}],"about":[{"href":"https:\/\/hovawartzucht.de\/index.php?rest_route=\/wp\/v2\/types\/page"}],"author":[{"embeddable":true,"href":"https:\/\/hovawartzucht.de\/index.php?rest_route=\/wp\/v2\/users\/1"}],"replies":[{"embeddable":true,"href":"https:\/\/hovawartzucht.de\/index.php?rest_route=%2Fwp%2Fv2%2Fcomments&post=2403"}],"version-history":[{"count":22,"href":"https:\/\/hovawartzucht.de\/index.php?rest_route=\/wp\/v2\/pages\/2403\/revisions"}],"predecessor-version":[{"id":7424,"href":"https:\/\/hovawartzucht.de\/index.php?rest_route=\/wp\/v2\/pages\/2403\/revisions\/7424"}],"wp:attachment":[{"href":"https:\/\/hovawartzucht.de\/index.php?rest_route=%2Fwp%2Fv2%2Fmedia&parent=2403"}],"curies":[{"name":"wp","href":"https:\/\/api.w.org\/{rel}","templated":true}]}}