{"id":1748,"date":"2018-08-30T05:17:21","date_gmt":"2018-08-30T05:17:21","guid":{"rendered":"http:\/\/hovawartzucht.de\/?page_id=1748"},"modified":"2023-11-28T12:55:48","modified_gmt":"2023-11-28T12:55:48","slug":"k-wurf","status":"publish","type":"page","link":"https:\/\/hovawartzucht.de\/?page_id=1748","title":{"rendered":"K-Wurf"},"content":{"rendered":"<hr \/>\n<p><strong><span style=\"text-decoration: underline;\">Am 2. Oktober 2018 wurde der K-Wurf geboren &#8211;\u00a0<\/span><span style=\"text-decoration: underline;\"><a href=\"https:\/\/photos.app.goo.gl\/pg99CBAbMBjTDWzc6\">Zur<\/a>\u00a0<a href=\"https:\/\/photos.app.goo.gl\/pg99CBAbMBjTDWzc6\">Bildergalerie<\/a><\/span><\/strong><\/p>\n<p>Vater:\u00a0<strong>PILISI HAJNAL ALFA<\/strong> \u00a0&#8218;Bruno&#8216;<br \/>\n<img loading=\"lazy\" decoding=\"async\" class=\"alignleft wp-image-1872 \" src=\"https:\/\/hovawartzucht.de\/wp-content\/uploads\/2016\/04\/received_102165025920979241-300x200.jpeg\" alt=\"received_10216502592097924[1]\" width=\"363\" height=\"244\" \/><span style=\"text-decoration: underline;\"><strong>Charaktertest:<br \/>\n<\/strong><\/span>Jugendbeurteilung, Zuchttauglichkeitspr\u00fcfung<br \/>\n(K. Wesche)<br \/>\n<strong><span style=\"text-decoration: underline;\">Gesundheit:<\/span><\/strong> DM N\/N, HD-Frei, ED-Frei, OCD Frei,<br \/>\nD-locus D\/D, AU.<\/p>\n<p>Ausstellung: Ungar. Jugend-Champion, Ungar. Klubsieger 2018,<br \/>\nKlubsieger \u00d6sterreich 2019<br \/>\n<strong>6x BOB, 2 IHF-Anwartschaften.<\/strong><br \/>\n<strong>Hovawart des Jahres 2018 (Ungarn)<\/strong><\/p>\n<p><span style=\"text-decoration: underline;\"><strong>Beschreibung:<\/strong><\/span><br \/>\nBruno haben wir als freundlichen, aufgeschlossenen, triebstarken und last but not least bildsch\u00f6nen R\u00fcden kennengelernt. Er ist noch jung und wird 2x w\u00f6chentlich gearbeitet im Schutzdienstbereich mit F\u00e4hrte, Unterordnung und Schutzdienst. Seine Besitzer sind bestrebt, ihn m\u00f6glichst vielen unterschiedlichen Richtern vorzustellen. Er wurde auf allen seinen Ausstellungen mit &#8222;vorz\u00fcglich&#8220; bewertet und hat in seinem jungen Leben schon mehrfach das BOB (best of breed) erreicht. Unser K-Wurf ist sein erster Wurf als Zuchtr\u00fcde.<br \/>\nBruno wurde im Februar 2019 der Titel <em><strong>&#8222;Hovawart des Jahres 2018&#8220;<\/strong><\/em> vom ungarischen Hovawartklub verliehen.<\/p>\n<p>Gatia war die erste H\u00fcndin, die er deckte und mit ihr hatte er den ersten Wurf: der inzwischen\u00a0 3 Jahre jung ist. Drei seiner Nachkommen haben bereits die Zuchtvoraussetzungen erf\u00fcllt.<\/p>\n<p>Best\u00fcrzt h\u00f6rten wir im August 2021, dass Bruno an den Folgen eines Unfalls viel zu jung verstorben ist: unsere Anteilnahme und unser Beileid gilt seinen Besitzer Maria und Andras. Bruno bleibt uns als\u00a0 besonderes Tier in Erinnerung, mit einer ganz besonderen Geschichte, die in unseren Herzen und unserer <strong>Kiki<\/strong> aus seinem ersten Wurf erhalten bleibt.<\/p>\n<hr \/>\n<p class=\"alignleft\">Mutter:\u00a0<strong>Gatia vom Wildweibchenstein<a href=\"https:\/\/hovawartzucht.de\/wp-content\/uploads\/2018\/08\/20180803_062414.jpg\"><br \/>\n<\/a><\/strong><img loading=\"lazy\" decoding=\"async\" class=\"alignnone wp-image-3476 size-medium\" src=\"https:\/\/hovawartzucht.de\/wp-content\/uploads\/2020\/04\/P1020262-scaled-e1586705107924-300x239.jpg\" alt=\"\" width=\"300\" height=\"239\" srcset=\"https:\/\/hovawartzucht.de\/wp-content\/uploads\/2020\/04\/P1020262-scaled-e1586705107924-300x239.jpg 300w, https:\/\/hovawartzucht.de\/wp-content\/uploads\/2020\/04\/P1020262-scaled-e1586705107924-1024x816.jpg 1024w, https:\/\/hovawartzucht.de\/wp-content\/uploads\/2020\/04\/P1020262-scaled-e1586705107924-768x612.jpg 768w, https:\/\/hovawartzucht.de\/wp-content\/uploads\/2020\/04\/P1020262-scaled-e1586705107924-1536x1223.jpg 1536w, https:\/\/hovawartzucht.de\/wp-content\/uploads\/2020\/04\/P1020262-scaled-e1586705107924-2048x1631.jpg 2048w, https:\/\/hovawartzucht.de\/wp-content\/uploads\/2020\/04\/P1020262-scaled-e1586705107924-377x300.jpg 377w\" sizes=\"auto, (max-width: 300px) 100vw, 300px\" \/><\/p>\n<p>&nbsp;<\/p>\n<p><span style=\"text-decoration: underline;\"><strong>Charaktertest:<\/strong><\/span><br \/>\nNZB, JB, ZTP, HD A1,<br \/>\n<strong><span style=\"text-decoration: underline;\">Gesundheit:<br \/>\n<\/span><\/strong>frei von erbl. Augenerkrankung, Herzuntersuchung o.B.,<br \/>\n<span style=\"text-decoration: underline;\"><strong>Ihre Leistungen:<\/strong><\/span><br \/>\nI-, J-, K-, L- und M-Wurf vom WWS,<br \/>\nLuxemburg Champion,<br \/>\n<span style=\"text-decoration: underline;\"><strong>im Ruhestand<\/strong><\/span><\/p>\n<p>Gatia ist ihren Kindern stehts eine liebevolle und vorbildliche Mutter gewesen &#8211; bis zur Abgabe Ihrer Kinder umsorgt und s\u00e4ugt diese meist bis dorthin. Gatias wunderbares Gesp\u00fcr pr\u00e4gt ihre Welpen f\u00fcrs Leben. Wir sind unglaublich stolz auf das Erbe ihrer Mutter Alissa, die ihr eine ebensolche Mutter war. Wie sagt man? &#8222;Der Apfel f\u00e4llt nicht weit vom Birnbaum&#8220;!<br \/>\nGatia ist eine ausgeglichene, nervenstarke H\u00fcndin, die ihr Terrain verteidigt.<\/p>\n<hr \/>\n<p style=\"text-align: center;\"><strong>KIM <\/strong>&#8222;Frieda&#8220;<br \/>\nNZB, Vorz\u00fcglich 2, HD-A2, Begleithundepr\u00fcfung (BH)<a href=\"https:\/\/hovawartzucht.de\/wp-content\/uploads\/2016\/04\/20181216_150404-e1545152636935.jpg\"><br \/>\n<\/a><a href=\"https:\/\/hovawartzucht.de\/wp-content\/uploads\/2016\/04\/20181216_150404-e1545152636935.jpg\"><img loading=\"lazy\" decoding=\"async\" class=\"wp-image-2842 alignnone\" src=\"https:\/\/hovawartzucht.de\/wp-content\/uploads\/2019\/10\/IMG-20191026-WA00451-300x284.jpg\" alt=\"\" width=\"243\" height=\"231\" srcset=\"https:\/\/hovawartzucht.de\/wp-content\/uploads\/2019\/10\/IMG-20191026-WA00451-300x284.jpg 300w, https:\/\/hovawartzucht.de\/wp-content\/uploads\/2019\/10\/IMG-20191026-WA00451-768x727.jpg 768w, https:\/\/hovawartzucht.de\/wp-content\/uploads\/2019\/10\/IMG-20191026-WA00451-1024x969.jpg 1024w, https:\/\/hovawartzucht.de\/wp-content\/uploads\/2019\/10\/IMG-20191026-WA00451-317x300.jpg 317w, https:\/\/hovawartzucht.de\/wp-content\/uploads\/2019\/10\/IMG-20191026-WA00451.jpg 1600w\" sizes=\"auto, (max-width: 243px) 100vw, 243px\" \/><\/a> <a href=\"https:\/\/hovawartzucht.de\/wp-content\/uploads\/2016\/04\/20181216_150404-e1545152636935.jpg\"><img loading=\"lazy\" decoding=\"async\" class=\"alignnone wp-image-2044 size-medium\" src=\"https:\/\/hovawartzucht.de\/wp-content\/uploads\/2016\/04\/20181216_150404-e1545152636935-256x300.jpg\" alt=\"20181216_150404\" width=\"256\" height=\"300\" srcset=\"https:\/\/hovawartzucht.de\/wp-content\/uploads\/2016\/04\/20181216_150404-e1545152636935-256x300.jpg 256w, https:\/\/hovawartzucht.de\/wp-content\/uploads\/2016\/04\/20181216_150404-e1545152636935-873x1024.jpg 873w, https:\/\/hovawartzucht.de\/wp-content\/uploads\/2016\/04\/20181216_150404-e1545152636935.jpg 1874w\" sizes=\"auto, (max-width: 256px) 100vw, 256px\" \/><\/a><\/p>\n<hr \/>\n<p style=\"text-align: center;\"><strong>KLASSIK <\/strong>&#8222;Kiki&#8220;, Begleithundepr\u00fcfung (BH)<br \/>\nNZB, JB, ZTP, HD Frei-A2; frei von erbl. Augenerkrankungen, Lokus D\/D<br \/>\nSchilddr\u00fcse o.B.<br \/>\nSchweizer Ausstellungschampion, Luxembourg Champion, Hungaria Show Champion,<br \/>\nsch\u00f6nster Welpe<br \/>\nVorz\u00fcglich 1 \/ BOS, CAC (Jugendklasse)<br \/>\n5x CACIB, 4x BOS, 4x BOB<br \/>\nCC-Roots<br \/>\n<a href=\"https:\/\/hovawartzucht.de\/wp-content\/uploads\/2018\/08\/20181231_101802-e1547302548887.jpg\">\u00a0 \u00a0<\/a><a href=\"https:\/\/hovawartzucht.de\/wp-content\/uploads\/2018\/08\/20181231_101802-e1547302548887.jpg\"><img loading=\"lazy\" decoding=\"async\" class=\"wp-image-2064 alignnone\" src=\"https:\/\/hovawartzucht.de\/wp-content\/uploads\/2018\/08\/20181231_101802-e1547302548887-192x300.jpg\" alt=\"20181231_101802\" width=\"180\" height=\"275\" \/><\/a><a href=\"https:\/\/hovawartzucht.de\/wp-content\/uploads\/2018\/08\/20181231_101802-e1547302548887.jpg\"><img loading=\"lazy\" decoding=\"async\" class=\"wp-image-3477 alignnone\" src=\"https:\/\/hovawartzucht.de\/wp-content\/uploads\/2020\/04\/P1020784-scaled-e1586705085499-294x300.jpg\" alt=\"\" width=\"229\" height=\"233\" srcset=\"https:\/\/hovawartzucht.de\/wp-content\/uploads\/2020\/04\/P1020784-scaled-e1586705085499-294x300.jpg 294w, https:\/\/hovawartzucht.de\/wp-content\/uploads\/2020\/04\/P1020784-scaled-e1586705085499-1004x1024.jpg 1004w, https:\/\/hovawartzucht.de\/wp-content\/uploads\/2020\/04\/P1020784-scaled-e1586705085499-768x783.jpg 768w, https:\/\/hovawartzucht.de\/wp-content\/uploads\/2020\/04\/P1020784-scaled-e1586705085499-1506x1536.jpg 1506w, https:\/\/hovawartzucht.de\/wp-content\/uploads\/2020\/04\/P1020784-scaled-e1586705085499.jpg 1977w\" sizes=\"auto, (max-width: 229px) 100vw, 229px\" \/><\/a> <a href=\"https:\/\/hovawartzucht.de\/wp-content\/uploads\/2018\/08\/20181231_101802-e1547302548887.jpg\"><img loading=\"lazy\" decoding=\"async\" class=\"wp-image-2068 alignnone\" src=\"https:\/\/hovawartzucht.de\/wp-content\/uploads\/2018\/08\/20181226_115318-e1561309238445-300x285.jpg\" alt=\"\" width=\"174\" height=\"166\" srcset=\"https:\/\/hovawartzucht.de\/wp-content\/uploads\/2018\/08\/20181226_115318-e1561309238445-300x285.jpg 300w, https:\/\/hovawartzucht.de\/wp-content\/uploads\/2018\/08\/20181226_115318-e1561309238445-1024x972.jpg 1024w, https:\/\/hovawartzucht.de\/wp-content\/uploads\/2018\/08\/20181226_115318-e1561309238445-316x300.jpg 316w, https:\/\/hovawartzucht.de\/wp-content\/uploads\/2018\/08\/20181226_115318-e1561309238445-768x729.jpg 768w, https:\/\/hovawartzucht.de\/wp-content\/uploads\/2018\/08\/20181226_115318-e1561309238445.jpg 1820w\" sizes=\"auto, (max-width: 174px) 100vw, 174px\" \/>\u00a0<img loading=\"lazy\" decoding=\"async\" class=\" wp-image-4093 alignnone\" src=\"https:\/\/hovawartzucht.de\/wp-content\/uploads\/2020\/10\/IMG-20201011-WA0002-142x300.jpg\" alt=\"\" width=\"110\" height=\"223\" \/> <img loading=\"lazy\" decoding=\"async\" class=\"wp-image-4148 alignnone\" src=\"https:\/\/hovawartzucht.de\/wp-content\/uploads\/2020\/11\/Kiki1.0_Standfoto-2-300x216.jpg\" alt=\"\" width=\"238\" height=\"174\" \/><\/a><a href=\"https:\/\/hovawartzucht.de\/wp-content\/uploads\/2018\/08\/20181231_101802-e1547302548887.jpg\"><br \/>\n<img loading=\"lazy\" decoding=\"async\" class=\"size-thumbnail wp-image-2696 alignnone\" src=\"https:\/\/hovawartzucht.de\/wp-content\/uploads\/2019\/10\/Klassik_BestPuppy-150x150.jpg\" alt=\"\" width=\"150\" height=\"150\" \/> <img loading=\"lazy\" decoding=\"async\" class=\"size-thumbnail wp-image-2698 alignnone\" src=\"https:\/\/hovawartzucht.de\/wp-content\/uploads\/2019\/10\/Klassik_BestPuppy10002-150x150.jpg\" alt=\"\" width=\"150\" height=\"150\" \/> <\/a><a style=\"text-decoration-line: underline;\" href=\"https:\/\/hovawartzucht.de\/wp-content\/uploads\/2018\/08\/20181231_101802-e1547302548887.jpg\"><img loading=\"lazy\" decoding=\"async\" class=\"size-thumbnail wp-image-2700 alignnone\" style=\"border-color: #bbbbbb; background: #eeeeee;\" src=\"https:\/\/hovawartzucht.de\/wp-content\/uploads\/2019\/10\/Klassik_Nuernberg-150x150.jpg\" alt=\"\" width=\"150\" height=\"150\" \/><\/a><a href=\"https:\/\/hovawartzucht.de\/wp-content\/uploads\/2018\/08\/20181231_101802-e1547302548887.jpg\"><img loading=\"lazy\" decoding=\"async\" class=\"size-thumbnail wp-image-2699 alignnone\" src=\"https:\/\/hovawartzucht.de\/wp-content\/uploads\/2019\/10\/Klassik_IHFTurnhout-150x150.jpg\" alt=\"\" width=\"150\" height=\"150\" \/><\/a> \u00a0<a href=\"https:\/\/hovawartzucht.de\/wp-content\/uploads\/2021\/11\/CH_Ausstellungschampion_Klassik0002.jpg\"><img loading=\"lazy\" decoding=\"async\" class=\"wp-image-5112 alignnone\" src=\"https:\/\/hovawartzucht.de\/wp-content\/uploads\/2021\/11\/CH_Ausstellungschampion_Klassik0002-215x300.jpg\" alt=\"\" width=\"110\" height=\"150\" \/><\/a><a href=\"https:\/\/hovawartzucht.de\/wp-content\/uploads\/2018\/08\/20181231_101802-e1547302548887.jpg\">\u00a0<\/a><\/p>\n<p><a href=\"https:\/\/hovawartzucht.de\/wp-content\/uploads\/2022\/05\/20220513_083935.jpg\"><img loading=\"lazy\" decoding=\"async\" class=\"size-medium wp-image-5538 aligncenter\" src=\"https:\/\/hovawartzucht.de\/wp-content\/uploads\/2022\/05\/20220513_083935-210x300.jpg\" alt=\"\" width=\"210\" height=\"300\" srcset=\"https:\/\/hovawartzucht.de\/wp-content\/uploads\/2022\/05\/20220513_083935-210x300.jpg 210w, https:\/\/hovawartzucht.de\/wp-content\/uploads\/2022\/05\/20220513_083935-718x1024.jpg 718w, https:\/\/hovawartzucht.de\/wp-content\/uploads\/2022\/05\/20220513_083935-768x1096.jpg 768w, https:\/\/hovawartzucht.de\/wp-content\/uploads\/2022\/05\/20220513_083935-1077x1536.jpg 1077w, https:\/\/hovawartzucht.de\/wp-content\/uploads\/2022\/05\/20220513_083935-1436x2048.jpg 1436w, https:\/\/hovawartzucht.de\/wp-content\/uploads\/2022\/05\/20220513_083935.jpg 1735w\" sizes=\"auto, (max-width: 210px) 100vw, 210px\" \/><\/a><\/p>\n<hr \/>\n<p style=\"text-align: center;\"><strong>K\u00c4THE<br \/>\n<\/strong>NZB, Vorz\u00fcglich 2, HD-A2<strong><br \/>\n<\/strong><strong> <a href=\"https:\/\/hovawartzucht.de\/wp-content\/uploads\/2016\/04\/20181130_150342-e1545153473887.jpg\"><img loading=\"lazy\" decoding=\"async\" class=\"alignnone wp-image-2047 size-medium\" src=\"https:\/\/hovawartzucht.de\/wp-content\/uploads\/2016\/04\/20181130_150342-e1545153473887-225x300.jpg\" alt=\"20181130_150342\" width=\"225\" height=\"300\" srcset=\"https:\/\/hovawartzucht.de\/wp-content\/uploads\/2016\/04\/20181130_150342-e1545153473887-225x300.jpg 225w, https:\/\/hovawartzucht.de\/wp-content\/uploads\/2016\/04\/20181130_150342-e1545153473887-768x1024.jpg 768w\" sizes=\"auto, (max-width: 225px) 100vw, 225px\" \/><\/a> <a href=\"https:\/\/hovawartzucht.de\/wp-content\/uploads\/2016\/04\/20181130_150342-e1545153473887.jpg\"><img loading=\"lazy\" decoding=\"async\" class=\"alignnone wp-image-2874 size-medium\" src=\"https:\/\/hovawartzucht.de\/wp-content\/uploads\/2019\/11\/IMG-20191002-WA0000-e1572956630447-197x300.jpg\" alt=\"\" width=\"197\" height=\"300\" srcset=\"https:\/\/hovawartzucht.de\/wp-content\/uploads\/2019\/11\/IMG-20191002-WA0000-e1572956630447-197x300.jpg 197w, https:\/\/hovawartzucht.de\/wp-content\/uploads\/2019\/11\/IMG-20191002-WA0000-e1572956630447-671x1024.jpg 671w, https:\/\/hovawartzucht.de\/wp-content\/uploads\/2019\/11\/IMG-20191002-WA0000-e1572956630447.jpg 752w\" sizes=\"auto, (max-width: 197px) 100vw, 197px\" \/><\/a><\/strong><\/p>\n<hr \/>\n<p style=\"text-align: center;\"><strong>KASH<\/strong> &#8222;Sulo&#8220;, Export Finnland<br \/>\nVorz\u00fcglich<br \/>\nRettungshundeeignungspr\u00fcfung bestanden<br \/>\nHD- und ED-Frei, wird im Rettungshundesport gef\u00fchrt<br \/>\n<a href=\"https:\/\/hovawartzucht.de\/wp-content\/uploads\/2018\/08\/20181127_152535.jpg\"><img loading=\"lazy\" decoding=\"async\" class=\"size-medium wp-image-2070\" src=\"https:\/\/hovawartzucht.de\/wp-content\/uploads\/2018\/08\/20181127_152535-300x225.jpg\" alt=\"20181127_152535\" width=\"300\" height=\"225\" srcset=\"https:\/\/hovawartzucht.de\/wp-content\/uploads\/2018\/08\/20181127_152535-300x225.jpg 300w, https:\/\/hovawartzucht.de\/wp-content\/uploads\/2018\/08\/20181127_152535-1024x768.jpg 1024w, https:\/\/hovawartzucht.de\/wp-content\/uploads\/2018\/08\/20181127_152535-400x300.jpg 400w\" sizes=\"auto, (max-width: 300px) 100vw, 300px\" \/> <\/a><a href=\"https:\/\/hovawartzucht.de\/wp-content\/uploads\/2018\/08\/20181127_152535.jpg\"><img loading=\"lazy\" decoding=\"async\" class=\"wp-image-2620 aligncenter\" src=\"https:\/\/hovawartzucht.de\/wp-content\/uploads\/2019\/07\/IMG-20190715-WA00061-e1563182808999-163x300.jpg\" alt=\"\" width=\"145\" height=\"259\" \/><\/a><\/p>\n<hr \/>\n<p style=\"text-align: center;\"><strong>KIMBA <\/strong>&#8222;Karlos&#8220;<br \/>\nNZB, JK: sehr gut 3, HD-Frei A2<br \/>\n<strong>Rettungshundeeignungspr\u00fcfung, Rettungshund<\/strong><a href=\"https:\/\/hovawartzucht.de\/wp-content\/uploads\/2018\/08\/20181203_1052531-e1547304916369.jpg\"><br \/>\n<\/a><a href=\"https:\/\/hovawartzucht.de\/wp-content\/uploads\/2018\/08\/20181203_1052531-e1547304916369.jpg\"><img loading=\"lazy\" decoding=\"async\" class=\"alignnone wp-image-2073 size-medium\" src=\"https:\/\/hovawartzucht.de\/wp-content\/uploads\/2018\/08\/20181203_1052531-e1547304916369-192x300.jpg\" alt=\"20181203_105253[1]\" width=\"192\" height=\"300\" srcset=\"https:\/\/hovawartzucht.de\/wp-content\/uploads\/2018\/08\/20181203_1052531-e1547304916369-192x300.jpg 192w, https:\/\/hovawartzucht.de\/wp-content\/uploads\/2018\/08\/20181203_1052531-e1547304916369-655x1024.jpg 655w, https:\/\/hovawartzucht.de\/wp-content\/uploads\/2018\/08\/20181203_1052531-e1547304916369.jpg 1619w\" sizes=\"auto, (max-width: 192px) 100vw, 192px\" \/><\/a> <a href=\"https:\/\/hovawartzucht.de\/wp-content\/uploads\/2018\/08\/20181203_1052531-e1547304916369.jpg\"><img loading=\"lazy\" decoding=\"async\" class=\"alignnone wp-image-2605 size-medium\" src=\"https:\/\/hovawartzucht.de\/wp-content\/uploads\/2016\/04\/20190713_1113031-e1563115444954-204x300.jpg\" alt=\"\" width=\"204\" height=\"300\" srcset=\"https:\/\/hovawartzucht.de\/wp-content\/uploads\/2016\/04\/20190713_1113031-e1563115444954-204x300.jpg 204w, https:\/\/hovawartzucht.de\/wp-content\/uploads\/2016\/04\/20190713_1113031-e1563115444954-768x1129.jpg 768w, https:\/\/hovawartzucht.de\/wp-content\/uploads\/2016\/04\/20190713_1113031-e1563115444954-697x1024.jpg 697w, https:\/\/hovawartzucht.de\/wp-content\/uploads\/2016\/04\/20190713_1113031-e1563115444954.jpg 1653w\" sizes=\"auto, (max-width: 204px) 100vw, 204px\" \/><\/a><\/p>\n<hr \/>\n<p style=\"text-align: center;\"><strong>KODY<\/strong> &#8222;Balu&#8220;<br \/>\nNZB, JB, HD Frei-B1, AU<br \/>\nJugendklasse: sehr gut 2<br \/>\n<strong>Rettungshundeeignungspr\u00fcfung bestanden<\/strong><br \/>\n<a href=\"https:\/\/hovawartzucht.de\/wp-content\/uploads\/2022\/01\/IMG-20211130-WA0006.jpg\"><img loading=\"lazy\" decoding=\"async\" class=\"aligncenter size-medium wp-image-5220\" src=\"https:\/\/hovawartzucht.de\/wp-content\/uploads\/2022\/01\/IMG-20211130-WA0006-225x300.jpg\" alt=\"\" width=\"225\" height=\"300\" srcset=\"https:\/\/hovawartzucht.de\/wp-content\/uploads\/2022\/01\/IMG-20211130-WA0006-225x300.jpg 225w, https:\/\/hovawartzucht.de\/wp-content\/uploads\/2022\/01\/IMG-20211130-WA0006-768x1024.jpg 768w, https:\/\/hovawartzucht.de\/wp-content\/uploads\/2022\/01\/IMG-20211130-WA0006-1152x1536.jpg 1152w, https:\/\/hovawartzucht.de\/wp-content\/uploads\/2022\/01\/IMG-20211130-WA0006.jpg 1512w\" sizes=\"auto, (max-width: 225px) 100vw, 225px\" \/><\/a><\/p>\n<hr \/>\n<p style=\"text-align: center;\"><strong>KOSTA<\/strong> &#8222;Kellogs&#8220;<br \/>\nNZB, JB, ZTP, HD Frei-B1, frei von erbl. Augenerkrankung,<br \/>\nOffene Klasse: Sehr gut, Begleithundepr\u00fcfung<br \/>\nCC-Roots,CC-Sport (wird aktiv im VPG-Sport gef\u00fchrt)<\/p>\n<p><a href=\"https:\/\/hovawartzucht.de\/wp-content\/uploads\/2016\/04\/20181129_165227-e1545152080809.jpg\"><img loading=\"lazy\" decoding=\"async\" class=\"alignnone wp-image-2042 \" src=\"https:\/\/hovawartzucht.de\/wp-content\/uploads\/2016\/04\/20181129_165227-e1545152080809-300x251.jpg\" alt=\"20181129_165227\" width=\"271\" height=\"229\" \/> <\/a><img loading=\"lazy\" decoding=\"async\" class=\" wp-image-4070 alignnone\" src=\"https:\/\/hovawartzucht.de\/wp-content\/uploads\/2020\/10\/20201011_102319-300x198.jpg\" alt=\"\" width=\"267\" height=\"180\" \/><\/p>\n<hr \/>\n<p style=\"text-align: center;\"><strong>KOSMO<br \/>\n<\/strong>NZB, CC-Roots,CC-Sport, HD-Frei A2<br \/>\n*in unserer aller liebevollen Erinnerung*<br \/>\n<strong><a href=\"https:\/\/hovawartzucht.de\/wp-content\/uploads\/2016\/04\/20181215_180221-e1545152938713.jpg\"><img loading=\"lazy\" decoding=\"async\" class=\"alignnone wp-image-2045 size-medium\" src=\"https:\/\/hovawartzucht.de\/wp-content\/uploads\/2016\/04\/20181215_180221-e1545152938713-197x300.jpg\" alt=\"20181215_180221\" width=\"197\" height=\"300\" srcset=\"https:\/\/hovawartzucht.de\/wp-content\/uploads\/2016\/04\/20181215_180221-e1545152938713-197x300.jpg 197w, https:\/\/hovawartzucht.de\/wp-content\/uploads\/2016\/04\/20181215_180221-e1545152938713-672x1024.jpg 672w, https:\/\/hovawartzucht.de\/wp-content\/uploads\/2016\/04\/20181215_180221-e1545152938713.jpg 1733w\" sizes=\"auto, (max-width: 197px) 100vw, 197px\" \/><\/a> <a href=\"https:\/\/hovawartzucht.de\/wp-content\/uploads\/2016\/04\/20181215_180221-e1545152938713.jpg\"><img loading=\"lazy\" decoding=\"async\" class=\"alignnone wp-image-2844 size-medium\" src=\"https:\/\/hovawartzucht.de\/wp-content\/uploads\/2019\/10\/IMG-20191026-WA00251-225x300.jpg\" alt=\"\" width=\"225\" height=\"300\" srcset=\"https:\/\/hovawartzucht.de\/wp-content\/uploads\/2019\/10\/IMG-20191026-WA00251-225x300.jpg 225w, https:\/\/hovawartzucht.de\/wp-content\/uploads\/2019\/10\/IMG-20191026-WA00251.jpg 768w\" sizes=\"auto, (max-width: 225px) 100vw, 225px\" \/><\/a><\/strong><\/p>\n<hr \/>\n<p style=\"text-align: center;\"><strong>KRONOS<\/strong> &#8222;Theo&#8220;<br \/>\nNZB, JB, Hundef\u00fchrerschein\/SK bestanden, HD Frei-A2, AU<br \/>\nOffene Klasse: Sehr gut, Deckr\u00fcde im RZV LG RMS,<br \/>\n<strong>Begleithundepr\u00fcfung<\/strong><a href=\"https:\/\/hovawartzucht.de\/wp-content\/uploads\/2018\/08\/20181203_1331381-e1547305650350.jpg\"><br \/>\n<\/a><a href=\"https:\/\/hovawartzucht.de\/wp-content\/uploads\/2018\/08\/20181203_1331381-e1547305650350.jpg\"><img loading=\"lazy\" decoding=\"async\" class=\"alignnone wp-image-2075 size-medium\" src=\"https:\/\/hovawartzucht.de\/wp-content\/uploads\/2018\/08\/20181203_1331381-e1547305650350-146x300.jpg\" alt=\"20181203_133138[1]\" width=\"146\" height=\"300\" srcset=\"https:\/\/hovawartzucht.de\/wp-content\/uploads\/2018\/08\/20181203_1331381-e1547305650350-146x300.jpg 146w, https:\/\/hovawartzucht.de\/wp-content\/uploads\/2018\/08\/20181203_1331381-e1547305650350-498x1024.jpg 498w, https:\/\/hovawartzucht.de\/wp-content\/uploads\/2018\/08\/20181203_1331381-e1547305650350.jpg 1960w\" sizes=\"auto, (max-width: 146px) 100vw, 146px\" \/><\/a> \u00a0<a href=\"https:\/\/hovawartzucht.de\/wp-content\/uploads\/2018\/08\/20181203_1331381-e1547305650350.jpg\"><img loading=\"lazy\" decoding=\"async\" class=\"alignnone wp-image-2624 size-medium\" src=\"https:\/\/hovawartzucht.de\/wp-content\/uploads\/2019\/07\/IMG-20190714-WA00431-e1563183387973-222x300.jpg\" alt=\"\" width=\"222\" height=\"300\" srcset=\"https:\/\/hovawartzucht.de\/wp-content\/uploads\/2019\/07\/IMG-20190714-WA00431-e1563183387973-222x300.jpg 222w, https:\/\/hovawartzucht.de\/wp-content\/uploads\/2019\/07\/IMG-20190714-WA00431-e1563183387973.jpg 684w\" sizes=\"auto, (max-width: 222px) 100vw, 222px\" \/><\/a><\/p>\n<p style=\"text-align: right;\"><img loading=\"lazy\" decoding=\"async\" class=\"size-medium wp-image-5219 aligncenter\" src=\"https:\/\/hovawartzucht.de\/wp-content\/uploads\/2022\/01\/IMG-20211125-WA0006-225x300.jpg\" alt=\"\" width=\"225\" height=\"300\" srcset=\"https:\/\/hovawartzucht.de\/wp-content\/uploads\/2022\/01\/IMG-20211125-WA0006-225x300.jpg 225w, https:\/\/hovawartzucht.de\/wp-content\/uploads\/2022\/01\/IMG-20211125-WA0006-768x1024.jpg 768w, https:\/\/hovawartzucht.de\/wp-content\/uploads\/2022\/01\/IMG-20211125-WA0006-1152x1536.jpg 1152w, https:\/\/hovawartzucht.de\/wp-content\/uploads\/2022\/01\/IMG-20211125-WA0006.jpg 1368w\" sizes=\"auto, (max-width: 225px) 100vw, 225px\" \/><\/p>\n<hr \/>\n<p><a href=\"https:\/\/hovawartzucht.de\/wp-content\/uploads\/2018\/08\/received_10723998829196211.jpeg\"><img loading=\"lazy\" decoding=\"async\" class=\"alignleft size-thumbnail wp-image-1869\" src=\"https:\/\/hovawartzucht.de\/wp-content\/uploads\/2018\/08\/received_10723998829196211-150x150.jpeg\" alt=\"received_1072399882919621[1]\" width=\"150\" height=\"150\" \/><\/a><\/p>\n<p><a href=\"https:\/\/hovawartzucht.de\/wp-content\/uploads\/2018\/08\/received_24322390001494521.jpeg\"><img loading=\"lazy\" decoding=\"async\" class=\"alignleft size-thumbnail wp-image-1867\" src=\"https:\/\/hovawartzucht.de\/wp-content\/uploads\/2018\/08\/received_24322390001494521-150x150.jpeg\" alt=\"received_2432239000149452[1]\" width=\"150\" height=\"150\" srcset=\"https:\/\/hovawartzucht.de\/wp-content\/uploads\/2018\/08\/received_24322390001494521-150x150.jpeg 150w, https:\/\/hovawartzucht.de\/wp-content\/uploads\/2018\/08\/received_24322390001494521-300x298.jpeg 300w, https:\/\/hovawartzucht.de\/wp-content\/uploads\/2018\/08\/received_24322390001494521-1024x1016.jpeg 1024w, https:\/\/hovawartzucht.de\/wp-content\/uploads\/2018\/08\/received_24322390001494521-302x300.jpeg 302w, https:\/\/hovawartzucht.de\/wp-content\/uploads\/2018\/08\/received_24322390001494521.jpeg 1824w\" sizes=\"auto, (max-width: 150px) 100vw, 150px\" \/><\/a> <a href=\"https:\/\/hovawartzucht.de\/wp-content\/uploads\/2018\/08\/received_1704533871706001.jpeg\"><img loading=\"lazy\" decoding=\"async\" class=\"alignleft size-thumbnail wp-image-1866\" src=\"https:\/\/hovawartzucht.de\/wp-content\/uploads\/2018\/08\/received_1704533871706001-150x150.jpeg\" alt=\"received_170453387170600[1]\" width=\"150\" height=\"150\" \/><\/a> <a href=\"https:\/\/hovawartzucht.de\/wp-content\/uploads\/2018\/08\/received_2443079497633201.jpeg\"><img loading=\"lazy\" decoding=\"async\" class=\"alignleft size-thumbnail wp-image-1865\" src=\"https:\/\/hovawartzucht.de\/wp-content\/uploads\/2018\/08\/received_2443079497633201-150x150.jpeg\" alt=\"received_244307949763320[1]\" width=\"150\" height=\"150\" \/><\/a><\/p>\n","protected":false},"excerpt":{"rendered":"<p>Am 2. Oktober 2018 wurde der K-Wurf geboren &#8211;\u00a0Zur\u00a0Bildergalerie Vater:\u00a0PILISI HAJNAL ALFA \u00a0&#8218;Bruno&#8216; Charaktertest: Jugendbeurteilung, Zuchttauglichkeitspr\u00fcfung (K. Wesche) Gesundheit: DM N\/N, HD-Frei, ED-Frei, OCD Frei, D-locus D\/D, AU. Ausstellung: Ungar. Jugend-Champion, Ungar. Klubsieger 2018, Klubsieger \u00d6sterreich 2019 6x BOB, 2 &hellip; <a href=\"https:\/\/hovawartzucht.de\/?page_id=1748\">Weiterlesen <span class=\"meta-nav\">&rarr;<\/span><\/a><\/p>\n","protected":false},"author":1,"featured_media":0,"parent":0,"menu_order":0,"comment_status":"closed","ping_status":"closed","template":"","meta":{"footnotes":""},"class_list":["post-1748","page","type-page","status-publish","hentry"],"_links":{"self":[{"href":"https:\/\/hovawartzucht.de\/index.php?rest_route=\/wp\/v2\/pages\/1748","targetHints":{"allow":["GET"]}}],"collection":[{"href":"https:\/\/hovawartzucht.de\/index.php?rest_route=\/wp\/v2\/pages"}],"about":[{"href":"https:\/\/hovawartzucht.de\/index.php?rest_route=\/wp\/v2\/types\/page"}],"author":[{"embeddable":true,"href":"https:\/\/hovawartzucht.de\/index.php?rest_route=\/wp\/v2\/users\/1"}],"replies":[{"embeddable":true,"href":"https:\/\/hovawartzucht.de\/index.php?rest_route=%2Fwp%2Fv2%2Fcomments&post=1748"}],"version-history":[{"count":128,"href":"https:\/\/hovawartzucht.de\/index.php?rest_route=\/wp\/v2\/pages\/1748\/revisions"}],"predecessor-version":[{"id":1757,"href":"https:\/\/hovawartzucht.de\/index.php?rest_route=\/wp\/v2\/pages\/1748\/revisions\/1757"}],"wp:attachment":[{"href":"https:\/\/hovawartzucht.de\/index.php?rest_route=%2Fwp%2Fv2%2Fmedia&parent=1748"}],"curies":[{"name":"wp","href":"https:\/\/api.w.org\/{rel}","templated":true}]}}