{"id":1300,"date":"2017-08-28T10:07:50","date_gmt":"2017-08-28T10:07:50","guid":{"rendered":"http:\/\/hovawartzucht.de\/?page_id=1300"},"modified":"2025-11-09T21:26:21","modified_gmt":"2025-11-09T21:26:21","slug":"j-wurf","status":"publish","type":"page","link":"https:\/\/hovawartzucht.de\/?page_id=1300","title":{"rendered":"J-Wurf"},"content":{"rendered":"<p><span style=\"text-decoration: underline;\"><strong>J<\/strong><\/span><span style=\"text-decoration: underline;\"><strong>-Wurf 7. 9.2017<\/strong><\/span><br \/>\n<a href=\"https:\/\/hovawartzucht.de\/wp-content\/uploads\/2016\/04\/Arnie1.jpg\"><img loading=\"lazy\" decoding=\"async\" class=\"alignleft wp-image-1235 size-medium\" src=\"https:\/\/hovawartzucht.de\/wp-content\/uploads\/2016\/04\/Arnie1-300x222.jpg\" alt=\"Arnie1\" width=\"300\" height=\"222\" srcset=\"https:\/\/hovawartzucht.de\/wp-content\/uploads\/2016\/04\/Arnie1-300x222.jpg 300w, https:\/\/hovawartzucht.de\/wp-content\/uploads\/2016\/04\/Arnie1-406x300.jpg 406w, https:\/\/hovawartzucht.de\/wp-content\/uploads\/2016\/04\/Arnie1.jpg 945w\" sizes=\"auto, (max-width: 300px) 100vw, 300px\" \/><\/a><strong><u>ARNIE<\/u>\u00a0<\/strong><strong>\u010cerchovsk\u00e9 hvozdy,\u00a0<\/strong>schwarzmarken<strong><br \/>\n<\/strong>BH, FH1, FPR1-3, UPR1-3, RH FA, RH FE, ZPS1, ZZZ, ZZO1-2, ZM,<br \/>\nFrei von erbl. Augenerkrankung, HD-A, DM N\/N<br \/>\n1. Platz CZ-Meisterschaft (ZPU-S) 2015<br \/>\nAusstellung: Champion CZ, CZ Clubsieger 2018<!--more--><\/p>\n<p><strong><span style=\"text-decoration: underline;\"><img loading=\"lazy\" decoding=\"async\" class=\"alignleft wp-image-2613 size-medium\" src=\"https:\/\/hovawartzucht.de\/wp-content\/uploads\/2019\/07\/20190714_2056281-e1563180412202-300x227.jpg\" alt=\"\" width=\"300\" height=\"227\" \/><br \/>\n<\/span><\/strong><strong><u>GATIA<\/u> vom Wildweibchenstein,<\/strong> blond, NZB, JB, ZTP<br \/>\nFrei von erbl. Augenerkrankung, Frei von erbl. Herzkrankheit, HD-A1,<br \/>\n<strong>Ausstellung:<\/strong> Luxembourg-Champion<\/p>\n<p><strong><a href=\"https:\/\/goo.gl\/photos\/DMbu2EuqAsa95YG98\">Aktuelle F<\/a><a href=\"https:\/\/goo.gl\/photos\/DMbu2EuqAsa95YG98\">otos findet Ihr in der J-Wurf Gallerie<\/a><\/strong><\/p>\n<hr \/>\n<p><strong>JILL <\/strong>&#8222;Emma&#8220;<strong>\u00a0<\/strong>H\u00fcndin schwarzmarken,\u00a0 NZB<\/p>\n<p><a href=\"https:\/\/hovawartzucht.de\/wp-content\/uploads\/2017\/08\/IMG_99511-e1511816411460.jpg\"><img loading=\"lazy\" decoding=\"async\" class=\"alignnone wp-image-1538 size-thumbnail\" src=\"https:\/\/hovawartzucht.de\/wp-content\/uploads\/2017\/08\/IMG_99511-e1511816411460-150x150.jpg\" alt=\"IMG_9951[1]\" width=\"150\" height=\"150\" \/><\/a><a href=\"https:\/\/hovawartzucht.de\/wp-content\/uploads\/2017\/08\/IMG_01661-e1511461393964.jpg\"> <img loading=\"lazy\" decoding=\"async\" class=\"alignnone wp-image-1536 size-thumbnail\" src=\"https:\/\/hovawartzucht.de\/wp-content\/uploads\/2017\/08\/IMG_01661-e1511461393964-150x150.jpg\" alt=\"IMG_0166[1]\" width=\"150\" height=\"150\" \/><\/a><\/p>\n<hr \/>\n<p><strong>JUBILEE <\/strong>&#8222;Lucy&#8220;<strong>\u00a0<\/strong>H\u00fcndin schwarzmarken,<br \/>\nBegleithundepr\u00fcfung (beste), Obedience Beginner (beste), Obedience 1, Obedience 2, Obedience Senior (beste), RH Fl\u00e4che &amp; Tr\u00fcmmer<br \/>\nHD-B1, NZB, JB, ZTP<br \/>\n<strong>Ausstellung:<\/strong> VV1 (J\u00fcngsten), Vorz\u00fcglich 1, Anw. CACL, Sehr gut<br \/>\n<span style=\"color: #339966;\"><strong>3.12.21 A-Wurf von den Koiw\u00e4chtern<\/strong><\/span><\/p>\n<p><img loading=\"lazy\" decoding=\"async\" class=\"alignnone wp-image-1531 size-medium\" src=\"https:\/\/hovawartzucht.de\/wp-content\/uploads\/2017\/08\/IMG_08371-e1511461008710-165x300.jpg\" alt=\"IMG_0837[1]\" width=\"165\" height=\"300\" \/>\u00a0<a href=\"https:\/\/hovawartzucht.de\/wp-content\/uploads\/2017\/08\/20181005_1419471-e1539097989849.jpg\"><img loading=\"lazy\" decoding=\"async\" class=\"wp-image-2283 size-medium alignnone\" src=\"https:\/\/hovawartzucht.de\/wp-content\/uploads\/2016\/04\/20190511_1433221-e1557749190895-300x272.jpg\" alt=\"\" width=\"300\" height=\"272\" srcset=\"https:\/\/hovawartzucht.de\/wp-content\/uploads\/2016\/04\/20190511_1433221-e1557749190895-300x272.jpg 300w, https:\/\/hovawartzucht.de\/wp-content\/uploads\/2016\/04\/20190511_1433221-e1557749190895-768x696.jpg 768w, https:\/\/hovawartzucht.de\/wp-content\/uploads\/2016\/04\/20190511_1433221-e1557749190895-1024x927.jpg 1024w, https:\/\/hovawartzucht.de\/wp-content\/uploads\/2016\/04\/20190511_1433221-e1557749190895-331x300.jpg 331w\" sizes=\"auto, (max-width: 300px) 100vw, 300px\" \/><\/a><\/p>\n<p><a href=\"https:\/\/hovawartzucht.de\/wp-content\/uploads\/2023\/09\/IMG-20230910-WA0016.jpg\"><img loading=\"lazy\" decoding=\"async\" class=\"size-medium wp-image-6732 alignnone\" src=\"https:\/\/hovawartzucht.de\/wp-content\/uploads\/2023\/09\/IMG-20230910-WA0016-225x300.jpg\" alt=\"\" width=\"225\" height=\"300\" srcset=\"https:\/\/hovawartzucht.de\/wp-content\/uploads\/2023\/09\/IMG-20230910-WA0016-225x300.jpg 225w, https:\/\/hovawartzucht.de\/wp-content\/uploads\/2023\/09\/IMG-20230910-WA0016-768x1024.jpg 768w, https:\/\/hovawartzucht.de\/wp-content\/uploads\/2023\/09\/IMG-20230910-WA0016-1152x1536.jpg 1152w, https:\/\/hovawartzucht.de\/wp-content\/uploads\/2023\/09\/IMG-20230910-WA0016.jpg 1536w\" sizes=\"auto, (max-width: 225px) 100vw, 225px\" \/><\/a><\/p>\n<hr \/>\n<p><strong>JACKSON<\/strong>, R\u00fcde schwarzmarken, NZB,\u00a0HD-A2<br \/>\n<img loading=\"lazy\" decoding=\"async\" src=\"https:\/\/hovawartzucht.de\/wp-content\/uploads\/2017\/08\/IMG_05721-e1511460615830-150x150.jpg\" alt=\"IMG_0572[1]\" width=\"150\" height=\"150\" \/>\u00a0<a href=\"https:\/\/hovawartzucht.de\/wp-content\/uploads\/2017\/08\/IMG_13831.jpg\"><img loading=\"lazy\" decoding=\"async\" src=\"https:\/\/hovawartzucht.de\/wp-content\/uploads\/2017\/08\/IMG_13831-150x150.jpg\" alt=\"IMG_1383[1]\" width=\"150\" height=\"150\" \/>\u00a0<\/a><\/p>\n<hr \/>\n<p><strong>JAMES <\/strong>&#8222;Jaymie&#8220; R\u00fcde schwarzmarken (Export NL)<br \/>\nBH, Obedience 1,<br \/>\nNZB (D\/RZV), HD A1, DM N\/N, Deckr\u00fcde<br \/>\nSchilddr\u00fcse o.B., Lokus D\/D<br \/>\n<strong>NL Jugendchampion, NL-Champion, CH-Ausstellungs-Champion<br \/>\n<\/strong><strong>Lux-Champion, Belgischer Champion, Intern. Sch\u00f6nheitschampion<br \/>\n<span style=\"color: #339966;\">&#8211; <em>8 Welpen (4 H\u00fc\/4 R\u00fc) im Kennel F\u00e9nyes-K\u00f6vi, Ungarn<br \/>\n&#8211; geplanter Wurf van der Romerweide<\/em><\/span><\/strong><\/p>\n<p><a href=\"https:\/\/hovawartzucht.de\/?page_id=4455\"><span style=\"color: #339966;\"><em><strong>Deckr\u00fcde in den Niederlanden &#8211; zur Beschreibung hier klicken<\/strong><\/em><\/span><\/a><br \/>\n<a href=\"https:\/\/hovawartzucht.de\/wp-content\/uploads\/2016\/04\/IMG-20180908-WA00191.jpg\"><img loading=\"lazy\" decoding=\"async\" class=\" wp-image-1787\" src=\"https:\/\/hovawartzucht.de\/wp-content\/uploads\/2016\/04\/IMG-20180908-WA00191-300x300.jpg\" alt=\"IMG-20180908-WA0019[1]\" width=\"253\" height=\"253\" srcset=\"https:\/\/hovawartzucht.de\/wp-content\/uploads\/2016\/04\/IMG-20180908-WA00191-300x300.jpg 300w, https:\/\/hovawartzucht.de\/wp-content\/uploads\/2016\/04\/IMG-20180908-WA00191-150x150.jpg 150w, https:\/\/hovawartzucht.de\/wp-content\/uploads\/2016\/04\/IMG-20180908-WA00191.jpg 900w\" sizes=\"auto, (max-width: 253px) 100vw, 253px\" \/> <\/a><a href=\"https:\/\/hovawartzucht.de\/wp-content\/uploads\/2016\/04\/IMG-20180908-WA00191.jpg\"><img loading=\"lazy\" decoding=\"async\" class=\"wp-image-2764 alignnone\" src=\"https:\/\/hovawartzucht.de\/wp-content\/uploads\/2019\/10\/IMG_8870-e1576580006223-273x300.jpg\" alt=\"\" width=\"231\" height=\"252\" \/><\/a><\/p>\n<hr \/>\n<p><strong>JOE, <\/strong>R\u00fcde schwarz,<br \/>\nBegleithundepr\u00fcfung, IBGH1, NZB, HD-A2<br \/>\n<a href=\"https:\/\/hovawartzucht.de\/wp-content\/uploads\/2016\/04\/IMG_12611-e1511458559245.jpg\"><img loading=\"lazy\" decoding=\"async\" class=\"alignnone wp-image-1516 \" src=\"https:\/\/hovawartzucht.de\/wp-content\/uploads\/2016\/04\/IMG_12611-e1511458559245-230x300.jpg\" alt=\"IMG_1261[1]\" width=\"181\" height=\"233\" \/> <\/a><a href=\"https:\/\/hovawartzucht.de\/wp-content\/uploads\/2022\/04\/IMG-20220403-WA0072.jpg\"><img loading=\"lazy\" decoding=\"async\" class=\"size-medium wp-image-5315 alignnone\" src=\"https:\/\/hovawartzucht.de\/wp-content\/uploads\/2022\/04\/IMG-20220403-WA0072-300x161.jpg\" alt=\"\" width=\"300\" height=\"161\" srcset=\"https:\/\/hovawartzucht.de\/wp-content\/uploads\/2022\/04\/IMG-20220403-WA0072-300x161.jpg 300w, https:\/\/hovawartzucht.de\/wp-content\/uploads\/2022\/04\/IMG-20220403-WA0072-1024x549.jpg 1024w, https:\/\/hovawartzucht.de\/wp-content\/uploads\/2022\/04\/IMG-20220403-WA0072-768x411.jpg 768w, https:\/\/hovawartzucht.de\/wp-content\/uploads\/2022\/04\/IMG-20220403-WA0072-1536x823.jpg 1536w, https:\/\/hovawartzucht.de\/wp-content\/uploads\/2022\/04\/IMG-20220403-WA0072-500x268.jpg 500w, https:\/\/hovawartzucht.de\/wp-content\/uploads\/2022\/04\/IMG-20220403-WA0072.jpg 1792w\" sizes=\"auto, (max-width: 300px) 100vw, 300px\" \/><\/a><br \/>\nJoe wird von Vanessa bei den Hundefreunden in TBB ausgebildet.<\/p>\n<hr \/>\n<p><strong>JONNY &#8222;Kumpel&#8220;,\u00a0<\/strong>R\u00fcde schwarzmarken (Exp. Belgien)<br \/>\nNZB (D), JB (Belgien), Klubsiegerschau, Belgien: sehr gut, HD-A<br \/>\n<img loading=\"lazy\" decoding=\"async\" class=\"wp-image-2161 size-medium alignnone\" src=\"https:\/\/hovawartzucht.de\/wp-content\/uploads\/2019\/04\/received_4319975240171401-225x300.jpeg\" alt=\"\" width=\"225\" height=\"300\" srcset=\"https:\/\/hovawartzucht.de\/wp-content\/uploads\/2019\/04\/received_4319975240171401-225x300.jpeg 225w, https:\/\/hovawartzucht.de\/wp-content\/uploads\/2019\/04\/received_4319975240171401-768x1024.jpeg 768w, https:\/\/hovawartzucht.de\/wp-content\/uploads\/2019\/04\/received_4319975240171401.jpeg 1170w\" sizes=\"auto, (max-width: 225px) 100vw, 225px\" \/><\/p>\n<hr \/>\n<p><strong>JUMA, <\/strong>R\u00fcde blond (Export Luxembourg), NZB (D\/RZV), JB (D\/RZV), DM N\/N, HD-A2,<br \/>\nBegleithundepr\u00fcfung<br \/>\nAusstellung:<strong> Vorz\u00fcglich 1, CACL, CACIB, Luxembourg-Champion<br \/>\n<a href=\"https:\/\/hovawartzucht.de\/wp-content\/uploads\/2017\/08\/IMG_00291-e1511459411935.jpg\"><br \/>\n<\/a><a href=\"https:\/\/hovawartzucht.de\/wp-content\/uploads\/2017\/08\/IMG_00531-e1511459580790.jpg\"><img loading=\"lazy\" decoding=\"async\" class=\"alignnone wp-image-1524 size-thumbnail\" src=\"https:\/\/hovawartzucht.de\/wp-content\/uploads\/2017\/08\/IMG_00531-e1511459580790-150x150.jpg\" alt=\"IMG_0053[1]\" width=\"150\" height=\"150\" \/><\/a> \u00a0<a href=\"https:\/\/hovawartzucht.de\/wp-content\/uploads\/2017\/08\/IMG_00581-e1511459857988.jpg\"><img loading=\"lazy\" decoding=\"async\" class=\"alignnone wp-image-1525 size-thumbnail\" src=\"https:\/\/hovawartzucht.de\/wp-content\/uploads\/2017\/08\/IMG_00581-e1511459857988-150x150.jpg\" alt=\"IMG_0058[1]\" width=\"150\" height=\"150\" \/> \u00a0<\/a><img loading=\"lazy\" decoding=\"async\" class=\"alignnone wp-image-1530 size-thumbnail\" src=\"https:\/\/hovawartzucht.de\/wp-content\/uploads\/2017\/08\/IMG_03161-e1511460763218-150x150.jpg\" alt=\"IMG_0316[1]\" width=\"150\" height=\"150\" \/><\/strong><\/p>\n<p><img loading=\"lazy\" decoding=\"async\" class=\"wp-image-2668 size-medium alignnone\" src=\"https:\/\/hovawartzucht.de\/wp-content\/uploads\/2019\/09\/Juma_Lux-e1568043292884-300x231.jpg\" alt=\"\" width=\"300\" height=\"231\" srcset=\"https:\/\/hovawartzucht.de\/wp-content\/uploads\/2019\/09\/Juma_Lux-e1568043292884-300x231.jpg 300w, https:\/\/hovawartzucht.de\/wp-content\/uploads\/2019\/09\/Juma_Lux-e1568043292884-768x591.jpg 768w, https:\/\/hovawartzucht.de\/wp-content\/uploads\/2019\/09\/Juma_Lux-e1568043292884-390x300.jpg 390w, https:\/\/hovawartzucht.de\/wp-content\/uploads\/2019\/09\/Juma_Lux-e1568043292884.jpg 862w\" sizes=\"auto, (max-width: 300px) 100vw, 300px\" \/><br \/>\nJuma`s Familie ist schon lange bestrebt, den h\u00fcbschen Blonden nun auch zur strengen ZTP beim RZV in Deutschland vorzustellen. Bisher war das pandemiebedingt\/famili\u00e4ren Gr\u00fcnden leider nicht m\u00f6glich. Nun steht er wieder in den Startl\u00f6chern und wir sind gespannt.<\/p>\n<hr \/>\n<p><strong>JUSTIN &#8222;Joey&#8220;\u00a0<\/strong>R\u00fcde blond (Exp. \u00d6sterreich)<br \/>\n<a href=\"https:\/\/hovawartzucht.de\/wp-content\/uploads\/2017\/08\/IMG_09041-e1511461178554.jpg\"><img loading=\"lazy\" decoding=\"async\" class=\"alignnone wp-image-1533 \" src=\"https:\/\/hovawartzucht.de\/wp-content\/uploads\/2017\/08\/IMG_09041-e1511461178554-150x150.jpg\" alt=\"IMG_0904[1]\" width=\"258\" height=\"258\" \/><\/a><br \/>\nAktuelle Bilder von Justin folgen!<\/p>\n<hr \/>\n<p>Erstwurfabnahme, Zwischenwurfabnahme (10.10.) und Endabnahme mit sch\u00f6nem Lob hinter uns gebracht!<\/p>\n<hr \/>\n","protected":false},"excerpt":{"rendered":"<p>J-Wurf 7. 9.2017 ARNIE\u00a0\u010cerchovsk\u00e9 hvozdy,\u00a0schwarzmarken BH, FH1, FPR1-3, UPR1-3, RH FA, RH FE, ZPS1, ZZZ, ZZO1-2, ZM, Frei von erbl. Augenerkrankung, HD-A, DM N\/N 1. Platz CZ-Meisterschaft (ZPU-S) 2015 Ausstellung: Champion CZ, CZ Clubsieger 2018<\/p>\n","protected":false},"author":1,"featured_media":0,"parent":0,"menu_order":0,"comment_status":"closed","ping_status":"closed","template":"","meta":{"footnotes":""},"class_list":["post-1300","page","type-page","status-publish","hentry"],"_links":{"self":[{"href":"https:\/\/hovawartzucht.de\/index.php?rest_route=\/wp\/v2\/pages\/1300","targetHints":{"allow":["GET"]}}],"collection":[{"href":"https:\/\/hovawartzucht.de\/index.php?rest_route=\/wp\/v2\/pages"}],"about":[{"href":"https:\/\/hovawartzucht.de\/index.php?rest_route=\/wp\/v2\/types\/page"}],"author":[{"embeddable":true,"href":"https:\/\/hovawartzucht.de\/index.php?rest_route=\/wp\/v2\/users\/1"}],"replies":[{"embeddable":true,"href":"https:\/\/hovawartzucht.de\/index.php?rest_route=%2Fwp%2Fv2%2Fcomments&post=1300"}],"version-history":[{"count":100,"href":"https:\/\/hovawartzucht.de\/index.php?rest_route=\/wp\/v2\/pages\/1300\/revisions"}],"predecessor-version":[{"id":8313,"href":"https:\/\/hovawartzucht.de\/index.php?rest_route=\/wp\/v2\/pages\/1300\/revisions\/8313"}],"wp:attachment":[{"href":"https:\/\/hovawartzucht.de\/index.php?rest_route=%2Fwp%2Fv2%2Fmedia&parent=1300"}],"curies":[{"name":"wp","href":"https:\/\/api.w.org\/{rel}","templated":true}]}}