{"id":123,"date":"2016-04-28T15:56:49","date_gmt":"2016-04-28T15:56:49","guid":{"rendered":"http:\/\/hovawartzucht.de\/?page_id=123"},"modified":"2017-05-15T06:20:18","modified_gmt":"2017-05-15T06:20:18","slug":"c-wurf","status":"publish","type":"page","link":"https:\/\/hovawartzucht.de\/?page_id=123","title":{"rendered":"C-Wurf"},"content":{"rendered":"<p><strong>Iaron aus dem Emsland x Amica vom Schlumberland<\/strong><\/p>\n<p><strong>Carleon<\/strong>, R\u00fcde, schwarz<\/p>\n<p><strong>Cassio<\/strong>, R\u00fcde, sm<\/p>\n<p><strong>Cenzo<\/strong>, R\u00fcde, sm<br \/>\n(Export \u00d6sterreich)<\/p>\n<p><strong>Colani<\/strong>, R\u00fcde, sm, NZB, HD Frei A1<br \/>\n<a href=\"https:\/\/hovawartzucht.de\/wp-content\/uploads\/2016\/04\/IMG_73241.jpg\"><img loading=\"lazy\" decoding=\"async\" class=\"alignnone size-medium wp-image-1128\" src=\"https:\/\/hovawartzucht.de\/wp-content\/uploads\/2016\/04\/IMG_73241-225x300.jpg\" alt=\"IMG_7324[1]\" width=\"225\" height=\"300\" srcset=\"https:\/\/hovawartzucht.de\/wp-content\/uploads\/2016\/04\/IMG_73241-225x300.jpg 225w, https:\/\/hovawartzucht.de\/wp-content\/uploads\/2016\/04\/IMG_73241-768x1024.jpg 768w, https:\/\/hovawartzucht.de\/wp-content\/uploads\/2016\/04\/IMG_73241.jpg 780w\" sizes=\"auto, (max-width: 225px) 100vw, 225px\" \/><\/a><\/p>\n<p><strong>Cody<\/strong>, R\u00fcde, sm<br \/>\nNZB<\/p>\n<p><strong>Cooper<\/strong>, R\u00fcde, sm<br \/>\n(Export Niederlande)<\/p>\n<p><strong>Corrado<\/strong>, R\u00fcde, sm,\u00a0NZB, JB, HD C<br \/>\n<a href=\"https:\/\/hovawartzucht.de\/wp-content\/uploads\/2016\/04\/IMG_6335.jpg\"><img loading=\"lazy\" decoding=\"async\" class=\"alignnone size-medium wp-image-1115\" src=\"https:\/\/hovawartzucht.de\/wp-content\/uploads\/2016\/04\/IMG_6335-300x169.jpg\" alt=\"IMG_6335\" width=\"300\" height=\"169\" srcset=\"https:\/\/hovawartzucht.de\/wp-content\/uploads\/2016\/04\/IMG_6335-300x169.jpg 300w, https:\/\/hovawartzucht.de\/wp-content\/uploads\/2016\/04\/IMG_6335-1024x576.jpg 1024w, https:\/\/hovawartzucht.de\/wp-content\/uploads\/2016\/04\/IMG_6335-500x281.jpg 500w, https:\/\/hovawartzucht.de\/wp-content\/uploads\/2016\/04\/IMG_6335.jpg 1280w\" sizes=\"auto, (max-width: 300px) 100vw, 300px\" \/><\/a><\/p>\n<p><strong>Cubana<\/strong>, H\u00fcndin, schwarz<\/p>\n<p><strong>Casha<\/strong>, H\u00fcndin, sm<br \/>\nNZB<\/p>\n","protected":false},"excerpt":{"rendered":"<p>Iaron aus dem Emsland x Amica vom Schlumberland Carleon, R\u00fcde, schwarz Cassio, R\u00fcde, sm Cenzo, R\u00fcde, sm (Export \u00d6sterreich) Colani, R\u00fcde, sm, NZB, HD Frei A1 Cody, R\u00fcde, sm NZB Cooper, R\u00fcde, sm (Export Niederlande) Corrado, R\u00fcde, sm,\u00a0NZB, JB, HD &hellip; <a href=\"https:\/\/hovawartzucht.de\/?page_id=123\">Weiterlesen <span class=\"meta-nav\">&rarr;<\/span><\/a><\/p>\n","protected":false},"author":1,"featured_media":0,"parent":0,"menu_order":0,"comment_status":"closed","ping_status":"closed","template":"sidebar-page.php","meta":{"footnotes":""},"class_list":["post-123","page","type-page","status-publish","hentry"],"_links":{"self":[{"href":"https:\/\/hovawartzucht.de\/index.php?rest_route=\/wp\/v2\/pages\/123","targetHints":{"allow":["GET"]}}],"collection":[{"href":"https:\/\/hovawartzucht.de\/index.php?rest_route=\/wp\/v2\/pages"}],"about":[{"href":"https:\/\/hovawartzucht.de\/index.php?rest_route=\/wp\/v2\/types\/page"}],"author":[{"embeddable":true,"href":"https:\/\/hovawartzucht.de\/index.php?rest_route=\/wp\/v2\/users\/1"}],"replies":[{"embeddable":true,"href":"https:\/\/hovawartzucht.de\/index.php?rest_route=%2Fwp%2Fv2%2Fcomments&post=123"}],"version-history":[{"count":11,"href":"https:\/\/hovawartzucht.de\/index.php?rest_route=\/wp\/v2\/pages\/123\/revisions"}],"predecessor-version":[{"id":1129,"href":"https:\/\/hovawartzucht.de\/index.php?rest_route=\/wp\/v2\/pages\/123\/revisions\/1129"}],"wp:attachment":[{"href":"https:\/\/hovawartzucht.de\/index.php?rest_route=%2Fwp%2Fv2%2Fmedia&parent=123"}],"curies":[{"name":"wp","href":"https:\/\/api.w.org\/{rel}","templated":true}]}}